{"id":1298,"date":"2021-05-04T17:33:36","date_gmt":"2021-05-04T15:33:36","guid":{"rendered":"https:\/\/degam-kongress.de\/2021\/?page_id=1298"},"modified":"2021-05-05T09:01:10","modified_gmt":"2021-05-05T07:01:10","slug":"orgelkonzert","status":"publish","type":"page","link":"https:\/\/degam-kongress.de\/2021\/programm\/orgelkonzert\/","title":{"rendered":"Orgelkonzert"},"content":{"rendered":"\t\t<div data-elementor-type=\"wp-page\" data-elementor-id=\"1298\" class=\"elementor elementor-1298\" data-elementor-post-type=\"page\">\n\t\t\t\t\t\t<section class=\"elementor-section elementor-top-section elementor-element elementor-element-e583c48 elementor-section-boxed ang-section-padding-initial elementor-section-height-default elementor-section-height-default elementor-repeater-item-none elementor-repeater-item-none_hover\" data-id=\"e583c48\" data-element_type=\"section\">\n\t\t\t\t\t\t<div class=\"elementor-container elementor-column-gap-default\">\n\t\t\t\t\t<div class=\"elementor-column elementor-col-100 elementor-top-column elementor-element elementor-element-8e0282d elementor-repeater-item-none elementor-repeater-item-none_hover\" data-id=\"8e0282d\" data-element_type=\"column\">\n\t\t\t<div class=\"elementor-widget-wrap elementor-element-populated\">\n\t\t\t\t\t\t<div class=\"elementor-element elementor-element-c01aa7e trenner elementor-widget-divider--view-line elementor-repeater-item-none elementor-repeater-item-none_hover elementor-widget elementor-widget-global elementor-global-391 elementor-widget-divider\" data-id=\"c01aa7e\" data-element_type=\"widget\" data-widget_type=\"divider.default\">\n\t\t\t\t<div class=\"elementor-widget-container\">\n\t\t\t\t\t\t\t<div class=\"elementor-divider\">\n\t\t\t<span class=\"elementor-divider-separator\">\n\t\t\t\t\t\t<\/span>\n\t\t<\/div>\n\t\t\t\t\t\t<\/div>\n\t\t\t\t<\/div>\n\t\t\t\t<div class=\"elementor-element elementor-element-b6ba0b2 elementor-repeater-item-none elementor-repeater-item-none_hover elementor-widget elementor-widget-text-editor\" data-id=\"b6ba0b2\" data-element_type=\"widget\" data-widget_type=\"text-editor.default\">\n\t\t\t\t<div class=\"elementor-widget-container\">\n\t\t\t\t\t\t\t\t\t<p>Die Marienkirche zu L\u00fcbeck ist seit ihrem Bau im Jahre 1250 die zentrale Stadtkirche auf der Altstadtinsel L\u00fcbecks.<\/p>\n<p>\u00dcber viele Jahrhunderte war sie auch Zentrum f\u00fcr die st\u00e4dtische Musikpflege und der Ort f\u00fcr repr\u00e4sentative Instrumente und Orgelmusik in Gottesdienst und Konzert. Hier entstand die \u00e4lteste Konzertreihe der Welt: die L\u00fcbecker Abendmusiken.<\/p>\n<p><b>Wir laden Sie ein zu einem Orgelkonzert am Mittwoch 15.September um 12 Uhr (ca. 45 Minuten)<\/b>. <br><\/p><p>Es wird gestaltet von DEGAM-Pr\u00e4sident Martin Scherer (Orgel), Thomas K\u00f6tter (stellv. Sprecher der DEGAM-Leitlinienkommission; Trompete) und Marienorganist Johannes Unger.<\/p>\n<p>Es erklingen Werke von H\u00e4ndel, Purcell, Bach, Mozart und G. Merkel.<\/p>\n<p>Der Eintritt ist frei, um eine Spende f\u00fcr die Kirchenmusik wird gebeten.<\/p>\n<div><br><\/div>\t\t\t\t\t\t\t\t<\/div>\n\t\t\t\t<\/div>\n\t\t\t\t<section class=\"elementor-section elementor-inner-section elementor-element elementor-element-34c7d1e elementor-section-boxed ang-section-padding-initial elementor-section-height-default elementor-section-height-default elementor-repeater-item-none elementor-repeater-item-none_hover\" data-id=\"34c7d1e\" data-element_type=\"section\">\n\t\t\t\t\t\t<div class=\"elementor-container elementor-column-gap-default\">\n\t\t\t\t\t<div class=\"elementor-column elementor-col-50 elementor-inner-column elementor-element elementor-element-d950906 elementor-repeater-item-none elementor-repeater-item-none_hover\" data-id=\"d950906\" data-element_type=\"column\">\n\t\t\t<div class=\"elementor-widget-wrap elementor-element-populated\">\n\t\t\t\t\t\t<div class=\"elementor-element elementor-element-2e4a3b7 elementor-repeater-item-none elementor-repeater-item-none_hover elementor-widget elementor-widget-text-editor\" data-id=\"2e4a3b7\" data-element_type=\"widget\" data-widget_type=\"text-editor.default\">\n\t\t\t\t<div class=\"elementor-widget-container\">\n\t\t\t\t\t\t\t\t\t<p>St. Marien zu L\u00fcbeck <br \/>Marienkirchhof 2-3<br \/>23552 L\u00fcbeck<br \/><a href=\"https:\/\/st-marien-luebeck.de\/\" target=\"_blank\" rel=\"noopener nofollow\">www.st-marien-luebeck.de<\/a><\/p>\t\t\t\t\t\t\t\t<\/div>\n\t\t\t\t<\/div>\n\t\t\t\t\t<\/div>\n\t\t<\/div>\n\t\t\t\t<div class=\"elementor-column elementor-col-50 elementor-inner-column elementor-element elementor-element-9de1e25 elementor-repeater-item-none elementor-repeater-item-none_hover\" data-id=\"9de1e25\" data-element_type=\"column\">\n\t\t\t<div class=\"elementor-widget-wrap elementor-element-populated\">\n\t\t\t\t\t\t<div class=\"elementor-element elementor-element-76cdf77 elementor-arrows-position-inside elementor-repeater-item-none elementor-repeater-item-none_hover elementor-widget elementor-widget-image-carousel\" data-id=\"76cdf77\" data-element_type=\"widget\" data-settings=\"{&quot;slides_to_show&quot;:&quot;1&quot;,&quot;navigation&quot;:&quot;arrows&quot;,&quot;autoplay&quot;:&quot;yes&quot;,&quot;pause_on_hover&quot;:&quot;yes&quot;,&quot;pause_on_interaction&quot;:&quot;yes&quot;,&quot;autoplay_speed&quot;:5000,&quot;infinite&quot;:&quot;yes&quot;,&quot;effect&quot;:&quot;slide&quot;,&quot;speed&quot;:500}\" data-widget_type=\"image-carousel.default\">\n\t\t\t\t<div class=\"elementor-widget-container\">\n\t\t\t\t\t\t\t<div class=\"elementor-image-carousel-wrapper swiper\" role=\"region\" aria-roledescription=\"carousel\" aria-label=\"Bilderkarussell\" dir=\"ltr\">\n\t\t\t<div class=\"elementor-image-carousel swiper-wrapper swiper-image-stretch\" aria-live=\"off\">\n\t\t\t\t\t\t\t\t<div class=\"swiper-slide\" role=\"group\" aria-roledescription=\"slide\" aria-label=\"1 von 2\"><figure class=\"swiper-slide-inner\"><img decoding=\"async\" class=\"swiper-slide-image\" src=\"https:\/\/degam-kongress.de\/2021\/wp-content\/uploads\/orgel1.jpg\" alt=\"\u00a9St. Marien zu L\u00fcbeck\" \/><figcaption class=\"elementor-image-carousel-caption\">\u00a9St. Marien zu L\u00fcbeck<\/figcaption><\/figure><\/div><div class=\"swiper-slide\" role=\"group\" aria-roledescription=\"slide\" aria-label=\"2 von 2\"><figure class=\"swiper-slide-inner\"><img decoding=\"async\" class=\"swiper-slide-image\" src=\"https:\/\/degam-kongress.de\/2021\/wp-content\/uploads\/orgel2.jpg\" alt=\"\u00a9St. Marien zu L\u00fcbeck\" \/><figcaption class=\"elementor-image-carousel-caption\">\u00a9St. Marien zu L\u00fcbeck<\/figcaption><\/figure><\/div>\t\t\t<\/div>\n\t\t\t\t\t\t\t\t\t\t\t\t<div class=\"elementor-swiper-button elementor-swiper-button-prev\" role=\"button\" tabindex=\"0\">\n\t\t\t\t\t\t<i aria-hidden=\"true\" class=\"eicon-chevron-left\"><\/i>\t\t\t\t\t<\/div>\n\t\t\t\t\t<div class=\"elementor-swiper-button elementor-swiper-button-next\" role=\"button\" tabindex=\"0\">\n\t\t\t\t\t\t<i aria-hidden=\"true\" class=\"eicon-chevron-right\"><\/i>\t\t\t\t\t<\/div>\n\t\t\t\t\n\t\t\t\t\t\t\t\t\t<\/div>\n\t\t\t\t\t\t<\/div>\n\t\t\t\t<\/div>\n\t\t\t\t\t<\/div>\n\t\t<\/div>\n\t\t\t\t\t<\/div>\n\t\t<\/section>\n\t\t\t\t\t<\/div>\n\t\t<\/div>\n\t\t\t\t\t<\/div>\n\t\t<\/section>\n\t\t\t\t<\/div>\n\t\t","protected":false},"excerpt":{"rendered":"<p>Die Marienkirche zu L\u00fcbeck ist seit ihrem Bau im Jahre 1250 die zentrale Stadtkirche auf der Altstadtinsel L\u00fcbecks. \u00dcber viele Jahrhunderte war sie auch Zentrum f\u00fcr die st\u00e4dtische Musikpflege und der Ort f\u00fcr repr\u00e4sentative Instrumente und Orgelmusik in Gottesdienst und Konzert. Hier entstand die \u00e4lteste Konzertreihe der Welt: die L\u00fcbecker Abendmusiken. Wir laden Sie ein [&hellip;]<\/p>\n","protected":false},"author":5,"featured_media":0,"parent":1162,"menu_order":2,"comment_status":"closed","ping_status":"closed","template":"","meta":{"_acf_changed":false,"footnotes":""},"class_list":["post-1298","page","type-page","status-publish","hentry"],"acf":[],"_links":{"self":[{"href":"https:\/\/degam-kongress.de\/2021\/wp-json\/wp\/v2\/pages\/1298","targetHints":{"allow":["GET"]}}],"collection":[{"href":"https:\/\/degam-kongress.de\/2021\/wp-json\/wp\/v2\/pages"}],"about":[{"href":"https:\/\/degam-kongress.de\/2021\/wp-json\/wp\/v2\/types\/page"}],"author":[{"embeddable":true,"href":"https:\/\/degam-kongress.de\/2021\/wp-json\/wp\/v2\/users\/5"}],"replies":[{"embeddable":true,"href":"https:\/\/degam-kongress.de\/2021\/wp-json\/wp\/v2\/comments?post=1298"}],"version-history":[{"count":28,"href":"https:\/\/degam-kongress.de\/2021\/wp-json\/wp\/v2\/pages\/1298\/revisions"}],"predecessor-version":[{"id":1333,"href":"https:\/\/degam-kongress.de\/2021\/wp-json\/wp\/v2\/pages\/1298\/revisions\/1333"}],"up":[{"embeddable":true,"href":"https:\/\/degam-kongress.de\/2021\/wp-json\/wp\/v2\/pages\/1162"}],"wp:attachment":[{"href":"https:\/\/degam-kongress.de\/2021\/wp-json\/wp\/v2\/media?parent=1298"}],"curies":[{"name":"wp","href":"https:\/\/api.w.org\/{rel}","templated":true}]}}