{"id":1665,"date":"2021-09-07T15:37:25","date_gmt":"2021-09-07T13:37:25","guid":{"rendered":"https:\/\/degam-kongress.de\/2021\/?page_id=1665"},"modified":"2021-09-14T17:03:54","modified_gmt":"2021-09-14T15:03:54","slug":"hygiene-verhaltensregeln","status":"publish","type":"page","link":"https:\/\/degam-kongress.de\/2021\/tagungsort\/hygiene-verhaltensregeln\/","title":{"rendered":"Hygiene &#038; Verhaltensregeln"},"content":{"rendered":"\t\t<div data-elementor-type=\"wp-page\" data-elementor-id=\"1665\" class=\"elementor elementor-1665\" data-elementor-post-type=\"page\">\n\t\t\t\t\t\t<section class=\"elementor-section elementor-top-section elementor-element elementor-element-e583c48 elementor-section-boxed ang-section-padding-initial elementor-section-height-default elementor-section-height-default elementor-repeater-item-none elementor-repeater-item-none_hover\" data-id=\"e583c48\" data-element_type=\"section\">\n\t\t\t\t\t\t<div class=\"elementor-container elementor-column-gap-default\">\n\t\t\t\t\t<div class=\"elementor-column elementor-col-100 elementor-top-column elementor-element elementor-element-8e0282d elementor-repeater-item-none elementor-repeater-item-none_hover\" data-id=\"8e0282d\" data-element_type=\"column\">\n\t\t\t<div class=\"elementor-widget-wrap elementor-element-populated\">\n\t\t\t\t\t\t<div class=\"elementor-element elementor-element-c01aa7e trenner elementor-widget-divider--view-line elementor-repeater-item-none elementor-repeater-item-none_hover elementor-widget elementor-widget-global elementor-global-391 elementor-widget-divider\" data-id=\"c01aa7e\" data-element_type=\"widget\" data-widget_type=\"divider.default\">\n\t\t\t\t<div class=\"elementor-widget-container\">\n\t\t\t\t\t\t\t<div class=\"elementor-divider\">\n\t\t\t<span class=\"elementor-divider-separator\">\n\t\t\t\t\t\t<\/span>\n\t\t<\/div>\n\t\t\t\t\t\t<\/div>\n\t\t\t\t<\/div>\n\t\t\t\t\t<\/div>\n\t\t<\/div>\n\t\t\t\t\t<\/div>\n\t\t<\/section>\n\t\t\t\t<section class=\"elementor-section elementor-top-section elementor-element elementor-element-b9594ac elementor-section-boxed ang-section-padding-initial elementor-section-height-default elementor-section-height-default elementor-repeater-item-none elementor-repeater-item-none_hover\" data-id=\"b9594ac\" data-element_type=\"section\" data-settings=\"{&quot;background_background&quot;:&quot;classic&quot;}\">\n\t\t\t\t\t\t<div class=\"elementor-container elementor-column-gap-default\">\n\t\t\t\t\t<div class=\"elementor-column elementor-col-100 elementor-top-column elementor-element elementor-element-42abd31 elementor-repeater-item-none elementor-repeater-item-none_hover\" data-id=\"42abd31\" data-element_type=\"column\" data-settings=\"{&quot;background_background&quot;:&quot;classic&quot;}\">\n\t\t\t<div class=\"elementor-widget-wrap elementor-element-populated\">\n\t\t\t\t\t\t<div class=\"elementor-element elementor-element-23bd644 elementor-repeater-item-none elementor-repeater-item-none_hover elementor-widget elementor-widget-heading\" data-id=\"23bd644\" data-element_type=\"widget\" data-widget_type=\"heading.default\">\n\t\t\t\t<div class=\"elementor-widget-container\">\n\t\t\t\t\t<h2 class=\"elementor-heading-title elementor-size-default\">Hinweis zur Selbstauskunft<\/h2>\t\t\t\t<\/div>\n\t\t\t\t<\/div>\n\t\t\t\t<div class=\"elementor-element elementor-element-0ea5cb1 elementor-repeater-item-none elementor-repeater-item-none_hover elementor-widget elementor-widget-text-editor\" data-id=\"0ea5cb1\" data-element_type=\"widget\" data-widget_type=\"text-editor.default\">\n\t\t\t\t<div class=\"elementor-widget-container\">\n\t\t\t\t\t\t\t\t\t<p><span class=\"markedContent\" id=\"page103R_mcid28\"><span role=\"presentation\" dir=\"ltr\">Wenn Sie innerhalb der <strong>letzten 14 Tage pers\u00f6nlichen Kontakt mit einer Corona-<\/strong><\/span><span role=\"presentation\" dir=\"ltr\"><strong>infizierten Person<\/strong> (best\u00e4tigter COVID-19-Fall) hatten, ben\u00f6tigen Sie an jedem Konferenztag einen <strong>tagesaktuellen Corona-Test<\/strong> um am Kongress teilzunehmen.<br \/><\/span><\/span><\/p>\t\t\t\t\t\t\t\t<\/div>\n\t\t\t\t<\/div>\n\t\t\t\t\t<\/div>\n\t\t<\/div>\n\t\t\t\t\t<\/div>\n\t\t<\/section>\n\t\t\t\t<section class=\"elementor-section elementor-top-section elementor-element elementor-element-5beaed4 elementor-section-boxed ang-section-padding-initial elementor-section-height-default elementor-section-height-default elementor-repeater-item-none elementor-repeater-item-none_hover\" data-id=\"5beaed4\" data-element_type=\"section\">\n\t\t\t\t\t\t<div class=\"elementor-container elementor-column-gap-default\">\n\t\t\t\t\t<div class=\"elementor-column elementor-col-100 elementor-top-column elementor-element elementor-element-e99a7d4 elementor-repeater-item-none elementor-repeater-item-none_hover\" data-id=\"e99a7d4\" data-element_type=\"column\">\n\t\t\t<div class=\"elementor-widget-wrap elementor-element-populated\">\n\t\t\t\t\t\t<div class=\"elementor-element elementor-element-a8482a1 elementor-repeater-item-none elementor-repeater-item-none_hover elementor-widget elementor-widget-text-editor\" data-id=\"a8482a1\" data-element_type=\"widget\" data-widget_type=\"text-editor.default\">\n\t\t\t\t<div class=\"elementor-widget-container\">\n\t\t\t\t\t\t\t\t\t<h2><strong>Die 3 G\u00b4s \u2013 dann geht es ganz einfach!<\/strong><\/h2>\n<p><strong>Getestet*<\/strong><\/p>\n<ul>\n<li>Einen negativen Corona-Test; dies kann entweder ein Antigen-Test (nicht \u00e4lter als 24 Stunden) <b><u>oder<\/u> <\/b>PCR-Test (nicht \u00e4lter als 48 Stunden) sein.<\/li>\n<li>Der Beleg muss von einer offiziellen Stelle kommen.<br><br><\/li>\n<\/ul>\n<p><strong>Geimpft <\/strong>(Vollst\u00e4ndig)<\/p>\n<ul>\n<li>Einen Impfpass mit Ihren 2 Corona-Impfungen, die mindestens 2 Wochen in der Vergangenheit liegen.<br><br><\/li>\n<\/ul>\n<p><strong>Genesen<\/strong><\/p>\n<ul>\n<li>Einen \u00e4rztlichen Nachweis, welcher best\u00e4tigt, dass Sie genesen sind. Dieser Nachweis darf nicht j\u00fcnger als 28 Tage und nicht \u00e4lter als 6 Monate sein.\n<p><strong>&nbsp;<\/strong><\/p>\n<p><strong><\/strong><\/p>\n<\/li>\n<\/ul>\n<div><\/div>\n<div><\/div>\n<p><strong>Mund<\/strong>&#8211; &amp; <strong>Nasenschutz<\/strong><\/p>\n<ul>\n<li>Im gesamten Bereich besteht Maskenpflicht<br><br><\/li>\n<\/ul>\n<p><strong>Mindestabstand<\/strong><\/p>\n<ul>\n<li>Bitte halten Sie den Mindestabstand von 1,50 m ein.<br><br><\/li>\n<\/ul>\n<p>* Auf dem Gel\u00e4nde des UKSH befindet sich im Haus 73 eine Teststation, welche wochentags von 7.00 Uhr bis 16.30 Uhr und am Wochenende von 7.00 Uhr bis 10.30 Uhr f\u00fcr den Publikumsverkehr ge\u00f6ffnet ist.<\/p>\n<p>Alternativ k\u00f6nnen Tests an den Stationen in L\u00fcbeck vorgenommen, z.B. Informationen unter <a href=\"https:\/\/www.coronatest-luebeck.de\/\" target=\"_blank\" rel=\"noopener nofollow\">https:\/\/www.coronatest-luebeck.de\/<\/a><\/p>\t\t\t\t\t\t\t\t<\/div>\n\t\t\t\t<\/div>\n\t\t\t\t<div class=\"elementor-element elementor-element-24dfdf9 elementor-repeater-item-none elementor-repeater-item-none_hover elementor-widget elementor-widget-text-editor\" data-id=\"24dfdf9\" data-element_type=\"widget\" data-widget_type=\"text-editor.default\">\n\t\t\t\t<div class=\"elementor-widget-container\">\n\t\t\t\t\t\t\t\t\t<p><strong>Download<\/strong><\/p><ul><li><a href=\"https:\/\/www.intercom-dresden.de\/_download\/degam2021\/Hygienekonzept_DEGAM.pdf\" target=\"_blank\" rel=\"noopener nofollow\">Hygienekonzept<\/a><\/li><li><a href=\"https:\/\/www.intercom-dresden.de\/_download\/degam2021\/Anlage2_Selbstauskunft.pdf\" target=\"_blank\" rel=\"noopener nofollow\">Selbstauskunft<\/a><\/li><\/ul>\t\t\t\t\t\t\t\t<\/div>\n\t\t\t\t<\/div>\n\t\t\t\t\t<\/div>\n\t\t<\/div>\n\t\t\t\t\t<\/div>\n\t\t<\/section>\n\t\t\t\t<\/div>\n\t\t","protected":false},"excerpt":{"rendered":"<p>Hinweis zur Selbstauskunft Wenn Sie innerhalb der letzten 14 Tage pers\u00f6nlichen Kontakt mit einer Corona-infizierten Person (best\u00e4tigter COVID-19-Fall) hatten, ben\u00f6tigen Sie an jedem Konferenztag einen tagesaktuellen Corona-Test um am Kongress teilzunehmen. Die 3 G\u00b4s \u2013 dann geht es ganz einfach! Getestet* Einen negativen Corona-Test; dies kann entweder ein Antigen-Test (nicht \u00e4lter als 24 Stunden) oder [&hellip;]<\/p>\n","protected":false},"author":5,"featured_media":0,"parent":491,"menu_order":4,"comment_status":"closed","ping_status":"closed","template":"","meta":{"_acf_changed":false,"footnotes":""},"class_list":["post-1665","page","type-page","status-publish","hentry"],"acf":[],"_links":{"self":[{"href":"https:\/\/degam-kongress.de\/2021\/wp-json\/wp\/v2\/pages\/1665","targetHints":{"allow":["GET"]}}],"collection":[{"href":"https:\/\/degam-kongress.de\/2021\/wp-json\/wp\/v2\/pages"}],"about":[{"href":"https:\/\/degam-kongress.de\/2021\/wp-json\/wp\/v2\/types\/page"}],"author":[{"embeddable":true,"href":"https:\/\/degam-kongress.de\/2021\/wp-json\/wp\/v2\/users\/5"}],"replies":[{"embeddable":true,"href":"https:\/\/degam-kongress.de\/2021\/wp-json\/wp\/v2\/comments?post=1665"}],"version-history":[{"count":40,"href":"https:\/\/degam-kongress.de\/2021\/wp-json\/wp\/v2\/pages\/1665\/revisions"}],"predecessor-version":[{"id":1813,"href":"https:\/\/degam-kongress.de\/2021\/wp-json\/wp\/v2\/pages\/1665\/revisions\/1813"}],"up":[{"embeddable":true,"href":"https:\/\/degam-kongress.de\/2021\/wp-json\/wp\/v2\/pages\/491"}],"wp:attachment":[{"href":"https:\/\/degam-kongress.de\/2021\/wp-json\/wp\/v2\/media?parent=1665"}],"curies":[{"name":"wp","href":"https:\/\/api.w.org\/{rel}","templated":true}]}}