{"id":1705,"date":"2021-09-10T17:10:45","date_gmt":"2021-09-10T15:10:45","guid":{"rendered":"https:\/\/degam-kongress.de\/2021\/?page_id=1705"},"modified":"2021-09-13T09:19:42","modified_gmt":"2021-09-13T07:19:42","slug":"information-fuer-die-online-teilnahme","status":"publish","type":"page","link":"https:\/\/degam-kongress.de\/2021\/information-fuer-die-online-teilnahme\/","title":{"rendered":"Information f\u00fcr die Online-Teilnahme"},"content":{"rendered":"\t\t<div data-elementor-type=\"wp-page\" data-elementor-id=\"1705\" class=\"elementor elementor-1705\" data-elementor-post-type=\"page\">\n\t\t\t\t\t\t<section class=\"elementor-section elementor-top-section elementor-element elementor-element-e583c48 elementor-section-boxed ang-section-padding-initial elementor-section-height-default elementor-section-height-default elementor-repeater-item-none elementor-repeater-item-none_hover\" data-id=\"e583c48\" data-element_type=\"section\">\n\t\t\t\t\t\t<div class=\"elementor-container elementor-column-gap-default\">\n\t\t\t\t\t<div class=\"elementor-column elementor-col-100 elementor-top-column elementor-element elementor-element-8e0282d elementor-repeater-item-none elementor-repeater-item-none_hover\" data-id=\"8e0282d\" data-element_type=\"column\">\n\t\t\t<div class=\"elementor-widget-wrap elementor-element-populated\">\n\t\t\t\t\t\t<div class=\"elementor-element elementor-element-c01aa7e trenner elementor-widget-divider--view-line elementor-repeater-item-none elementor-repeater-item-none_hover elementor-widget elementor-widget-global elementor-global-391 elementor-widget-divider\" data-id=\"c01aa7e\" data-element_type=\"widget\" data-widget_type=\"divider.default\">\n\t\t\t\t<div class=\"elementor-widget-container\">\n\t\t\t\t\t\t\t<div class=\"elementor-divider\">\n\t\t\t<span class=\"elementor-divider-separator\">\n\t\t\t\t\t\t<\/span>\n\t\t<\/div>\n\t\t\t\t\t\t<\/div>\n\t\t\t\t<\/div>\n\t\t\t\t\t<\/div>\n\t\t<\/div>\n\t\t\t\t\t<\/div>\n\t\t<\/section>\n\t\t\t\t<section class=\"elementor-section elementor-top-section elementor-element elementor-element-090c0c9 elementor-section-boxed ang-section-padding-initial elementor-section-height-default elementor-section-height-default elementor-repeater-item-none elementor-repeater-item-none_hover\" data-id=\"090c0c9\" data-element_type=\"section\">\n\t\t\t\t\t\t<div class=\"elementor-container elementor-column-gap-default\">\n\t\t\t\t\t<div class=\"elementor-column elementor-col-100 elementor-top-column elementor-element elementor-element-f30354f elementor-repeater-item-none elementor-repeater-item-none_hover\" data-id=\"f30354f\" data-element_type=\"column\">\n\t\t\t<div class=\"elementor-widget-wrap elementor-element-populated\">\n\t\t\t\t\t\t<div class=\"elementor-element elementor-element-54fd2b3 elementor-repeater-item-none elementor-repeater-item-none_hover elementor-widget elementor-widget-text-editor\" data-id=\"54fd2b3\" data-element_type=\"widget\" data-widget_type=\"text-editor.default\">\n\t\t\t\t<div class=\"elementor-widget-container\">\n\t\t\t\t\t\t\t\t\t<p>Die Programmpunkte\/Sessions werden mit der Anwendung <strong>WebEx<\/strong> zur Verf\u00fcgung gestellt.<\/p>\t\t\t\t\t\t\t\t<\/div>\n\t\t\t\t<\/div>\n\t\t\t\t\t<\/div>\n\t\t<\/div>\n\t\t\t\t\t<\/div>\n\t\t<\/section>\n\t\t\t\t<section class=\"elementor-section elementor-top-section elementor-element elementor-element-fd29893 elementor-section-boxed ang-section-padding-initial elementor-section-height-default elementor-section-height-default elementor-repeater-item-none elementor-repeater-item-none_hover\" data-id=\"fd29893\" data-element_type=\"section\">\n\t\t\t\t\t\t<div class=\"elementor-container elementor-column-gap-default\">\n\t\t\t\t\t<div class=\"elementor-column elementor-col-100 elementor-top-column elementor-element elementor-element-5f57a60 elementor-repeater-item-none elementor-repeater-item-none_hover\" data-id=\"5f57a60\" data-element_type=\"column\">\n\t\t\t<div class=\"elementor-widget-wrap elementor-element-populated\">\n\t\t\t\t\t\t<div class=\"elementor-element elementor-element-0c21720 elementor-repeater-item-none elementor-repeater-item-none_hover elementor-widget elementor-widget-heading\" data-id=\"0c21720\" data-element_type=\"widget\" data-widget_type=\"heading.default\">\n\t\t\t\t<div class=\"elementor-widget-container\">\n\t\t\t\t\t<h3 class=\"elementor-heading-title elementor-size-default\">Vorab-Hinweis f\u00fcr Pr\u00e4senzteilnehmende:<\/h3>\t\t\t\t<\/div>\n\t\t\t\t<\/div>\n\t\t\t\t<div class=\"elementor-element elementor-element-a4578f7 elementor-repeater-item-none elementor-repeater-item-none_hover elementor-widget elementor-widget-text-editor\" data-id=\"a4578f7\" data-element_type=\"widget\" data-widget_type=\"text-editor.default\">\n\t\t\t\t<div class=\"elementor-widget-container\">\n\t\t\t\t\t\t\t\t\t<p>Ist eine Session bereits f\u00fcr die Pr\u00e4senzteilnahme ausgebucht, k\u00f6nnen Sie an Vortr\u00e4gen und Symposien auch <strong>online \u00fcber Ihr Endger\u00e4t<\/strong> (Smartphone, Laptop, Tablet) teilnehmen. Workshops finden ausschlie\u00dflich in Pr\u00e4senz statt.<\/p><p>Das W-Lan Passwort von der Universit\u00e4t zu L\u00fcbeck erhalten Sie an der Registrierung.\u00a0<\/p>\t\t\t\t\t\t\t\t<\/div>\n\t\t\t\t<\/div>\n\t\t\t\t<div class=\"elementor-element elementor-element-dead0ab elementor-repeater-item-none elementor-repeater-item-none_hover elementor-widget elementor-widget-spacer\" data-id=\"dead0ab\" data-element_type=\"widget\" data-widget_type=\"spacer.default\">\n\t\t\t\t<div class=\"elementor-widget-container\">\n\t\t\t\t\t\t\t<div class=\"elementor-spacer\">\n\t\t\t<div class=\"elementor-spacer-inner\"><\/div>\n\t\t<\/div>\n\t\t\t\t\t\t<\/div>\n\t\t\t\t<\/div>\n\t\t\t\t\t<\/div>\n\t\t<\/div>\n\t\t\t\t\t<\/div>\n\t\t<\/section>\n\t\t\t\t<section class=\"elementor-section elementor-top-section elementor-element elementor-element-41a49bd elementor-section-boxed ang-section-padding-initial elementor-section-height-default elementor-section-height-default elementor-repeater-item-none elementor-repeater-item-none_hover\" data-id=\"41a49bd\" data-element_type=\"section\">\n\t\t\t\t\t\t<div class=\"elementor-container elementor-column-gap-default\">\n\t\t\t\t\t<div class=\"elementor-column elementor-col-100 elementor-top-column elementor-element elementor-element-b4beb73 elementor-repeater-item-none elementor-repeater-item-none_hover\" data-id=\"b4beb73\" data-element_type=\"column\">\n\t\t\t<div class=\"elementor-widget-wrap elementor-element-populated\">\n\t\t\t\t\t\t<div class=\"elementor-element elementor-element-60b762a elementor-repeater-item-none elementor-repeater-item-none_hover elementor-widget elementor-widget-heading\" data-id=\"60b762a\" data-element_type=\"widget\" data-widget_type=\"heading.default\">\n\t\t\t\t<div class=\"elementor-widget-container\">\n\t\t\t\t\t<h3 class=\"elementor-heading-title elementor-size-default\">Zugang f\u00fcr die virtuelle Teilnahme:<\/h3>\t\t\t\t<\/div>\n\t\t\t\t<\/div>\n\t\t\t\t<div class=\"elementor-element elementor-element-ce87d1b elementor-repeater-item-none elementor-repeater-item-none_hover elementor-widget elementor-widget-text-editor\" data-id=\"ce87d1b\" data-element_type=\"widget\" data-widget_type=\"text-editor.default\">\n\t\t\t\t<div class=\"elementor-widget-container\">\n\t\t\t\t\t\t\t\t\t<p><strong>Wie melde ich mich an?<\/strong><br \/>Auf Basis Ihrer Registrierung haben wir f\u00fcr Sie ein Konto im Konferenzsystem angelegt. Sie haben dazu eine E-Mail mit weiteren Login-Instruktionen erhalten. Diese E-Mail wurde versendet von <a href=\"mailto:abstract@evenclass.com\">abstract@evenclass.com<\/a>. Bitte pr\u00fcfen Sie Ihren Spam-Ordner.<\/p>\t\t\t\t\t\t\t\t<\/div>\n\t\t\t\t<\/div>\n\t\t\t\t<div class=\"elementor-element elementor-element-14fb57b elementor-repeater-item-none elementor-repeater-item-none_hover elementor-widget elementor-widget-text-editor\" data-id=\"14fb57b\" data-element_type=\"widget\" data-widget_type=\"text-editor.default\">\n\t\t\t\t<div class=\"elementor-widget-container\">\n\t\t\t\t\t\t\t\t\t<p><strong>Was muss ich nach dem Login beachten<\/strong>?<br \/>Nach dem Login gelangen Sie auf die Startseite des Konferenzsystems. Sie k\u00f6nnen im Online-Kongressprogramm (via Men\u00fcleiste links) Ihre gew\u00fcnschte Session w\u00e4hlen.<\/p>\t\t\t\t\t\t\t\t<\/div>\n\t\t\t\t<\/div>\n\t\t\t\t<div class=\"elementor-element elementor-element-573d4c1 elementor-repeater-item-none elementor-repeater-item-none_hover elementor-widget elementor-widget-text-editor\" data-id=\"573d4c1\" data-element_type=\"widget\" data-widget_type=\"text-editor.default\">\n\t\t\t\t<div class=\"elementor-widget-container\">\n\t\t\t\t\t\t\t\t\t<p><strong>Wie verfolge ich eine Live-Sessions?<\/strong><br \/>An Keynotes, Vortragssessions, Symposien, Updates, Aus der Praxis f\u00fcr die Praxis, One Slide Five Minutes, Science Slam k\u00f6nnen Sie online teilnehmen. Um an diesen Sessions teilzunehmen ist f\u00fcr jede Session jeweils ein Link im System hinterlegt, welcher Sie direkt in die Live-Session f\u00fchrt. Sie finden die Schaltfl\u00e4che (Link) \u00a0unterhalb der Beschreibung. Bitte stellen Sie sicher, dass Sie am System angemeldet sind und melden Sie sich in den jeweiligen Live-Sessions mit Ihrem vollen Namen an.<\/p>\t\t\t\t\t\t\t\t<\/div>\n\t\t\t\t<\/div>\n\t\t\t\t\t<\/div>\n\t\t<\/div>\n\t\t\t\t\t<\/div>\n\t\t<\/section>\n\t\t\t\t<section class=\"elementor-section elementor-top-section elementor-element elementor-element-0c835dc elementor-section-boxed ang-section-padding-initial elementor-section-height-default elementor-section-height-default elementor-repeater-item-none elementor-repeater-item-none_hover\" data-id=\"0c835dc\" data-element_type=\"section\">\n\t\t\t\t\t\t<div class=\"elementor-container elementor-column-gap-default\">\n\t\t\t\t\t<div class=\"elementor-column elementor-col-100 elementor-top-column elementor-element elementor-element-7f8d678 elementor-repeater-item-none elementor-repeater-item-none_hover\" data-id=\"7f8d678\" data-element_type=\"column\">\n\t\t\t<div class=\"elementor-widget-wrap elementor-element-populated\">\n\t\t\t\t\t\t<div class=\"elementor-element elementor-element-97c62c6 elementor-repeater-item-none elementor-repeater-item-none_hover elementor-widget elementor-widget-spacer\" data-id=\"97c62c6\" data-element_type=\"widget\" data-widget_type=\"spacer.default\">\n\t\t\t\t<div class=\"elementor-widget-container\">\n\t\t\t\t\t\t\t<div class=\"elementor-spacer\">\n\t\t\t<div class=\"elementor-spacer-inner\"><\/div>\n\t\t<\/div>\n\t\t\t\t\t\t<\/div>\n\t\t\t\t<\/div>\n\t\t\t\t<div class=\"elementor-element elementor-element-5309ba8 elementor-repeater-item-none elementor-repeater-item-none_hover elementor-widget elementor-widget-text-editor\" data-id=\"5309ba8\" data-element_type=\"widget\" data-widget_type=\"text-editor.default\">\n\t\t\t\t<div class=\"elementor-widget-container\">\n\t\t\t\t\t\t\t\t\t<p>Weiterhin k\u00f6nnen Sie am Donnerstag, 16.09.2021, auch online an den AG- und Sektion-Sitzungen teilnehmen.<\/p>\t\t\t\t\t\t\t\t<\/div>\n\t\t\t\t<\/div>\n\t\t\t\t<div class=\"elementor-element elementor-element-14af848 elementor-repeater-item-none elementor-repeater-item-none_hover elementor-widget elementor-widget-text-editor\" data-id=\"14af848\" data-element_type=\"widget\" data-widget_type=\"text-editor.default\">\n\t\t\t\t<div class=\"elementor-widget-container\">\n\t\t\t\t\t\t\t\t\t<p>Sie gelangen <u><a href=\"https:\/\/degam-kongress.de\/2021\/wp-content\/uploads\/Login_Teilnehmer.pdf\" target=\"_blank\" rel=\"noopener\">*<strong>HIER<\/strong>* zum Handou<\/a>t<\/u>, dass den Login zu einer WebEx Session erkl\u00e4rt.<\/p>\t\t\t\t\t\t\t\t<\/div>\n\t\t\t\t<\/div>\n\t\t\t\t<div class=\"elementor-element elementor-element-fcdb7ee elementor-repeater-item-none elementor-repeater-item-none_hover elementor-widget elementor-widget-text-editor\" data-id=\"fcdb7ee\" data-element_type=\"widget\" data-widget_type=\"text-editor.default\">\n\t\t\t\t<div class=\"elementor-widget-container\">\n\t\t\t\t\t\t\t\t\t<p>Bitte beachten Sie, dass die Einladung und der <strong>Link zur Mitgliederversammlung direkt von der DEGAM-Gesch\u00e4ftsstelle<\/strong> <strong>versendet<\/strong> wird. Sie k\u00f6nnen diese nicht \u00fcber das Konferenzsystem erreichen. <br \/>Sie erreichen die DEGAM-Gesch\u00e4ftsstelle unter <a href=\"mailto:geschaeftsstelle@degam.de\">geschaeftsstelle@degam.de<\/a>.<\/p>\t\t\t\t\t\t\t\t<\/div>\n\t\t\t\t<\/div>\n\t\t\t\t<div class=\"elementor-element elementor-element-e7b9afa elementor-repeater-item-none elementor-repeater-item-none_hover elementor-widget elementor-widget-text-editor\" data-id=\"e7b9afa\" data-element_type=\"widget\" data-widget_type=\"text-editor.default\">\n\t\t\t\t<div class=\"elementor-widget-container\">\n\t\t\t\t\t\t\t\t\t<p><strong>Welche Interaktionsm\u00f6glichkeiten gibt es?<\/strong><\/p><p><strong>Kommentare und Fragen zu Beitr\u00e4gen<\/strong> &#8211; Haben Sie eine Frage\/Anregung? Dann nutzen Sie bitte die Chatfunktion im WebEx-Tool. Die technische Betreuung der Session gibt Ihre Frage an die Moderation weiter.<\/p><p>Bei Fragen oder Login Problemen im Konferenzsystem wenden Sie sich bitte an EventClass unter +49 (0) 351 30 9000 31 oder per E-Mail an <a href=\"mailto:abstract@eventclass.org\">abstract@eventclass.org<\/a>.<\/p><p>Bei allgemeinen Fragen zum Kongress und zu Ihrer Registrierung kontaktieren Sie bitte <a href=\"mailto:degam@intercom.de\">degam@intercom.de<\/a>.<\/p>\t\t\t\t\t\t\t\t<\/div>\n\t\t\t\t<\/div>\n\t\t\t\t\t<\/div>\n\t\t<\/div>\n\t\t\t\t\t<\/div>\n\t\t<\/section>\n\t\t\t\t<\/div>\n\t\t","protected":false},"excerpt":{"rendered":"<p>Die Programmpunkte\/Sessions werden mit der Anwendung WebEx zur Verf\u00fcgung gestellt. Vorab-Hinweis f\u00fcr Pr\u00e4senzteilnehmende: Ist eine Session bereits f\u00fcr die Pr\u00e4senzteilnahme ausgebucht, k\u00f6nnen Sie an Vortr\u00e4gen und Symposien auch online \u00fcber Ihr Endger\u00e4t (Smartphone, Laptop, Tablet) teilnehmen. Workshops finden ausschlie\u00dflich in Pr\u00e4senz statt. Das W-Lan Passwort von der Universit\u00e4t zu L\u00fcbeck erhalten Sie an der Registrierung.\u00a0 [&hellip;]<\/p>\n","protected":false},"author":5,"featured_media":0,"parent":0,"menu_order":0,"comment_status":"closed","ping_status":"closed","template":"","meta":{"_acf_changed":false,"footnotes":""},"class_list":["post-1705","page","type-page","status-publish","hentry"],"acf":[],"_links":{"self":[{"href":"https:\/\/degam-kongress.de\/2021\/wp-json\/wp\/v2\/pages\/1705","targetHints":{"allow":["GET"]}}],"collection":[{"href":"https:\/\/degam-kongress.de\/2021\/wp-json\/wp\/v2\/pages"}],"about":[{"href":"https:\/\/degam-kongress.de\/2021\/wp-json\/wp\/v2\/types\/page"}],"author":[{"embeddable":true,"href":"https:\/\/degam-kongress.de\/2021\/wp-json\/wp\/v2\/users\/5"}],"replies":[{"embeddable":true,"href":"https:\/\/degam-kongress.de\/2021\/wp-json\/wp\/v2\/comments?post=1705"}],"version-history":[{"count":22,"href":"https:\/\/degam-kongress.de\/2021\/wp-json\/wp\/v2\/pages\/1705\/revisions"}],"predecessor-version":[{"id":1731,"href":"https:\/\/degam-kongress.de\/2021\/wp-json\/wp\/v2\/pages\/1705\/revisions\/1731"}],"wp:attachment":[{"href":"https:\/\/degam-kongress.de\/2021\/wp-json\/wp\/v2\/media?parent=1705"}],"curies":[{"name":"wp","href":"https:\/\/api.w.org\/{rel}","templated":true}]}}