{"id":459,"date":"2020-11-27T13:26:03","date_gmt":"2020-11-27T12:26:03","guid":{"rendered":"https:\/\/degam-kongress.de\/2021\/?page_id=459"},"modified":"2021-09-06T17:42:52","modified_gmt":"2021-09-06T15:42:52","slug":"informationen-fuer-vortragende","status":"publish","type":"page","link":"https:\/\/degam-kongress.de\/2021\/informationen-fuer-vortragende\/","title":{"rendered":"Informationen f\u00fcr Vortragende"},"content":{"rendered":"\t\t<div data-elementor-type=\"wp-page\" data-elementor-id=\"459\" class=\"elementor elementor-459\" data-elementor-post-type=\"page\">\n\t\t\t\t\t\t<section class=\"elementor-section elementor-top-section elementor-element elementor-element-e583c48 elementor-section-boxed ang-section-padding-initial elementor-section-height-default elementor-section-height-default elementor-repeater-item-none elementor-repeater-item-none_hover\" data-id=\"e583c48\" data-element_type=\"section\">\n\t\t\t\t\t\t<div class=\"elementor-container elementor-column-gap-default\">\n\t\t\t\t\t<div class=\"elementor-column elementor-col-100 elementor-top-column elementor-element elementor-element-8e0282d elementor-repeater-item-none elementor-repeater-item-none_hover\" data-id=\"8e0282d\" data-element_type=\"column\">\n\t\t\t<div class=\"elementor-widget-wrap elementor-element-populated\">\n\t\t\t\t\t\t<div class=\"elementor-element elementor-element-c01aa7e trenner elementor-widget-divider--view-line elementor-repeater-item-none elementor-repeater-item-none_hover elementor-widget elementor-widget-global elementor-global-391 elementor-widget-divider\" data-id=\"c01aa7e\" data-element_type=\"widget\" data-widget_type=\"divider.default\">\n\t\t\t\t<div class=\"elementor-widget-container\">\n\t\t\t\t\t\t\t<div class=\"elementor-divider\">\n\t\t\t<span class=\"elementor-divider-separator\">\n\t\t\t\t\t\t<\/span>\n\t\t<\/div>\n\t\t\t\t\t\t<\/div>\n\t\t\t\t<\/div>\n\t\t\t\t<div class=\"elementor-element elementor-element-54fd2b3 elementor-repeater-item-none elementor-repeater-item-none_hover elementor-widget elementor-widget-text-editor\" data-id=\"54fd2b3\" data-element_type=\"widget\" data-widget_type=\"text-editor.default\">\n\t\t\t\t<div class=\"elementor-widget-container\">\n\t\t\t\t\t\t\t\t\t<p>Bitte bringen Sie Ihren Vortrag auf einem <strong>USB-Stick<\/strong> mit. Finden Sie sich rechtzeitig vor der Session Ihres Vortrages in dem jeweiligen Vortragssaal ein. Vor Ort wird Ihnen ein Mitarbeiter des Technikpersonals behilflich sein, Ihren Vortrag auf einen Laptop zu \u00fcbertragen.<\/p>\n<p>Beachten Sie bitte die Regelung f\u00fcr Vortragende, dass in Ihrer Pr\u00e4sentation Interessenskonflikte der Autoren aufgef\u00fchrt werden.&nbsp; Bitte passen Sie die Vortragsl\u00e4nge und technischen Anforderungen gem\u00e4\u00df den zugeordneten Vortragsarten an:<\/p>\n<ul>\n<li><strong>Konventioneller Vortrag<\/strong>: 10 Minuten Vortrag, 2 Minuten Diskussion<\/li>\n<li><strong>Science Slam<\/strong>:&nbsp; 10 min Vortrag mit hohem Unterhaltungswert sowohl f\u00fcr Wissenschaftler als auch f\u00fcr Laien: \u201aGeballte Wissenschaft in 10 Minuten, verpackt in spannenden und anschaulichen Vortr\u00e4gen (<a href=\"http:\/\/www.scienceslam.de\" rel=\"nofollow noopener\" target=\"_blank\">www.scienceslam.de<\/a>).<\/li>\n<li><strong>One-Slide-Five-Minutes<\/strong>: 5 Minuten Vortrag mit nur 1 (!) Folie, 3 Minuten Diskussion<\/li>\n<li><strong>Werkstattbericht aus der Praxis<\/strong>: Forschungsideen aus der Praxis &#8211; 4 min Pr\u00e4sentation, 8 min Diskussion.<\/li>\n<li><strong>Aus der Praxis f\u00fcr die Praxis<\/strong>: (90 Minuten) Moderatoren w\u00e4hlen Format<\/li>\n<li><strong>Symposien<\/strong>: (90 Minuten) Sprechen Sie bitte Umfang und L\u00e4nge mit den Autoren des Rahmenabstrakts ab.<\/li>\n<\/ul>\n<p><strong><br>Generelle Informationen zur technischen Ausstattung:<\/strong><br>Als technische Ausstattung steht in jedem Vortragssaal ein Notebook und Datenbeamer f\u00fcr eine Power-Point-Pr\u00e4sentation im Format 4:3 mit der Aufl\u00f6sung 1024&#215;768 Pixel zur Verf\u00fcgung (keine Dia-Projektion)! Bitte beachten Sie, dass die Verwendung von eigenen Laptops nicht m\u00f6glich ist. Wir bitten alle Referenten, Ihre Daten auf einem handels\u00fcblichen USB-Stick mitzubringen. W\u00e4hrend der Sitzung steuert jeder Referent seinen Vortrag selbst per Funk-Presenter, Technikpersonal steht im Saal zur Verf\u00fcgung.<\/p>\n<p><strong>Verwendung von Apple:<\/strong><br>Wir bitten Sie Ihren Vortrag kompatibel zu Microsoft Office zu erstellen. Um einen reibungslosen Ablauf zu gew\u00e4hrleisten gestatten wir nur in Ausnahmef\u00e4llen f\u00fcr den Vortrag Ihren eigenen Apple MacBook zu verwenden. Da es verschiedene Normen gibt ist der Adapter auf VGA selber mitzuf\u00fchren. Informieren Sie dringend das technische Personal rechtzeitig \u00fcber den Wunsch der Verwendung Ihres Apple MacBooks.<\/p>\n<p><strong>Integrierte Videos:<\/strong><br>Diese f\u00fchren h\u00e4ufig zu Pr\u00e4sentationsproblemen. Falls Sie auf Videos nicht verzichten k\u00f6nnen, achten Sie bitte bei integrierten Videos darauf, dass diese mit auf den Datentr\u00e4ger kopiert und im selben Verzeichnis wie der Vortrag abgespeichert sind. Bitte testen Sie Datentr\u00e4ger mit integrierten Videos auf verschiedenen Rechnern, um die Integration zu gew\u00e4hrleisten. Eine M\u00f6glichkeit, verschiedene Medien in PowerPoint zu integrieren, ist die PACK&amp;GO-Funktion, die in Microsoft PowerPoint zur Verf\u00fcgung steht, um Vortr\u00e4ge auf anderen Rechnern abspielen zu k\u00f6nnen.<br><br><\/p>\n<div class=\"page-header\">\n<h3>Information f\u00fcr Posterpr\u00e4sentation<\/h3>\n<\/div>\n<p>Die wissenschaftlichen Poster-Sitzungen finden in Seminarr\u00e4umen statt, genaue Angaben entnehmen Sie bitte dem Programm. Bitte entnehmen Sie Ihre Poster-Nummer dem Programm und befestigen Sie das Poster an der f\u00fcr Sie vorgesehenen gekennzeichneten Stellwand. Befestigungsmaterial wird zur Verf\u00fcgung gestellt. Bitte geben Sie auf Ihrem Poster eine Kontaktm\u00f6glichkeit (z.B. E-Mail-Adresse) f\u00fcr R\u00fcckmeldungen an.<\/p>\n<p><strong>Bitte bringen Sie die Poster m\u00f6glichst vor der ersten Postersession am 16.09.2021 vor 16:45 Uhr an!<\/strong><\/p>\n<p>Format des Posters: Poster im <strong>Format DIN A0 im Hochformat<\/strong>&nbsp;(H\u00f6he 118,9 cm; Breite 84,1 cm)<\/p>\n<p>Ablauf Postersitzung: F\u00fcr die Pr\u00e4sentation Ihres Posters planen Sie bitte mit einer <strong>L\u00e4nge von maximal 7 Minuten und einer anschlie\u00dfenden dreimin\u00fctigen Diskussion<\/strong>. Um Einhaltung der vorgegebenen Zeit wird gebeten.<\/p>\t\t\t\t\t\t\t\t<\/div>\n\t\t\t\t<\/div>\n\t\t\t\t\t<\/div>\n\t\t<\/div>\n\t\t\t\t\t<\/div>\n\t\t<\/section>\n\t\t\t\t<\/div>\n\t\t","protected":false},"excerpt":{"rendered":"<p>Bitte bringen Sie Ihren Vortrag auf einem USB-Stick mit. Finden Sie sich rechtzeitig vor der Session Ihres Vortrages in dem jeweiligen Vortragssaal ein. Vor Ort wird Ihnen ein Mitarbeiter des Technikpersonals behilflich sein, Ihren Vortrag auf einen Laptop zu \u00fcbertragen. Beachten Sie bitte die Regelung f\u00fcr Vortragende, dass in Ihrer Pr\u00e4sentation Interessenskonflikte der Autoren aufgef\u00fchrt [&hellip;]<\/p>\n","protected":false},"author":5,"featured_media":0,"parent":0,"menu_order":0,"comment_status":"closed","ping_status":"closed","template":"","meta":{"_acf_changed":false,"footnotes":""},"class_list":["post-459","page","type-page","status-publish","hentry"],"acf":[],"_links":{"self":[{"href":"https:\/\/degam-kongress.de\/2021\/wp-json\/wp\/v2\/pages\/459","targetHints":{"allow":["GET"]}}],"collection":[{"href":"https:\/\/degam-kongress.de\/2021\/wp-json\/wp\/v2\/pages"}],"about":[{"href":"https:\/\/degam-kongress.de\/2021\/wp-json\/wp\/v2\/types\/page"}],"author":[{"embeddable":true,"href":"https:\/\/degam-kongress.de\/2021\/wp-json\/wp\/v2\/users\/5"}],"replies":[{"embeddable":true,"href":"https:\/\/degam-kongress.de\/2021\/wp-json\/wp\/v2\/comments?post=459"}],"version-history":[{"count":54,"href":"https:\/\/degam-kongress.de\/2021\/wp-json\/wp\/v2\/pages\/459\/revisions"}],"predecessor-version":[{"id":1657,"href":"https:\/\/degam-kongress.de\/2021\/wp-json\/wp\/v2\/pages\/459\/revisions\/1657"}],"wp:attachment":[{"href":"https:\/\/degam-kongress.de\/2021\/wp-json\/wp\/v2\/media?parent=459"}],"curies":[{"name":"wp","href":"https:\/\/api.w.org\/{rel}","templated":true}]}}