{"id":491,"date":"2020-11-27T13:38:45","date_gmt":"2020-11-27T12:38:45","guid":{"rendered":"https:\/\/degam-kongress.de\/2021\/?page_id=491"},"modified":"2021-09-07T15:38:33","modified_gmt":"2021-09-07T13:38:33","slug":"tagungsort","status":"publish","type":"page","link":"https:\/\/degam-kongress.de\/2021\/tagungsort\/","title":{"rendered":"Tagungsort"},"content":{"rendered":"\t\t<div data-elementor-type=\"wp-page\" data-elementor-id=\"491\" class=\"elementor elementor-491\" data-elementor-post-type=\"page\">\n\t\t\t\t\t\t<section class=\"elementor-section elementor-top-section elementor-element elementor-element-e583c48 elementor-section-boxed ang-section-padding-initial elementor-section-height-default elementor-section-height-default elementor-repeater-item-none elementor-repeater-item-none_hover\" data-id=\"e583c48\" data-element_type=\"section\">\n\t\t\t\t\t\t<div class=\"elementor-container elementor-column-gap-default\">\n\t\t\t\t\t<div class=\"elementor-column elementor-col-100 elementor-top-column elementor-element elementor-element-8e0282d elementor-repeater-item-none elementor-repeater-item-none_hover\" data-id=\"8e0282d\" data-element_type=\"column\">\n\t\t\t<div class=\"elementor-widget-wrap elementor-element-populated\">\n\t\t\t\t\t\t<div class=\"elementor-element elementor-element-c01aa7e trenner elementor-widget-divider--view-line elementor-repeater-item-none elementor-repeater-item-none_hover elementor-widget elementor-widget-global elementor-global-391 elementor-widget-divider\" data-id=\"c01aa7e\" data-element_type=\"widget\" data-widget_type=\"divider.default\">\n\t\t\t\t<div class=\"elementor-widget-container\">\n\t\t\t\t\t\t\t<div class=\"elementor-divider\">\n\t\t\t<span class=\"elementor-divider-separator\">\n\t\t\t\t\t\t<\/span>\n\t\t<\/div>\n\t\t\t\t\t\t<\/div>\n\t\t\t\t<\/div>\n\t\t\t\t\t<\/div>\n\t\t<\/div>\n\t\t\t\t\t<\/div>\n\t\t<\/section>\n\t\t\t\t<section class=\"elementor-section elementor-top-section elementor-element elementor-element-6a7e768 elementor-section-boxed ang-section-padding-initial elementor-section-height-default elementor-section-height-default elementor-repeater-item-none elementor-repeater-item-none_hover\" data-id=\"6a7e768\" data-element_type=\"section\">\n\t\t\t\t\t\t<div class=\"elementor-container elementor-column-gap-default\">\n\t\t\t\t\t<div class=\"elementor-column elementor-col-100 elementor-top-column elementor-element elementor-element-269ae08 elementor-repeater-item-none elementor-repeater-item-none_hover\" data-id=\"269ae08\" data-element_type=\"column\">\n\t\t\t<div class=\"elementor-widget-wrap elementor-element-populated\">\n\t\t\t\t\t\t<div class=\"elementor-element elementor-element-4437e7a elementor-repeater-item-none elementor-repeater-item-none_hover elementor-widget elementor-widget-heading\" data-id=\"4437e7a\" data-element_type=\"widget\" data-widget_type=\"heading.default\">\n\t\t\t\t<div class=\"elementor-widget-container\">\n\t\t\t\t\t<h2 class=\"elementor-heading-title elementor-size-default\">Universit\u00e4t zu L\u00fcbeck<\/h2>\t\t\t\t<\/div>\n\t\t\t\t<\/div>\n\t\t\t\t\t<\/div>\n\t\t<\/div>\n\t\t\t\t\t<\/div>\n\t\t<\/section>\n\t\t\t\t<section class=\"elementor-section elementor-top-section elementor-element elementor-element-62d1d00 elementor-section-boxed ang-section-padding-initial elementor-section-height-default elementor-section-height-default elementor-repeater-item-none elementor-repeater-item-none_hover\" data-id=\"62d1d00\" data-element_type=\"section\">\n\t\t\t\t\t\t<div class=\"elementor-container elementor-column-gap-default\">\n\t\t\t\t\t<div class=\"elementor-column elementor-col-50 elementor-top-column elementor-element elementor-element-cb3d118 elementor-repeater-item-none elementor-repeater-item-none_hover\" data-id=\"cb3d118\" data-element_type=\"column\">\n\t\t\t<div class=\"elementor-widget-wrap elementor-element-populated\">\n\t\t\t\t\t\t<div class=\"elementor-element elementor-element-e2ae1f2 elementor-repeater-item-none elementor-repeater-item-none_hover elementor-widget elementor-widget-text-editor\" data-id=\"e2ae1f2\" data-element_type=\"widget\" data-widget_type=\"text-editor.default\">\n\t\t\t\t<div class=\"elementor-widget-container\">\n\t\t\t\t\t\t\t\t\t<p>Die Medizin und die Lebenswissenschaften pr\u00e4gen das Profil der Universit\u00e4t zu L\u00fcbeck. Um den Studiengang Humanmedizin herum, mit dem die Universit\u00e4t 1964 gegr\u00fcndet wurde, hat sich ein anspruchsvolles Spektrum moderner Studieng\u00e4nge der Informatik und Technik und der Naturwissenschaften entwickelt. Auch der Studiengang Psychologie und Studieng\u00e4nge f\u00fcr die Gesundheitsfachberufe werden angeboten. Das Motto der Universit\u00e4t zu L\u00fcbeck, die seit 2015 die erste Stiftungshochschule Schleswig-Holsteins ist, lautet: \u201eIm Focus das Leben\u201c.<\/p>\t\t\t\t\t\t\t\t<\/div>\n\t\t\t\t<\/div>\n\t\t\t\t\t<\/div>\n\t\t<\/div>\n\t\t\t\t<div class=\"elementor-column elementor-col-50 elementor-top-column elementor-element elementor-element-52747f1 elementor-repeater-item-none elementor-repeater-item-none_hover\" data-id=\"52747f1\" data-element_type=\"column\">\n\t\t\t<div class=\"elementor-widget-wrap elementor-element-populated\">\n\t\t\t\t\t\t<div class=\"elementor-element elementor-element-025fe85 external_elementor-repeater-item-none_external elementor-repeater-item-none elementor-repeater-item-none_hover elementor-widget elementor-widget-image\" data-id=\"025fe85\" data-element_type=\"widget\" data-widget_type=\"image.default\">\n\t\t\t\t<div class=\"elementor-widget-container\">\n\t\t\t\t\t\t\t\t\t\t\t\t<figure class=\"wp-caption\">\n\t\t\t\t\t\t\t\t\t\t\t<a href=\"https:\/\/degam-kongress.de\/2021\/wp-content\/uploads\/luebek_uni.png\" data-elementor-open-lightbox=\"yes\" data-elementor-lightbox-title=\"luebek_uni\" data-e-action-hash=\"#elementor-action%3Aaction%3Dlightbox%26settings%3DeyJpZCI6ODI5LCJ1cmwiOiJodHRwczpcL1wvZGVnYW0ta29uZ3Jlc3MuZGVcLzIwMjFcL3dwLWNvbnRlbnRcL3VwbG9hZHNcL2x1ZWJla191bmkucG5nIn0%3D\">\n\t\t\t\t\t\t\t<img fetchpriority=\"high\" decoding=\"async\" width=\"800\" height=\"533\" src=\"https:\/\/degam-kongress.de\/2021\/wp-content\/uploads\/luebek_uni.png\" class=\"attachment-large size-large wp-image-829\" alt=\"\" srcset=\"https:\/\/degam-kongress.de\/2021\/wp-content\/uploads\/luebek_uni.png 900w, https:\/\/degam-kongress.de\/2021\/wp-content\/uploads\/luebek_uni-300x200.png 300w, https:\/\/degam-kongress.de\/2021\/wp-content\/uploads\/luebek_uni-150x100.png 150w, https:\/\/degam-kongress.de\/2021\/wp-content\/uploads\/luebek_uni-768x512.png 768w\" sizes=\"(max-width: 800px) 100vw, 800px\" \/>\t\t\t\t\t\t\t\t<\/a>\n\t\t\t\t\t\t\t\t\t\t\t<figcaption class=\"widget-image-caption wp-caption-text\">\u00a9 Thomas Berg \/ Uni L\u00fcbeck<\/figcaption>\n\t\t\t\t\t\t\t\t\t\t<\/figure>\n\t\t\t\t\t\t\t\t\t<\/div>\n\t\t\t\t<\/div>\n\t\t\t\t\t<\/div>\n\t\t<\/div>\n\t\t\t\t\t<\/div>\n\t\t<\/section>\n\t\t\t\t<section class=\"elementor-section elementor-top-section elementor-element elementor-element-c1f5fcb elementor-reverse-mobile elementor-section-boxed ang-section-padding-initial elementor-section-height-default elementor-section-height-default elementor-repeater-item-none elementor-repeater-item-none_hover\" data-id=\"c1f5fcb\" data-element_type=\"section\">\n\t\t\t\t\t\t<div class=\"elementor-container elementor-column-gap-default\">\n\t\t\t\t\t<div class=\"elementor-column elementor-col-50 elementor-top-column elementor-element elementor-element-5053a9d elementor-repeater-item-none elementor-repeater-item-none_hover\" data-id=\"5053a9d\" data-element_type=\"column\">\n\t\t\t<div class=\"elementor-widget-wrap elementor-element-populated\">\n\t\t\t\t\t\t<div class=\"elementor-element elementor-element-b47edea external_elementor-repeater-item-none_external elementor-repeater-item-none elementor-repeater-item-none_hover elementor-widget elementor-widget-image\" data-id=\"b47edea\" data-element_type=\"widget\" data-widget_type=\"image.default\">\n\t\t\t\t<div class=\"elementor-widget-container\">\n\t\t\t\t\t\t\t\t\t\t\t\t<figure class=\"wp-caption\">\n\t\t\t\t\t\t\t\t\t\t\t<a href=\"https:\/\/degam-kongress.de\/2021\/wp-content\/uploads\/luebek_uni2.png\" data-elementor-open-lightbox=\"yes\" data-elementor-lightbox-title=\"luebek_uni2\" data-e-action-hash=\"#elementor-action%3Aaction%3Dlightbox%26settings%3DeyJpZCI6ODMxLCJ1cmwiOiJodHRwczpcL1wvZGVnYW0ta29uZ3Jlc3MuZGVcLzIwMjFcL3dwLWNvbnRlbnRcL3VwbG9hZHNcL2x1ZWJla191bmkyLnBuZyJ9\">\n\t\t\t\t\t\t\t<img decoding=\"async\" width=\"800\" height=\"442\" src=\"https:\/\/degam-kongress.de\/2021\/wp-content\/uploads\/luebek_uni2.png\" class=\"attachment-large size-large wp-image-831\" alt=\"\" srcset=\"https:\/\/degam-kongress.de\/2021\/wp-content\/uploads\/luebek_uni2.png 896w, https:\/\/degam-kongress.de\/2021\/wp-content\/uploads\/luebek_uni2-300x166.png 300w, https:\/\/degam-kongress.de\/2021\/wp-content\/uploads\/luebek_uni2-150x83.png 150w, https:\/\/degam-kongress.de\/2021\/wp-content\/uploads\/luebek_uni2-768x424.png 768w\" sizes=\"(max-width: 800px) 100vw, 800px\" \/>\t\t\t\t\t\t\t\t<\/a>\n\t\t\t\t\t\t\t\t\t\t\t<figcaption class=\"widget-image-caption wp-caption-text\">\u00a9 Ren\u00e9 Kube \/ Uni L\u00fcbeck<\/figcaption>\n\t\t\t\t\t\t\t\t\t\t<\/figure>\n\t\t\t\t\t\t\t\t\t<\/div>\n\t\t\t\t<\/div>\n\t\t\t\t\t<\/div>\n\t\t<\/div>\n\t\t\t\t<div class=\"elementor-column elementor-col-50 elementor-top-column elementor-element elementor-element-73f2ec5 elementor-repeater-item-none elementor-repeater-item-none_hover\" data-id=\"73f2ec5\" data-element_type=\"column\">\n\t\t\t<div class=\"elementor-widget-wrap elementor-element-populated\">\n\t\t\t\t\t\t<div class=\"elementor-element elementor-element-0e2caf0 elementor-repeater-item-none elementor-repeater-item-none_hover elementor-widget elementor-widget-text-editor\" data-id=\"0e2caf0\" data-element_type=\"widget\" data-widget_type=\"text-editor.default\">\n\t\t\t\t<div class=\"elementor-widget-container\">\n\t\t\t\t\t\t\t\t\t<p>Mit aktuell 4.205 Studentinnen und Studenten ist die Universit\u00e4t zu L\u00fcbeck eine der kleinsten Universit\u00e4ten in Deutschland. Dies erm\u00f6glicht pers\u00f6nliche Studienbedingungen und ein gutes Betreuungsverh\u00e4ltnis. Ca. 160 Professoren und 100 Privatdozenten sind an der Universit\u00e4t t\u00e4tig. Mit \u00fcber 5.300 Mitarbeitern geh\u00f6ren auf einem gemeinsamen Hochschul- und Klinikumsgel\u00e4nde die Universit\u00e4t zu L\u00fcbeck und das Universit\u00e4tsklinikum Schleswig-Holstein, Campus L\u00fcbeck, zu den gr\u00f6\u00dften Arbeitgebern der Region L\u00fcbeck. Der stetige Ausbau hat zu einem modernen und zugleich noch \u00fcberschaubaren Campus gef\u00fchrt, auf dem sich hervorragend forschen, arbeiten und studieren l\u00e4sst.<\/p>\t\t\t\t\t\t\t\t<\/div>\n\t\t\t\t<\/div>\n\t\t\t\t\t<\/div>\n\t\t<\/div>\n\t\t\t\t\t<\/div>\n\t\t<\/section>\n\t\t\t\t<\/div>\n\t\t","protected":false},"excerpt":{"rendered":"<p>Universit\u00e4t zu L\u00fcbeck Die Medizin und die Lebenswissenschaften pr\u00e4gen das Profil der Universit\u00e4t zu L\u00fcbeck. Um den Studiengang Humanmedizin herum, mit dem die Universit\u00e4t 1964 gegr\u00fcndet wurde, hat sich ein anspruchsvolles Spektrum moderner Studieng\u00e4nge der Informatik und Technik und der Naturwissenschaften entwickelt. Auch der Studiengang Psychologie und Studieng\u00e4nge f\u00fcr die Gesundheitsfachberufe werden angeboten. Das Motto [&hellip;]<\/p>\n","protected":false},"author":5,"featured_media":0,"parent":0,"menu_order":4,"comment_status":"closed","ping_status":"closed","template":"","meta":{"_acf_changed":false,"footnotes":""},"class_list":["post-491","page","type-page","status-publish","hentry"],"acf":[],"_links":{"self":[{"href":"https:\/\/degam-kongress.de\/2021\/wp-json\/wp\/v2\/pages\/491","targetHints":{"allow":["GET"]}}],"collection":[{"href":"https:\/\/degam-kongress.de\/2021\/wp-json\/wp\/v2\/pages"}],"about":[{"href":"https:\/\/degam-kongress.de\/2021\/wp-json\/wp\/v2\/types\/page"}],"author":[{"embeddable":true,"href":"https:\/\/degam-kongress.de\/2021\/wp-json\/wp\/v2\/users\/5"}],"replies":[{"embeddable":true,"href":"https:\/\/degam-kongress.de\/2021\/wp-json\/wp\/v2\/comments?post=491"}],"version-history":[{"count":53,"href":"https:\/\/degam-kongress.de\/2021\/wp-json\/wp\/v2\/pages\/491\/revisions"}],"predecessor-version":[{"id":1669,"href":"https:\/\/degam-kongress.de\/2021\/wp-json\/wp\/v2\/pages\/491\/revisions\/1669"}],"wp:attachment":[{"href":"https:\/\/degam-kongress.de\/2021\/wp-json\/wp\/v2\/media?parent=491"}],"curies":[{"name":"wp","href":"https:\/\/api.w.org\/{rel}","templated":true}]}}