{"id":819,"date":"2020-12-07T15:07:51","date_gmt":"2020-12-07T14:07:51","guid":{"rendered":"https:\/\/degam-kongress.de\/2021\/?page_id=819"},"modified":"2020-12-07T16:20:06","modified_gmt":"2020-12-07T15:20:06","slug":"ueber-luebeck","status":"publish","type":"page","link":"https:\/\/degam-kongress.de\/2021\/tagungsort\/ueber-luebeck\/","title":{"rendered":"\u00dcber L\u00fcbeck"},"content":{"rendered":"\t\t<div data-elementor-type=\"wp-page\" data-elementor-id=\"819\" class=\"elementor elementor-819\" data-elementor-post-type=\"page\">\n\t\t\t\t\t\t<section class=\"elementor-section elementor-top-section elementor-element elementor-element-e583c48 elementor-section-boxed ang-section-padding-initial elementor-section-height-default elementor-section-height-default elementor-repeater-item-none elementor-repeater-item-none_hover\" data-id=\"e583c48\" data-element_type=\"section\">\n\t\t\t\t\t\t<div class=\"elementor-container elementor-column-gap-default\">\n\t\t\t\t\t<div class=\"elementor-column elementor-col-100 elementor-top-column elementor-element elementor-element-8e0282d elementor-repeater-item-none elementor-repeater-item-none_hover\" data-id=\"8e0282d\" data-element_type=\"column\">\n\t\t\t<div class=\"elementor-widget-wrap elementor-element-populated\">\n\t\t\t\t\t\t<div class=\"elementor-element elementor-element-c01aa7e trenner elementor-widget-divider--view-line elementor-repeater-item-none elementor-repeater-item-none_hover elementor-widget elementor-widget-global elementor-global-391 elementor-widget-divider\" data-id=\"c01aa7e\" data-element_type=\"widget\" data-widget_type=\"divider.default\">\n\t\t\t\t<div class=\"elementor-widget-container\">\n\t\t\t\t\t\t\t<div class=\"elementor-divider\">\n\t\t\t<span class=\"elementor-divider-separator\">\n\t\t\t\t\t\t<\/span>\n\t\t<\/div>\n\t\t\t\t\t\t<\/div>\n\t\t\t\t<\/div>\n\t\t\t\t\t<\/div>\n\t\t<\/div>\n\t\t\t\t\t<\/div>\n\t\t<\/section>\n\t\t\t\t<section class=\"elementor-section elementor-top-section elementor-element elementor-element-eb1e5bf elementor-section-boxed ang-section-padding-initial elementor-section-height-default elementor-section-height-default elementor-repeater-item-none elementor-repeater-item-none_hover\" data-id=\"eb1e5bf\" data-element_type=\"section\">\n\t\t\t\t\t\t<div class=\"elementor-container elementor-column-gap-default\">\n\t\t\t\t\t<div class=\"elementor-column elementor-col-100 elementor-top-column elementor-element elementor-element-c717748 elementor-repeater-item-none elementor-repeater-item-none_hover\" data-id=\"c717748\" data-element_type=\"column\">\n\t\t\t<div class=\"elementor-widget-wrap elementor-element-populated\">\n\t\t\t\t\t\t<div class=\"elementor-element elementor-element-de3949c elementor-repeater-item-none elementor-repeater-item-none_hover elementor-widget elementor-widget-heading\" data-id=\"de3949c\" data-element_type=\"widget\" data-widget_type=\"heading.default\">\n\t\t\t\t<div class=\"elementor-widget-container\">\n\t\t\t\t\t<h2 class=\"elementor-heading-title elementor-size-default\">Willkommen in L\u00fcbeck<\/h2>\t\t\t\t<\/div>\n\t\t\t\t<\/div>\n\t\t\t\t\t<\/div>\n\t\t<\/div>\n\t\t\t\t\t<\/div>\n\t\t<\/section>\n\t\t\t\t<section class=\"elementor-section elementor-top-section elementor-element elementor-element-5648c2c elementor-section-boxed ang-section-padding-initial elementor-section-height-default elementor-section-height-default elementor-repeater-item-none elementor-repeater-item-none_hover\" data-id=\"5648c2c\" data-element_type=\"section\">\n\t\t\t\t\t\t<div class=\"elementor-container elementor-column-gap-default\">\n\t\t\t\t\t<div class=\"elementor-column elementor-col-100 elementor-top-column elementor-element elementor-element-52ee983 elementor-repeater-item-none elementor-repeater-item-none_hover\" data-id=\"52ee983\" data-element_type=\"column\">\n\t\t\t<div class=\"elementor-widget-wrap elementor-element-populated\">\n\t\t\t\t\t\t<div class=\"elementor-element elementor-element-603963a elementor-repeater-item-none elementor-repeater-item-none_hover elementor-widget elementor-widget-text-editor\" data-id=\"603963a\" data-element_type=\"widget\" data-widget_type=\"text-editor.default\">\n\t\t\t\t<div class=\"elementor-widget-container\">\n\t\t\t\t\t\t\t\t\t<p>Freudig, lebendig, gelassen &#8211; so ist L\u00fcbecks Herzschlag, der durch die verwinkelten Altstadtgassen pulsiert und die imposante Backsteinarchitektur der Altstadtinsel mit Leben f\u00fcllt. Unsere nordische Sch\u00f6nheit hat sich den Charme der urspr\u00fcnglichen Hafenstadt bewahrt und begr\u00fc\u00dft Sie ganz offen mit ihrem Leitspruch \u201eConcordia domi foris pax\u201c \u2013 Eintracht im Inneren, Frieden nach au\u00dfen. Ein Gef\u00fchl von Gemeinschaft begleitet Sie auf Ihrem Weg vorbei an den historischen Baudenkm\u00e4lern aus rotem Backstein.<br \/>Lassen Sie sich unbeschwert durch das UNESCO-Welterbe treiben, atmen Sie Geschichte, entdecken Sie Kunst und Kultur auch mal an unverhofften Orten und erleben Sie L\u00fcbecks Lebenselixier, die Wasserwege der Hansestadt bis hin zur Ostsee!<\/p>\t\t\t\t\t\t\t\t<\/div>\n\t\t\t\t<\/div>\n\t\t\t\t\t<\/div>\n\t\t<\/div>\n\t\t\t\t\t<\/div>\n\t\t<\/section>\n\t\t\t\t<section class=\"elementor-section elementor-top-section elementor-element elementor-element-19924b1 elementor-section-boxed ang-section-padding-initial elementor-section-height-default elementor-section-height-default elementor-repeater-item-none elementor-repeater-item-none_hover\" data-id=\"19924b1\" data-element_type=\"section\">\n\t\t\t\t\t\t<div class=\"elementor-container elementor-column-gap-default\">\n\t\t\t\t\t<div class=\"elementor-column elementor-col-100 elementor-top-column elementor-element elementor-element-931a327 elementor-repeater-item-none elementor-repeater-item-none_hover\" data-id=\"931a327\" data-element_type=\"column\">\n\t\t\t<div class=\"elementor-widget-wrap elementor-element-populated\">\n\t\t\t\t\t\t<div class=\"elementor-element elementor-element-250cdd7 elementor-repeater-item-none elementor-repeater-item-none_hover elementor-widget elementor-widget-heading\" data-id=\"250cdd7\" data-element_type=\"widget\" data-widget_type=\"heading.default\">\n\t\t\t\t<div class=\"elementor-widget-container\">\n\t\t\t\t\t<h2 class=\"elementor-heading-title elementor-size-default\">Die L\u00fcbecker Altstadt ist seit 1987 UNESCO Welterbe<\/h2>\t\t\t\t<\/div>\n\t\t\t\t<\/div>\n\t\t\t\t<div class=\"elementor-element elementor-element-e43b3cb elementor-repeater-item-none elementor-repeater-item-none_hover elementor-widget elementor-widget-text-editor\" data-id=\"e43b3cb\" data-element_type=\"widget\" data-widget_type=\"text-editor.default\">\n\t\t\t\t<div class=\"elementor-widget-container\">\n\t\t\t\t\t\t\t\t\t<p>Die UNESCO ernannte mit dem mittelalterlichen Stadtkern L\u00fcbecks erstmals in Nordeuropa ein ganzes Stadtquartier als Welterbe. Sogar die arch\u00e4ologischen Sch\u00e4tze im Untergrund geh\u00f6ren dazu. Damit wurde und wird dem historischen Denkmal der Altstadt ein au\u00dfergew\u00f6hnlicher universeller Wert beigemessen, der gem\u00e4\u00df der Definition des Welterbekomitees nicht nur f\u00fcr nationale oder lokale Gemeinschaften, sondern f\u00fcr die gesamte Menschheit Relevanz hat. Darauf sind die L\u00fcbecker:innen sehr stolz und \u00fcbernehmen damit gleichzeitig die Verpflichtung, das Welterbe L\u00fcbeck als Ort des interkulturellen Lernens und der Begegnung auch f\u00fcr zuk\u00fcnftige Generationen zu bewahren.<\/p>\t\t\t\t\t\t\t\t<\/div>\n\t\t\t\t<\/div>\n\t\t\t\t\t<\/div>\n\t\t<\/div>\n\t\t\t\t\t<\/div>\n\t\t<\/section>\n\t\t\t\t<section class=\"elementor-section elementor-top-section elementor-element elementor-element-0d6d2f5 elementor-section-boxed ang-section-padding-initial elementor-section-height-default elementor-section-height-default elementor-repeater-item-none elementor-repeater-item-none_hover\" data-id=\"0d6d2f5\" data-element_type=\"section\">\n\t\t\t\t\t\t<div class=\"elementor-container elementor-column-gap-default\">\n\t\t\t\t\t<div class=\"elementor-column elementor-col-100 elementor-top-column elementor-element elementor-element-8a6f8db elementor-repeater-item-none elementor-repeater-item-none_hover\" data-id=\"8a6f8db\" data-element_type=\"column\">\n\t\t\t<div class=\"elementor-widget-wrap elementor-element-populated\">\n\t\t\t\t\t\t<div class=\"elementor-element elementor-element-2c69f5c external_elementor-repeater-item-none_external elementor-repeater-item-none elementor-repeater-item-none_hover elementor-widget elementor-widget-image\" data-id=\"2c69f5c\" data-element_type=\"widget\" data-widget_type=\"image.default\">\n\t\t\t\t<div class=\"elementor-widget-container\">\n\t\t\t\t\t\t\t\t\t\t\t\t<figure class=\"wp-caption\">\n\t\t\t\t\t\t\t\t\t\t\t<a href=\"https:\/\/degam-kongress.de\/2021\/wp-content\/uploads\/luebeck.png\" data-elementor-open-lightbox=\"yes\" data-elementor-lightbox-title=\"luebeck\" data-e-action-hash=\"#elementor-action%3Aaction%3Dlightbox%26settings%3DeyJpZCI6ODMwLCJ1cmwiOiJodHRwczpcL1wvZGVnYW0ta29uZ3Jlc3MuZGVcLzIwMjFcL3dwLWNvbnRlbnRcL3VwbG9hZHNcL2x1ZWJlY2sucG5nIn0%3D\">\n\t\t\t\t\t\t\t<img fetchpriority=\"high\" decoding=\"async\" width=\"800\" height=\"377\" src=\"https:\/\/degam-kongress.de\/2021\/wp-content\/uploads\/luebeck.png\" class=\"attachment-large size-large wp-image-830\" alt=\"\" srcset=\"https:\/\/degam-kongress.de\/2021\/wp-content\/uploads\/luebeck.png 886w, https:\/\/degam-kongress.de\/2021\/wp-content\/uploads\/luebeck-300x142.png 300w, https:\/\/degam-kongress.de\/2021\/wp-content\/uploads\/luebeck-150x71.png 150w, https:\/\/degam-kongress.de\/2021\/wp-content\/uploads\/luebeck-768x362.png 768w\" sizes=\"(max-width: 800px) 100vw, 800px\" \/>\t\t\t\t\t\t\t\t<\/a>\n\t\t\t\t\t\t\t\t\t\t\t<figcaption class=\"widget-image-caption wp-caption-text\">Museumshafen zu L\u00fcbeck \u00a9 LTM<\/figcaption>\n\t\t\t\t\t\t\t\t\t\t<\/figure>\n\t\t\t\t\t\t\t\t\t<\/div>\n\t\t\t\t<\/div>\n\t\t\t\t\t<\/div>\n\t\t<\/div>\n\t\t\t\t\t<\/div>\n\t\t<\/section>\n\t\t\t\t<\/div>\n\t\t","protected":false},"excerpt":{"rendered":"<p>Willkommen in L\u00fcbeck Freudig, lebendig, gelassen &#8211; so ist L\u00fcbecks Herzschlag, der durch die verwinkelten Altstadtgassen pulsiert und die imposante Backsteinarchitektur der Altstadtinsel mit Leben f\u00fcllt. Unsere nordische Sch\u00f6nheit hat sich den Charme der urspr\u00fcnglichen Hafenstadt bewahrt und begr\u00fc\u00dft Sie ganz offen mit ihrem Leitspruch \u201eConcordia domi foris pax\u201c \u2013 Eintracht im Inneren, Frieden nach [&hellip;]<\/p>\n","protected":false},"author":5,"featured_media":0,"parent":491,"menu_order":0,"comment_status":"closed","ping_status":"closed","template":"","meta":{"_acf_changed":false,"footnotes":""},"class_list":["post-819","page","type-page","status-publish","hentry"],"acf":[],"_links":{"self":[{"href":"https:\/\/degam-kongress.de\/2021\/wp-json\/wp\/v2\/pages\/819","targetHints":{"allow":["GET"]}}],"collection":[{"href":"https:\/\/degam-kongress.de\/2021\/wp-json\/wp\/v2\/pages"}],"about":[{"href":"https:\/\/degam-kongress.de\/2021\/wp-json\/wp\/v2\/types\/page"}],"author":[{"embeddable":true,"href":"https:\/\/degam-kongress.de\/2021\/wp-json\/wp\/v2\/users\/5"}],"replies":[{"embeddable":true,"href":"https:\/\/degam-kongress.de\/2021\/wp-json\/wp\/v2\/comments?post=819"}],"version-history":[{"count":25,"href":"https:\/\/degam-kongress.de\/2021\/wp-json\/wp\/v2\/pages\/819\/revisions"}],"predecessor-version":[{"id":961,"href":"https:\/\/degam-kongress.de\/2021\/wp-json\/wp\/v2\/pages\/819\/revisions\/961"}],"up":[{"embeddable":true,"href":"https:\/\/degam-kongress.de\/2021\/wp-json\/wp\/v2\/pages\/491"}],"wp:attachment":[{"href":"https:\/\/degam-kongress.de\/2021\/wp-json\/wp\/v2\/media?parent=819"}],"curies":[{"name":"wp","href":"https:\/\/api.w.org\/{rel}","templated":true}]}}