{"id":273,"date":"2020-11-27T08:21:54","date_gmt":"2020-11-27T07:21:54","guid":{"rendered":"https:\/\/degam-kongress.de\/2022\/?page_id=273"},"modified":"2022-05-23T13:31:33","modified_gmt":"2022-05-23T11:31:33","slug":"willkommen","status":"publish","type":"page","link":"https:\/\/degam-kongress.de\/2022\/","title":{"rendered":"Willkommen"},"content":{"rendered":"\t\t<div data-elementor-type=\"wp-page\" data-elementor-id=\"273\" class=\"elementor elementor-273\" data-elementor-post-type=\"page\">\n\t\t\t\t\t\t<section class=\"elementor-section elementor-top-section elementor-element elementor-element-9113a02 elementor-section-boxed ang-section-padding-initial elementor-section-height-default elementor-section-height-default elementor-repeater-item-none elementor-repeater-item-none_hover\" data-id=\"9113a02\" data-element_type=\"section\">\n\t\t\t\t\t\t<div class=\"elementor-container elementor-column-gap-default\">\n\t\t\t\t\t<div class=\"elementor-column elementor-col-100 elementor-top-column elementor-element elementor-element-11ebe23 elementor-repeater-item-none elementor-repeater-item-none_hover\" data-id=\"11ebe23\" data-element_type=\"column\">\n\t\t\t<div class=\"elementor-widget-wrap elementor-element-populated\">\n\t\t\t\t\t\t<div class=\"elementor-element elementor-element-8c27ea2 elementor-repeater-item-none elementor-repeater-item-none_hover elementor-widget elementor-widget-heading\" data-id=\"8c27ea2\" data-element_type=\"widget\" data-widget_type=\"heading.default\">\n\t\t\t\t<div class=\"elementor-widget-container\">\n\t\t\t\t\t<h1 class=\"elementor-heading-title elementor-size-default\">Willkommen<\/h1>\t\t\t\t<\/div>\n\t\t\t\t<\/div>\n\t\t\t\t<div class=\"elementor-element elementor-element-48b8ea5 trenner elementor-widget-divider--view-line elementor-repeater-item-none elementor-repeater-item-none_hover elementor-widget elementor-widget-global elementor-global-391 elementor-widget-divider\" data-id=\"48b8ea5\" data-element_type=\"widget\" data-widget_type=\"divider.default\">\n\t\t\t\t<div class=\"elementor-widget-container\">\n\t\t\t\t\t\t\t<div class=\"elementor-divider\">\n\t\t\t<span class=\"elementor-divider-separator\">\n\t\t\t\t\t\t<\/span>\n\t\t<\/div>\n\t\t\t\t\t\t<\/div>\n\t\t\t\t<\/div>\n\t\t\t\t<div class=\"elementor-element elementor-element-1676b34 elementor-repeater-item-none elementor-repeater-item-none_hover elementor-widget elementor-widget-text-editor\" data-id=\"1676b34\" data-element_type=\"widget\" data-widget_type=\"text-editor.default\">\n\t\t\t\t<div class=\"elementor-widget-container\">\n\t\t\t\t\t\t\t\t\t<p>Liebe Kolleginnen und Kollegen,<\/p><p>ich lade Sie herzlich zum 56. Kongress f\u00fcr Allgemeinmedizin und Familienmedizin der DEGAM nach Greifswald ein. Der j\u00e4hrliche wissenschaftliche Kongress der DEGAM ist das intellektuelle Forum der Allgemeinmedizin geworden. Es ist der Ort, an dem der erfolgreiche Wandel der Allgemeinmedizin in Deutschland zu einer anerkannten wissenschaftlichen Disziplin, Kernfach im Studium und R\u00fcckgrat der Versorgung erlebbar wird. Sichtbarer Ausdruck dessen sind die eigenen Leitlinien und die prominente Beteiligung von Allgemeinmedizinern an interdisziplin\u00e4ren Leitlinien. Die Einstellung zu Leitlinien hat sich von ungeliebter Bevormundung zu einer gesch\u00e4tzten Orientierungshilfe im Praxisalltag gewandelt. \u00dcbersetzt in die praktische haus\u00e4rztliche T\u00e4tigkeit bedeutet es, dass die Spannung <strong>zwischen Individualisierung und Standardisierung<\/strong> aufgel\u00f6st werden muss.<\/p><p>Das gelingt am ehesten mit patientenzentrierten Ans\u00e4tzen bei denen <strong>Gesundheitswissen<\/strong> vermittelt wird und die eine\u00a0 <strong>partizipativer Entscheidungsfindung <\/strong>erm\u00f6glichen<strong>.<\/strong><\/p><p>Ist ein wissenschaftlicher Kongress \u00fcberhaupt etwas f\u00fcr versorgende Haus\u00e4rztinnen und Haus\u00e4rzte? <br \/>Ich bin der festen \u00dcberzeugung ja, und lade Sie herzlich ein, die Verbindung zwischen Wissenschaft und Praxis zu erleben.<\/p><p>Herzlichst Ihr<strong><\/strong><\/p>\t\t\t\t\t\t\t\t<\/div>\n\t\t\t\t<\/div>\n\t\t\t\t<section class=\"elementor-section elementor-inner-section elementor-element elementor-element-684b0cf elementor-section-boxed ang-section-padding-initial elementor-section-height-default elementor-section-height-default elementor-repeater-item-none elementor-repeater-item-none_hover\" data-id=\"684b0cf\" data-element_type=\"section\">\n\t\t\t\t\t\t<div class=\"elementor-container elementor-column-gap-default\">\n\t\t\t\t\t<div class=\"elementor-column elementor-col-100 elementor-inner-column elementor-element elementor-element-4f165db elementor-repeater-item-none elementor-repeater-item-none_hover\" data-id=\"4f165db\" data-element_type=\"column\">\n\t\t\t<div class=\"elementor-widget-wrap elementor-element-populated\">\n\t\t\t\t\t\t<div class=\"elementor-element elementor-element-874426e external_elementor-repeater-item-none_external elementor-repeater-item-none elementor-repeater-item-none_hover elementor-widget elementor-widget-image\" data-id=\"874426e\" data-element_type=\"widget\" data-widget_type=\"image.default\">\n\t\t\t\t<div class=\"elementor-widget-container\">\n\t\t\t\t\t\t\t\t\t\t\t\t\t\t\t<img fetchpriority=\"high\" decoding=\"async\" width=\"300\" height=\"400\" src=\"https:\/\/degam-kongress.de\/2022\/wp-content\/uploads\/Chenot.jpg\" class=\"attachment-full size-full wp-image-2097\" alt=\"\" srcset=\"https:\/\/degam-kongress.de\/2022\/wp-content\/uploads\/Chenot.jpg 300w, https:\/\/degam-kongress.de\/2022\/wp-content\/uploads\/Chenot-225x300.jpg 225w, https:\/\/degam-kongress.de\/2022\/wp-content\/uploads\/Chenot-113x150.jpg 113w\" sizes=\"(max-width: 300px) 100vw, 300px\" \/>\t\t\t\t\t\t\t\t\t\t\t\t\t\t\t<\/div>\n\t\t\t\t<\/div>\n\t\t\t\t\t<\/div>\n\t\t<\/div>\n\t\t\t\t\t<\/div>\n\t\t<\/section>\n\t\t\t\t<section class=\"elementor-section elementor-inner-section elementor-element elementor-element-c98f6d9 elementor-section-boxed ang-section-padding-initial elementor-section-height-default elementor-section-height-default elementor-repeater-item-none elementor-repeater-item-none_hover\" data-id=\"c98f6d9\" data-element_type=\"section\">\n\t\t\t\t\t\t<div class=\"elementor-container elementor-column-gap-default\">\n\t\t\t\t\t<div class=\"elementor-column elementor-col-100 elementor-inner-column elementor-element elementor-element-0806c6b elementor-repeater-item-none elementor-repeater-item-none_hover\" data-id=\"0806c6b\" data-element_type=\"column\">\n\t\t\t<div class=\"elementor-widget-wrap elementor-element-populated\">\n\t\t\t\t\t\t<div class=\"elementor-element elementor-element-4f4d728 elementor-repeater-item-none elementor-repeater-item-none_hover elementor-widget elementor-widget-text-editor\" data-id=\"4f4d728\" data-element_type=\"widget\" data-widget_type=\"text-editor.default\">\n\t\t\t\t<div class=\"elementor-widget-container\">\n\t\t\t\t\t\t\t\t\t<p>Prof. Dr. med. Jean-Fran\u00e7ois Chenot, MPH<strong><br><\/strong>im Namen der Abteilung Allgemeinmedizin der Universit\u00e4tsmedizin Greifswald und der DEGAM<br><\/p>\t\t\t\t\t\t\t\t<\/div>\n\t\t\t\t<\/div>\n\t\t\t\t<div class=\"elementor-element elementor-element-5833746 elementor-repeater-item-none elementor-repeater-item-none_hover elementor-widget elementor-widget-text-editor\" data-id=\"5833746\" data-element_type=\"widget\" data-widget_type=\"text-editor.default\">\n\t\t\t\t<div class=\"elementor-widget-container\">\n\t\t\t\t\t\t\t\t\t<strong>PS:<\/strong> Die Hotelkapazit\u00e4ten in Greifwald sind beschr\u00e4nkt. Wir empfehlen Ihnen daher eine fr\u00fchzeitige Buchung. Wir werden bei Bedarf einen Shuttle-Service in benachbarte St\u00e4dte organisieren.\t\t\t\t\t\t\t\t<\/div>\n\t\t\t\t<\/div>\n\t\t\t\t\t<\/div>\n\t\t<\/div>\n\t\t\t\t\t<\/div>\n\t\t<\/section>\n\t\t\t\t\t<\/div>\n\t\t<\/div>\n\t\t\t\t\t<\/div>\n\t\t<\/section>\n\t\t\t\t<section class=\"elementor-section elementor-top-section elementor-element elementor-element-c513664 elementor-section-boxed ang-section-padding-initial elementor-section-height-default elementor-section-height-default elementor-repeater-item-none elementor-repeater-item-none_hover\" data-id=\"c513664\" data-element_type=\"section\">\n\t\t\t\t\t\t<div class=\"elementor-container elementor-column-gap-default\">\n\t\t\t\t\t<div class=\"elementor-column elementor-col-100 elementor-top-column elementor-element elementor-element-ddd452c elementor-repeater-item-none elementor-repeater-item-none_hover\" data-id=\"ddd452c\" data-element_type=\"column\">\n\t\t\t<div class=\"elementor-widget-wrap\">\n\t\t\t\t\t\t\t<\/div>\n\t\t<\/div>\n\t\t\t\t\t<\/div>\n\t\t<\/section>\n\t\t\t\t<\/div>\n\t\t","protected":false},"excerpt":{"rendered":"<p>Willkommen Liebe Kolleginnen und Kollegen, ich lade Sie herzlich zum 56. Kongress f\u00fcr Allgemeinmedizin und Familienmedizin der DEGAM nach Greifswald ein. Der j\u00e4hrliche wissenschaftliche Kongress der DEGAM ist das intellektuelle Forum der Allgemeinmedizin geworden. Es ist der Ort, an dem der erfolgreiche Wandel der Allgemeinmedizin in Deutschland zu einer anerkannten wissenschaftlichen Disziplin, Kernfach im Studium [&hellip;]<\/p>\n","protected":false},"author":5,"featured_media":0,"parent":0,"menu_order":1,"comment_status":"closed","ping_status":"closed","template":"","meta":{"_acf_changed":false,"footnotes":""},"class_list":["post-273","page","type-page","status-publish","hentry"],"acf":[],"_links":{"self":[{"href":"https:\/\/degam-kongress.de\/2022\/wp-json\/wp\/v2\/pages\/273","targetHints":{"allow":["GET"]}}],"collection":[{"href":"https:\/\/degam-kongress.de\/2022\/wp-json\/wp\/v2\/pages"}],"about":[{"href":"https:\/\/degam-kongress.de\/2022\/wp-json\/wp\/v2\/types\/page"}],"author":[{"embeddable":true,"href":"https:\/\/degam-kongress.de\/2022\/wp-json\/wp\/v2\/users\/5"}],"replies":[{"embeddable":true,"href":"https:\/\/degam-kongress.de\/2022\/wp-json\/wp\/v2\/comments?post=273"}],"version-history":[{"count":122,"href":"https:\/\/degam-kongress.de\/2022\/wp-json\/wp\/v2\/pages\/273\/revisions"}],"predecessor-version":[{"id":2212,"href":"https:\/\/degam-kongress.de\/2022\/wp-json\/wp\/v2\/pages\/273\/revisions\/2212"}],"wp:attachment":[{"href":"https:\/\/degam-kongress.de\/2022\/wp-json\/wp\/v2\/media?parent=273"}],"curies":[{"name":"wp","href":"https:\/\/api.w.org\/{rel}","templated":true}]}}