{"id":1171,"date":"2020-12-10T10:41:52","date_gmt":"2020-12-10T09:41:52","guid":{"rendered":"https:\/\/degam-kongress.de\/2023\/?page_id=1171"},"modified":"2023-05-22T14:46:15","modified_gmt":"2023-05-22T12:46:15","slug":"gesellschaftsabend","status":"publish","type":"page","link":"https:\/\/degam-kongress.de\/2023\/programm\/gesellschaftsabend\/","title":{"rendered":"Gesellschaftsabend"},"content":{"rendered":"\t\t<div data-elementor-type=\"wp-page\" data-elementor-id=\"1171\" class=\"elementor elementor-1171\" data-elementor-post-type=\"page\">\n\t\t\t\t\t\t<section class=\"elementor-section elementor-top-section elementor-element elementor-element-e583c48 elementor-section-boxed ang-section-padding-initial elementor-section-height-default elementor-section-height-default elementor-repeater-item-none elementor-repeater-item-none_hover\" data-id=\"e583c48\" data-element_type=\"section\">\n\t\t\t\t\t\t<div class=\"elementor-container elementor-column-gap-default\">\n\t\t\t\t\t<div class=\"elementor-column elementor-col-100 elementor-top-column elementor-element elementor-element-8e0282d elementor-repeater-item-none elementor-repeater-item-none_hover\" data-id=\"8e0282d\" data-element_type=\"column\">\n\t\t\t<div class=\"elementor-widget-wrap elementor-element-populated\">\n\t\t\t\t\t\t<div class=\"elementor-element elementor-element-c01aa7e trenner elementor-widget-divider--view-line elementor-repeater-item-none elementor-repeater-item-none_hover elementor-widget elementor-widget-global elementor-global-391 elementor-widget-divider\" data-id=\"c01aa7e\" data-element_type=\"widget\" data-widget_type=\"divider.default\">\n\t\t\t\t<div class=\"elementor-widget-container\">\n\t\t\t\t\t\t\t<div class=\"elementor-divider\">\n\t\t\t<span class=\"elementor-divider-separator\">\n\t\t\t\t\t\t<\/span>\n\t\t<\/div>\n\t\t\t\t\t\t<\/div>\n\t\t\t\t<\/div>\n\t\t\t\t<section class=\"elementor-section elementor-inner-section elementor-element elementor-element-8ae3e28 elementor-section-boxed ang-section-padding-initial elementor-section-height-default elementor-section-height-default elementor-repeater-item-none elementor-repeater-item-none_hover\" data-id=\"8ae3e28\" data-element_type=\"section\">\n\t\t\t\t\t\t<div class=\"elementor-container elementor-column-gap-default\">\n\t\t\t\t\t<div class=\"elementor-column elementor-col-100 elementor-inner-column elementor-element elementor-element-639a84d elementor-repeater-item-none elementor-repeater-item-none_hover\" data-id=\"639a84d\" data-element_type=\"column\">\n\t\t\t<div class=\"elementor-widget-wrap elementor-element-populated\">\n\t\t\t\t\t\t<div class=\"elementor-element elementor-element-b6ba0b2 elementor-repeater-item-none elementor-repeater-item-none_hover elementor-widget elementor-widget-text-editor\" data-id=\"b6ba0b2\" data-element_type=\"widget\" data-widget_type=\"text-editor.default\">\n\t\t\t\t<div class=\"elementor-widget-container\">\n\t\t\t\t\t\t\t\t\t<p>Der diesj\u00e4hrige Gesellschaftsabend findet am Freitagabend, 29.09.2023, ab 19:00 Uhr in der weltwirtschaft.berlin statt (John-Foster-Dulles-Allee 10, 10557 Berlin).<\/p><p>Im Preis enthalten sind Speisen vom Buffet sowie Getr\u00e4nke (Softgetr\u00e4nke, Bier, Wein, Kaffee) von 19:30 \u2013 22:30 Uhr. Die Teilnehmerzahl ist begrenzt. Bitte buchen Sie rechtzeitig Ihre Teilnahme \u00fcber die\u00a0<a href=\"https:\/\/www.intercom-dresden.de\/secure\/conreg_degam2023\/\" target=\"_blank\" rel=\"noopener\"><strong>Onlineregistrierung<\/strong><\/a>.\u00a0<\/p><p>Einlass ist ab 19:00 Uhr, Beginn der Veranstaltung ist 20:00 Uhr.<\/p>\t\t\t\t\t\t\t\t<\/div>\n\t\t\t\t<\/div>\n\t\t\t\t\t<\/div>\n\t\t<\/div>\n\t\t\t\t\t<\/div>\n\t\t<\/section>\n\t\t\t\t<section class=\"elementor-section elementor-inner-section elementor-element elementor-element-eca396b elementor-section-boxed ang-section-padding-initial elementor-section-height-default elementor-section-height-default elementor-repeater-item-none elementor-repeater-item-none_hover\" data-id=\"eca396b\" data-element_type=\"section\">\n\t\t\t\t\t\t<div class=\"elementor-container elementor-column-gap-default\">\n\t\t\t\t\t<div class=\"elementor-column elementor-col-50 elementor-inner-column elementor-element elementor-element-4166cb5 elementor-repeater-item-none elementor-repeater-item-none_hover\" data-id=\"4166cb5\" data-element_type=\"column\">\n\t\t\t<div class=\"elementor-widget-wrap elementor-element-populated\">\n\t\t\t\t\t\t<div class=\"elementor-element elementor-element-f8e4132 elementor-repeater-item-none elementor-repeater-item-none_hover elementor-widget elementor-widget-text-editor\" data-id=\"f8e4132\" data-element_type=\"widget\" data-widget_type=\"text-editor.default\">\n\t\t\t\t<div class=\"elementor-widget-container\">\n\t\t\t\t\t\t\t\t\t<p>So erreichen Sie die weltwirtschaft:\u00a0 (siehe Bild)<\/p><p>Die gro\u00dfe Treppe hoch, \u00fcbers Dach, unter der Kuppel entlang, anschlie\u00dfend die Treppe runter zum Wasser.<\/p><p>Barrierefrei \u00fcber den Weg rechts ums HKW herum.<\/p><p>Barrierefrei vom Bundestag auf der Paul-L\u00f6be-Allee am Kanzleramt entlang, einfach geradeaus.<\/p><p>Spreeufer entlang, entweder aus Richtung Bellevue oder aus Richtung Hauptbahnhof.<\/p><p>U Bahn Station Bundestag | Linie 5<\/p><p>Bus Station aus der Kulturen der Welt |Linie 100<\/p><p>S Bahn Station Hauptbahnhof | Linie 3 | 5 | 7 | 9<\/p><p>Bike Station Nextbike<\/p>\t\t\t\t\t\t\t\t<\/div>\n\t\t\t\t<\/div>\n\t\t\t\t\t<\/div>\n\t\t<\/div>\n\t\t\t\t<div class=\"elementor-column elementor-col-50 elementor-inner-column elementor-element elementor-element-68a6a92 elementor-repeater-item-none elementor-repeater-item-none_hover\" data-id=\"68a6a92\" data-element_type=\"column\">\n\t\t\t<div class=\"elementor-widget-wrap elementor-element-populated\">\n\t\t\t\t\t\t<div class=\"elementor-element elementor-element-6fed8bd external_elementor-repeater-item-none_external elementor-repeater-item-none elementor-repeater-item-none_hover elementor-widget elementor-widget-image\" data-id=\"6fed8bd\" data-element_type=\"widget\" data-widget_type=\"image.default\">\n\t\t\t\t<div class=\"elementor-widget-container\">\n\t\t\t\t\t\t\t\t\t\t\t\t\t\t\t<img fetchpriority=\"high\" decoding=\"async\" width=\"634\" height=\"555\" src=\"https:\/\/degam-kongress.de\/2023\/wp-content\/uploads\/Linedrawing-red.png\" class=\"attachment-full size-full wp-image-2895\" alt=\"\" srcset=\"https:\/\/degam-kongress.de\/2023\/wp-content\/uploads\/Linedrawing-red.png 634w, https:\/\/degam-kongress.de\/2023\/wp-content\/uploads\/Linedrawing-red-300x263.png 300w, https:\/\/degam-kongress.de\/2023\/wp-content\/uploads\/Linedrawing-red-150x131.png 150w\" sizes=\"(max-width: 634px) 100vw, 634px\" \/>\t\t\t\t\t\t\t\t\t\t\t\t\t\t\t<\/div>\n\t\t\t\t<\/div>\n\t\t\t\t\t<\/div>\n\t\t<\/div>\n\t\t\t\t\t<\/div>\n\t\t<\/section>\n\t\t\t\t<div class=\"elementor-element elementor-element-ee0d632 elementor-repeater-item-none elementor-repeater-item-none_hover elementor-widget elementor-widget-google_maps\" data-id=\"ee0d632\" data-element_type=\"widget\" data-widget_type=\"google_maps.default\">\n\t\t\t\t<div class=\"elementor-widget-container\">\n\t\t\t\t\t\t\t<div class=\"elementor-custom-embed\">\n\t\t\t<iframe loading=\"lazy\"\n\t\t\t\t\tsrc=\"https:\/\/maps.google.com\/maps?q=der%20weltwirtschaft.berlin%2C%20John-Foster-Dulles-Allee%2010%2C%2010557%20Berlin&#038;t=m&#038;z=14&#038;output=embed&#038;iwloc=near\"\n\t\t\t\t\ttitle=\"der weltwirtschaft.berlin, John-Foster-Dulles-Allee 10, 10557 Berlin\"\n\t\t\t\t\taria-label=\"der weltwirtschaft.berlin, John-Foster-Dulles-Allee 10, 10557 Berlin\"\n\t\t\t><\/iframe>\n\t\t<\/div>\n\t\t\t\t\t\t<\/div>\n\t\t\t\t<\/div>\n\t\t\t\t\t<\/div>\n\t\t<\/div>\n\t\t\t\t\t<\/div>\n\t\t<\/section>\n\t\t\t\t<\/div>\n\t\t","protected":false},"excerpt":{"rendered":"<p>Der diesj\u00e4hrige Gesellschaftsabend findet am Freitagabend, 29.09.2023, ab 19:00 Uhr in der weltwirtschaft.berlin statt (John-Foster-Dulles-Allee 10, 10557 Berlin). Im Preis enthalten sind Speisen vom Buffet sowie Getr\u00e4nke (Softgetr\u00e4nke, Bier, Wein, Kaffee) von 19:30 \u2013 22:30 Uhr. Die Teilnehmerzahl ist begrenzt. Bitte buchen Sie rechtzeitig Ihre Teilnahme \u00fcber die\u00a0Onlineregistrierung.\u00a0 Einlass ist ab 19:00 Uhr, Beginn der [&hellip;]<\/p>\n","protected":false},"author":5,"featured_media":0,"parent":1162,"menu_order":1,"comment_status":"closed","ping_status":"closed","template":"","meta":{"_acf_changed":false,"footnotes":""},"class_list":["post-1171","page","type-page","status-publish","hentry"],"acf":[],"yoast_head":"<!-- This site is optimized with the Yoast SEO plugin v26.7 - https:\/\/yoast.com\/wordpress\/plugins\/seo\/ -->\n<title>Gesellschaftsabend - DEGAM 2023<\/title>\n<meta name=\"robots\" content=\"index, follow, max-snippet:-1, max-image-preview:large, max-video-preview:-1\" \/>\n<link rel=\"canonical\" href=\"https:\/\/degam-kongress.de\/2023\/programm\/gesellschaftsabend\/\" \/>\n<meta property=\"og:locale\" content=\"de_DE\" \/>\n<meta property=\"og:type\" content=\"article\" \/>\n<meta property=\"og:title\" content=\"Gesellschaftsabend - DEGAM 2023\" \/>\n<meta property=\"og:description\" content=\"Der diesj\u00e4hrige Gesellschaftsabend findet am Freitagabend, 29.09.2023, ab 19:00 Uhr in der weltwirtschaft.berlin statt (John-Foster-Dulles-Allee 10, 10557 Berlin). Im Preis enthalten sind Speisen vom Buffet sowie Getr\u00e4nke (Softgetr\u00e4nke, Bier, Wein, Kaffee) von 19:30 \u2013 22:30 Uhr. Die Teilnehmerzahl ist begrenzt. Bitte buchen Sie rechtzeitig Ihre Teilnahme \u00fcber die\u00a0Onlineregistrierung.\u00a0 Einlass ist ab 19:00 Uhr, Beginn der [&hellip;]\" \/>\n<meta property=\"og:url\" content=\"https:\/\/degam-kongress.de\/2023\/programm\/gesellschaftsabend\/\" \/>\n<meta property=\"og:site_name\" content=\"DEGAM 2023\" \/>\n<meta property=\"article:modified_time\" content=\"2023-05-22T12:46:15+00:00\" \/>\n<meta property=\"og:image\" content=\"https:\/\/degam-kongress.de\/2023\/wp-content\/uploads\/Linedrawing-red.png\" \/>\n<meta name=\"twitter:card\" content=\"summary_large_image\" \/>\n<meta name=\"twitter:label1\" content=\"Gesch\u00e4tzte Lesezeit\" \/>\n\t<meta name=\"twitter:data1\" content=\"2\u00a0Minuten\" \/>\n<script type=\"application\/ld+json\" class=\"yoast-schema-graph\">{\"@context\":\"https:\/\/schema.org\",\"@graph\":[{\"@type\":\"WebPage\",\"@id\":\"https:\/\/degam-kongress.de\/2023\/programm\/gesellschaftsabend\/\",\"url\":\"https:\/\/degam-kongress.de\/2023\/programm\/gesellschaftsabend\/\",\"name\":\"Gesellschaftsabend - DEGAM 2023\",\"isPartOf\":{\"@id\":\"https:\/\/degam-kongress.de\/2023\/#website\"},\"primaryImageOfPage\":{\"@id\":\"https:\/\/degam-kongress.de\/2023\/programm\/gesellschaftsabend\/#primaryimage\"},\"image\":{\"@id\":\"https:\/\/degam-kongress.de\/2023\/programm\/gesellschaftsabend\/#primaryimage\"},\"thumbnailUrl\":\"https:\/\/degam-kongress.de\/2023\/wp-content\/uploads\/Linedrawing-red.png\",\"datePublished\":\"2020-12-10T09:41:52+00:00\",\"dateModified\":\"2023-05-22T12:46:15+00:00\",\"breadcrumb\":{\"@id\":\"https:\/\/degam-kongress.de\/2023\/programm\/gesellschaftsabend\/#breadcrumb\"},\"inLanguage\":\"de\",\"potentialAction\":[{\"@type\":\"ReadAction\",\"target\":[\"https:\/\/degam-kongress.de\/2023\/programm\/gesellschaftsabend\/\"]}]},{\"@type\":\"ImageObject\",\"inLanguage\":\"de\",\"@id\":\"https:\/\/degam-kongress.de\/2023\/programm\/gesellschaftsabend\/#primaryimage\",\"url\":\"https:\/\/degam-kongress.de\/2023\/wp-content\/uploads\/Linedrawing-red.png\",\"contentUrl\":\"https:\/\/degam-kongress.de\/2023\/wp-content\/uploads\/Linedrawing-red.png\",\"width\":634,\"height\":555},{\"@type\":\"BreadcrumbList\",\"@id\":\"https:\/\/degam-kongress.de\/2023\/programm\/gesellschaftsabend\/#breadcrumb\",\"itemListElement\":[{\"@type\":\"ListItem\",\"position\":1,\"name\":\"Startseite\",\"item\":\"https:\/\/degam-kongress.de\/2023\/\"},{\"@type\":\"ListItem\",\"position\":2,\"name\":\"Privat: Programm\",\"item\":\"https:\/\/degam-kongress.de\/2023\/?page_id=1162\"},{\"@type\":\"ListItem\",\"position\":3,\"name\":\"Gesellschaftsabend\"}]},{\"@type\":\"WebSite\",\"@id\":\"https:\/\/degam-kongress.de\/2023\/#website\",\"url\":\"https:\/\/degam-kongress.de\/2023\/\",\"name\":\"DEGAM 2023\",\"description\":\"57. Kongress f\u00fcr Allgemeinmedizin und Familienmedizin - Die Hausarztpraxis als Ort f\u00fcr Lehre, Forschung und Weiterbildung \u2013 Vision oder Wirklichkeit?\",\"potentialAction\":[{\"@type\":\"SearchAction\",\"target\":{\"@type\":\"EntryPoint\",\"urlTemplate\":\"https:\/\/degam-kongress.de\/2023\/?s={search_term_string}\"},\"query-input\":{\"@type\":\"PropertyValueSpecification\",\"valueRequired\":true,\"valueName\":\"search_term_string\"}}],\"inLanguage\":\"de\"}]}<\/script>\n<!-- \/ Yoast SEO plugin. -->","yoast_head_json":{"title":"Gesellschaftsabend - DEGAM 2023","robots":{"index":"index","follow":"follow","max-snippet":"max-snippet:-1","max-image-preview":"max-image-preview:large","max-video-preview":"max-video-preview:-1"},"canonical":"https:\/\/degam-kongress.de\/2023\/programm\/gesellschaftsabend\/","og_locale":"de_DE","og_type":"article","og_title":"Gesellschaftsabend - DEGAM 2023","og_description":"Der diesj\u00e4hrige Gesellschaftsabend findet am Freitagabend, 29.09.2023, ab 19:00 Uhr in der weltwirtschaft.berlin statt (John-Foster-Dulles-Allee 10, 10557 Berlin). Im Preis enthalten sind Speisen vom Buffet sowie Getr\u00e4nke (Softgetr\u00e4nke, Bier, Wein, Kaffee) von 19:30 \u2013 22:30 Uhr. Die Teilnehmerzahl ist begrenzt. Bitte buchen Sie rechtzeitig Ihre Teilnahme \u00fcber die\u00a0Onlineregistrierung.\u00a0 Einlass ist ab 19:00 Uhr, Beginn der [&hellip;]","og_url":"https:\/\/degam-kongress.de\/2023\/programm\/gesellschaftsabend\/","og_site_name":"DEGAM 2023","article_modified_time":"2023-05-22T12:46:15+00:00","og_image":[{"url":"https:\/\/degam-kongress.de\/2023\/wp-content\/uploads\/Linedrawing-red.png","type":"","width":"","height":""}],"twitter_card":"summary_large_image","twitter_misc":{"Gesch\u00e4tzte Lesezeit":"2\u00a0Minuten"},"schema":{"@context":"https:\/\/schema.org","@graph":[{"@type":"WebPage","@id":"https:\/\/degam-kongress.de\/2023\/programm\/gesellschaftsabend\/","url":"https:\/\/degam-kongress.de\/2023\/programm\/gesellschaftsabend\/","name":"Gesellschaftsabend - DEGAM 2023","isPartOf":{"@id":"https:\/\/degam-kongress.de\/2023\/#website"},"primaryImageOfPage":{"@id":"https:\/\/degam-kongress.de\/2023\/programm\/gesellschaftsabend\/#primaryimage"},"image":{"@id":"https:\/\/degam-kongress.de\/2023\/programm\/gesellschaftsabend\/#primaryimage"},"thumbnailUrl":"https:\/\/degam-kongress.de\/2023\/wp-content\/uploads\/Linedrawing-red.png","datePublished":"2020-12-10T09:41:52+00:00","dateModified":"2023-05-22T12:46:15+00:00","breadcrumb":{"@id":"https:\/\/degam-kongress.de\/2023\/programm\/gesellschaftsabend\/#breadcrumb"},"inLanguage":"de","potentialAction":[{"@type":"ReadAction","target":["https:\/\/degam-kongress.de\/2023\/programm\/gesellschaftsabend\/"]}]},{"@type":"ImageObject","inLanguage":"de","@id":"https:\/\/degam-kongress.de\/2023\/programm\/gesellschaftsabend\/#primaryimage","url":"https:\/\/degam-kongress.de\/2023\/wp-content\/uploads\/Linedrawing-red.png","contentUrl":"https:\/\/degam-kongress.de\/2023\/wp-content\/uploads\/Linedrawing-red.png","width":634,"height":555},{"@type":"BreadcrumbList","@id":"https:\/\/degam-kongress.de\/2023\/programm\/gesellschaftsabend\/#breadcrumb","itemListElement":[{"@type":"ListItem","position":1,"name":"Startseite","item":"https:\/\/degam-kongress.de\/2023\/"},{"@type":"ListItem","position":2,"name":"Privat: Programm","item":"https:\/\/degam-kongress.de\/2023\/?page_id=1162"},{"@type":"ListItem","position":3,"name":"Gesellschaftsabend"}]},{"@type":"WebSite","@id":"https:\/\/degam-kongress.de\/2023\/#website","url":"https:\/\/degam-kongress.de\/2023\/","name":"DEGAM 2023","description":"57. Kongress f\u00fcr Allgemeinmedizin und Familienmedizin - Die Hausarztpraxis als Ort f\u00fcr Lehre, Forschung und Weiterbildung \u2013 Vision oder Wirklichkeit?","potentialAction":[{"@type":"SearchAction","target":{"@type":"EntryPoint","urlTemplate":"https:\/\/degam-kongress.de\/2023\/?s={search_term_string}"},"query-input":{"@type":"PropertyValueSpecification","valueRequired":true,"valueName":"search_term_string"}}],"inLanguage":"de"}]}},"_links":{"self":[{"href":"https:\/\/degam-kongress.de\/2023\/wp-json\/wp\/v2\/pages\/1171","targetHints":{"allow":["GET"]}}],"collection":[{"href":"https:\/\/degam-kongress.de\/2023\/wp-json\/wp\/v2\/pages"}],"about":[{"href":"https:\/\/degam-kongress.de\/2023\/wp-json\/wp\/v2\/types\/page"}],"author":[{"embeddable":true,"href":"https:\/\/degam-kongress.de\/2023\/wp-json\/wp\/v2\/users\/5"}],"replies":[{"embeddable":true,"href":"https:\/\/degam-kongress.de\/2023\/wp-json\/wp\/v2\/comments?post=1171"}],"version-history":[{"count":59,"href":"https:\/\/degam-kongress.de\/2023\/wp-json\/wp\/v2\/pages\/1171\/revisions"}],"predecessor-version":[{"id":2904,"href":"https:\/\/degam-kongress.de\/2023\/wp-json\/wp\/v2\/pages\/1171\/revisions\/2904"}],"up":[{"embeddable":true,"href":"https:\/\/degam-kongress.de\/2023\/wp-json\/wp\/v2\/pages\/1162"}],"wp:attachment":[{"href":"https:\/\/degam-kongress.de\/2023\/wp-json\/wp\/v2\/media?parent=1171"}],"curies":[{"name":"wp","href":"https:\/\/api.w.org\/{rel}","templated":true}]}}