{"id":1618,"date":"2021-08-20T15:36:41","date_gmt":"2021-08-20T13:36:41","guid":{"rendered":"https:\/\/degam-kongress.de\/2023\/?page_id=1618"},"modified":"2023-07-27T09:22:10","modified_gmt":"2023-07-27T07:22:10","slug":"cme-zertifizierung","status":"publish","type":"page","link":"https:\/\/degam-kongress.de\/2023\/cme-zertifizierung\/","title":{"rendered":"CME-Zertifizierung"},"content":{"rendered":"\t\t<div data-elementor-type=\"wp-page\" data-elementor-id=\"1618\" class=\"elementor elementor-1618\" data-elementor-post-type=\"page\">\n\t\t\t\t\t\t<section class=\"elementor-section elementor-top-section elementor-element elementor-element-8e7e4be elementor-section-boxed ang-section-padding-initial elementor-section-height-default elementor-section-height-default elementor-repeater-item-none elementor-repeater-item-none_hover\" data-id=\"8e7e4be\" data-element_type=\"section\">\n\t\t\t\t\t\t<div class=\"elementor-container elementor-column-gap-default\">\n\t\t\t\t\t<div class=\"elementor-column elementor-col-100 elementor-top-column elementor-element elementor-element-069efb2 elementor-repeater-item-none elementor-repeater-item-none_hover\" data-id=\"069efb2\" data-element_type=\"column\">\n\t\t\t<div class=\"elementor-widget-wrap elementor-element-populated\">\n\t\t\t\t\t\t<div class=\"elementor-element elementor-element-7e7b883 trenner elementor-widget-divider--view-line elementor-repeater-item-none elementor-repeater-item-none_hover elementor-widget elementor-widget-global elementor-global-391 elementor-widget-divider\" data-id=\"7e7b883\" data-element_type=\"widget\" data-widget_type=\"divider.default\">\n\t\t\t\t<div class=\"elementor-widget-container\">\n\t\t\t\t\t\t\t<div class=\"elementor-divider\">\n\t\t\t<span class=\"elementor-divider-separator\">\n\t\t\t\t\t\t<\/span>\n\t\t<\/div>\n\t\t\t\t\t\t<\/div>\n\t\t\t\t<\/div>\n\t\t\t\t<div class=\"elementor-element elementor-element-c2dd35b elementor-repeater-item-none elementor-repeater-item-none_hover elementor-widget elementor-widget-text-editor\" data-id=\"c2dd35b\" data-element_type=\"widget\" data-widget_type=\"text-editor.default\">\n\t\t\t\t<div class=\"elementor-widget-container\">\n\t\t\t\t\t\t\t\t\t<p>Der 57. Kongress f\u00fcr Allgemeinmedizin und Familienmedizin der DEGAM ist eine von der der \u00c4rztekammer Berlin zertifizierte Veranstaltung. Die erworbenen CME-Punkte werden bundesweit von allen Landes\u00e4rztekammern anerkannt. Bitte lassen Sie Ihr Namensschild am Freitag und Samstag am Scanner-Point einscannen.<\/p><p>F\u00fcr den vollst\u00e4ndigen Kongressbesuch werden Ihne pro Tag folgende CME-Punkte bescheinigt:<br \/>29. September 2023 6 Punkte<br \/>30. September 2023 6 Punkte<\/p>\t\t\t\t\t\t\t\t<\/div>\n\t\t\t\t<\/div>\n\t\t\t\t\t<\/div>\n\t\t<\/div>\n\t\t\t\t\t<\/div>\n\t\t<\/section>\n\t\t\t\t<\/div>\n\t\t","protected":false},"excerpt":{"rendered":"<p>Der 57. Kongress f\u00fcr Allgemeinmedizin und Familienmedizin der DEGAM ist eine von der der \u00c4rztekammer Berlin zertifizierte Veranstaltung. Die erworbenen CME-Punkte werden bundesweit von allen Landes\u00e4rztekammern anerkannt. Bitte lassen Sie Ihr Namensschild am Freitag und Samstag am Scanner-Point einscannen. F\u00fcr den vollst\u00e4ndigen Kongressbesuch werden Ihne pro Tag folgende CME-Punkte bescheinigt:29. September 2023 6 Punkte30. September [&hellip;]<\/p>\n","protected":false},"author":6,"featured_media":0,"parent":0,"menu_order":0,"comment_status":"closed","ping_status":"closed","template":"","meta":{"_acf_changed":false,"footnotes":""},"class_list":["post-1618","page","type-page","status-publish","hentry"],"acf":[],"yoast_head":"<!-- This site is optimized with the Yoast SEO plugin v26.7 - https:\/\/yoast.com\/wordpress\/plugins\/seo\/ -->\n<title>CME-Zertifizierung - DEGAM 2023<\/title>\n<meta name=\"robots\" content=\"index, follow, max-snippet:-1, max-image-preview:large, max-video-preview:-1\" \/>\n<link rel=\"canonical\" href=\"https:\/\/degam-kongress.de\/2023\/cme-zertifizierung\/\" \/>\n<meta property=\"og:locale\" content=\"de_DE\" \/>\n<meta property=\"og:type\" content=\"article\" \/>\n<meta property=\"og:title\" content=\"CME-Zertifizierung - DEGAM 2023\" \/>\n<meta property=\"og:description\" content=\"Der 57. Kongress f\u00fcr Allgemeinmedizin und Familienmedizin der DEGAM ist eine von der der \u00c4rztekammer Berlin zertifizierte Veranstaltung. Die erworbenen CME-Punkte werden bundesweit von allen Landes\u00e4rztekammern anerkannt. Bitte lassen Sie Ihr Namensschild am Freitag und Samstag am Scanner-Point einscannen. F\u00fcr den vollst\u00e4ndigen Kongressbesuch werden Ihne pro Tag folgende CME-Punkte bescheinigt:29. September 2023 6 Punkte30. September [&hellip;]\" \/>\n<meta property=\"og:url\" content=\"https:\/\/degam-kongress.de\/2023\/cme-zertifizierung\/\" \/>\n<meta property=\"og:site_name\" content=\"DEGAM 2023\" \/>\n<meta property=\"article:modified_time\" content=\"2023-07-27T07:22:10+00:00\" \/>\n<meta name=\"twitter:card\" content=\"summary_large_image\" \/>\n<meta name=\"twitter:label1\" content=\"Gesch\u00e4tzte Lesezeit\" \/>\n\t<meta name=\"twitter:data1\" content=\"1\u00a0Minute\" \/>\n<script type=\"application\/ld+json\" class=\"yoast-schema-graph\">{\"@context\":\"https:\/\/schema.org\",\"@graph\":[{\"@type\":\"WebPage\",\"@id\":\"https:\/\/degam-kongress.de\/2023\/cme-zertifizierung\/\",\"url\":\"https:\/\/degam-kongress.de\/2023\/cme-zertifizierung\/\",\"name\":\"CME-Zertifizierung - DEGAM 2023\",\"isPartOf\":{\"@id\":\"https:\/\/degam-kongress.de\/2023\/#website\"},\"datePublished\":\"2021-08-20T13:36:41+00:00\",\"dateModified\":\"2023-07-27T07:22:10+00:00\",\"breadcrumb\":{\"@id\":\"https:\/\/degam-kongress.de\/2023\/cme-zertifizierung\/#breadcrumb\"},\"inLanguage\":\"de\",\"potentialAction\":[{\"@type\":\"ReadAction\",\"target\":[\"https:\/\/degam-kongress.de\/2023\/cme-zertifizierung\/\"]}]},{\"@type\":\"BreadcrumbList\",\"@id\":\"https:\/\/degam-kongress.de\/2023\/cme-zertifizierung\/#breadcrumb\",\"itemListElement\":[{\"@type\":\"ListItem\",\"position\":1,\"name\":\"Startseite\",\"item\":\"https:\/\/degam-kongress.de\/2023\/\"},{\"@type\":\"ListItem\",\"position\":2,\"name\":\"CME-Zertifizierung\"}]},{\"@type\":\"WebSite\",\"@id\":\"https:\/\/degam-kongress.de\/2023\/#website\",\"url\":\"https:\/\/degam-kongress.de\/2023\/\",\"name\":\"DEGAM 2023\",\"description\":\"57. Kongress f\u00fcr Allgemeinmedizin und Familienmedizin - Die Hausarztpraxis als Ort f\u00fcr Lehre, Forschung und Weiterbildung \u2013 Vision oder Wirklichkeit?\",\"potentialAction\":[{\"@type\":\"SearchAction\",\"target\":{\"@type\":\"EntryPoint\",\"urlTemplate\":\"https:\/\/degam-kongress.de\/2023\/?s={search_term_string}\"},\"query-input\":{\"@type\":\"PropertyValueSpecification\",\"valueRequired\":true,\"valueName\":\"search_term_string\"}}],\"inLanguage\":\"de\"}]}<\/script>\n<!-- \/ Yoast SEO plugin. -->","yoast_head_json":{"title":"CME-Zertifizierung - DEGAM 2023","robots":{"index":"index","follow":"follow","max-snippet":"max-snippet:-1","max-image-preview":"max-image-preview:large","max-video-preview":"max-video-preview:-1"},"canonical":"https:\/\/degam-kongress.de\/2023\/cme-zertifizierung\/","og_locale":"de_DE","og_type":"article","og_title":"CME-Zertifizierung - DEGAM 2023","og_description":"Der 57. Kongress f\u00fcr Allgemeinmedizin und Familienmedizin der DEGAM ist eine von der der \u00c4rztekammer Berlin zertifizierte Veranstaltung. Die erworbenen CME-Punkte werden bundesweit von allen Landes\u00e4rztekammern anerkannt. Bitte lassen Sie Ihr Namensschild am Freitag und Samstag am Scanner-Point einscannen. F\u00fcr den vollst\u00e4ndigen Kongressbesuch werden Ihne pro Tag folgende CME-Punkte bescheinigt:29. September 2023 6 Punkte30. September [&hellip;]","og_url":"https:\/\/degam-kongress.de\/2023\/cme-zertifizierung\/","og_site_name":"DEGAM 2023","article_modified_time":"2023-07-27T07:22:10+00:00","twitter_card":"summary_large_image","twitter_misc":{"Gesch\u00e4tzte Lesezeit":"1\u00a0Minute"},"schema":{"@context":"https:\/\/schema.org","@graph":[{"@type":"WebPage","@id":"https:\/\/degam-kongress.de\/2023\/cme-zertifizierung\/","url":"https:\/\/degam-kongress.de\/2023\/cme-zertifizierung\/","name":"CME-Zertifizierung - DEGAM 2023","isPartOf":{"@id":"https:\/\/degam-kongress.de\/2023\/#website"},"datePublished":"2021-08-20T13:36:41+00:00","dateModified":"2023-07-27T07:22:10+00:00","breadcrumb":{"@id":"https:\/\/degam-kongress.de\/2023\/cme-zertifizierung\/#breadcrumb"},"inLanguage":"de","potentialAction":[{"@type":"ReadAction","target":["https:\/\/degam-kongress.de\/2023\/cme-zertifizierung\/"]}]},{"@type":"BreadcrumbList","@id":"https:\/\/degam-kongress.de\/2023\/cme-zertifizierung\/#breadcrumb","itemListElement":[{"@type":"ListItem","position":1,"name":"Startseite","item":"https:\/\/degam-kongress.de\/2023\/"},{"@type":"ListItem","position":2,"name":"CME-Zertifizierung"}]},{"@type":"WebSite","@id":"https:\/\/degam-kongress.de\/2023\/#website","url":"https:\/\/degam-kongress.de\/2023\/","name":"DEGAM 2023","description":"57. Kongress f\u00fcr Allgemeinmedizin und Familienmedizin - Die Hausarztpraxis als Ort f\u00fcr Lehre, Forschung und Weiterbildung \u2013 Vision oder Wirklichkeit?","potentialAction":[{"@type":"SearchAction","target":{"@type":"EntryPoint","urlTemplate":"https:\/\/degam-kongress.de\/2023\/?s={search_term_string}"},"query-input":{"@type":"PropertyValueSpecification","valueRequired":true,"valueName":"search_term_string"}}],"inLanguage":"de"}]}},"_links":{"self":[{"href":"https:\/\/degam-kongress.de\/2023\/wp-json\/wp\/v2\/pages\/1618","targetHints":{"allow":["GET"]}}],"collection":[{"href":"https:\/\/degam-kongress.de\/2023\/wp-json\/wp\/v2\/pages"}],"about":[{"href":"https:\/\/degam-kongress.de\/2023\/wp-json\/wp\/v2\/types\/page"}],"author":[{"embeddable":true,"href":"https:\/\/degam-kongress.de\/2023\/wp-json\/wp\/v2\/users\/6"}],"replies":[{"embeddable":true,"href":"https:\/\/degam-kongress.de\/2023\/wp-json\/wp\/v2\/comments?post=1618"}],"version-history":[{"count":13,"href":"https:\/\/degam-kongress.de\/2023\/wp-json\/wp\/v2\/pages\/1618\/revisions"}],"predecessor-version":[{"id":2987,"href":"https:\/\/degam-kongress.de\/2023\/wp-json\/wp\/v2\/pages\/1618\/revisions\/2987"}],"wp:attachment":[{"href":"https:\/\/degam-kongress.de\/2023\/wp-json\/wp\/v2\/media?parent=1618"}],"curies":[{"name":"wp","href":"https:\/\/api.w.org\/{rel}","templated":true}]}}