{"id":4478,"date":"2024-05-28T10:32:51","date_gmt":"2024-05-28T08:32:51","guid":{"rendered":"https:\/\/degam-kongress.de\/2024\/?page_id=4478"},"modified":"2024-05-28T10:38:53","modified_gmt":"2024-05-28T08:38:53","slug":"vortragsformate","status":"publish","type":"page","link":"https:\/\/degam-kongress.de\/2024\/generelle-informationen\/vortragsformate\/","title":{"rendered":"Vortragsformate"},"content":{"rendered":"\t\t<div data-elementor-type=\"wp-page\" data-elementor-id=\"4478\" class=\"elementor elementor-4478\" data-elementor-post-type=\"page\">\n\t\t\t\t\t\t<section class=\"elementor-section elementor-top-section elementor-element elementor-element-3dea64c elementor-section-boxed ang-section-padding-initial elementor-section-height-default elementor-section-height-default elementor-repeater-item-none elementor-repeater-item-none_hover\" data-id=\"3dea64c\" data-element_type=\"section\">\n\t\t\t\t\t\t<div class=\"elementor-container elementor-column-gap-default\">\n\t\t\t\t\t<div class=\"elementor-column elementor-col-100 elementor-top-column elementor-element elementor-element-fd24fd8 elementor-repeater-item-none elementor-repeater-item-none_hover\" data-id=\"fd24fd8\" data-element_type=\"column\">\n\t\t\t<div class=\"elementor-widget-wrap elementor-element-populated\">\n\t\t\t\t\t\t<div class=\"elementor-element elementor-element-fdbf336 elementor-repeater-item-none elementor-repeater-item-none_hover elementor-widget elementor-widget-heading\" data-id=\"fdbf336\" data-element_type=\"widget\" data-widget_type=\"heading.default\">\n\t\t\t\t<div class=\"elementor-widget-container\">\n\t\t\t\t\t<h2 class=\"elementor-heading-title elementor-size-default\">Vortragsformate<\/h2>\t\t\t\t<\/div>\n\t\t\t\t<\/div>\n\t\t\t\t<div class=\"elementor-element elementor-element-52cbf6c elementor-repeater-item-none elementor-repeater-item-none_hover elementor-widget elementor-widget-text-editor\" data-id=\"52cbf6c\" data-element_type=\"widget\" data-widget_type=\"text-editor.default\">\n\t\t\t\t<div class=\"elementor-widget-container\">\n\t\t\t\t\t\t\t\t\t\t\t<div data-elementor-type=\"section\" data-elementor-id=\"4480\" class=\"elementor elementor-4480\" data-elementor-post-type=\"elementor_library\">\n\t\t\t<div class=\"elementor-element elementor-element-f94b296 e-flex e-con-boxed elementor-repeater-item-default_padding elementor-repeater-item-none elementor-repeater-item-none_hover e-con e-parent\" data-id=\"f94b296\" data-element_type=\"container\" data-settings=\"{&quot;ang_container_spacing_size&quot;:&quot;default_padding&quot;}\">\n\t\t\t\t\t<div class=\"e-con-inner\">\n\t\t\t\t<div class=\"elementor-element elementor-element-fc6f6c2 elementor-repeater-item-none elementor-repeater-item-none_hover elementor-widget elementor-widget-text-editor\" data-id=\"fc6f6c2\" data-element_type=\"widget\" data-widget_type=\"text-editor.default\">\n\t\t\t\t<div class=\"elementor-widget-container\">\n\t\t\t\t\t\t\t\t\t<p><!--<\/p>\n<tr>\n<td valign=\"top\"><strong>Pre-Conference Worskhop<\/strong><\/td>\n<td valign=\"top\"><\/td>\n<td valign=\"top\">(3 Stunden)<\/td>\n<\/tr>\n<p>--><\/p>\n<table>\n<tbody>\n<tr>\n<td rowspan=\"4\" valign=\"top\"><strong>M\u00fcndlich<\/strong><\/td>\n<td valign=\"top\"><strong>Konventioneller Vortrag<\/strong><\/td>\n<td valign=\"top\">10 Minuten Vortrag, 5 Minuten Diskussion<\/td>\n<\/tr>\n<tr>\n<td valign=\"top\"><strong>Science Slam<\/strong><\/td>\n<td valign=\"top\">\u201e10 min Vortrag mit hohem Unterhaltungswert sowohl f\u00fcr Wissenschaftler als auch f\u00fcr Laien (<a href=\"https:\/\/www.scienceslam.de\" target=\"_blank\" rel=\"noopener\">www.scienceslam.de<\/a>).\u201c Preisverleihung direkt am Ende der Session!<\/td>\n<\/tr>\n<tr>\n<td valign=\"top\"><strong>\u201eOne-Slide-Five-Minutes\u201c<\/strong><\/td>\n<td valign=\"top\">5 Minuten Vortrag mit nur 1 (!) Folie, 1 Minuten Diskussion<\/td>\n<\/tr>\n<tr>\n<td valign=\"top\"><strong>Werkstattbericht aus der Praxis<\/strong><\/td>\n<td valign=\"top\">(Forschungsideen aus der Praxis) (4 min Pr\u00e4sentation, 8 min Diskussion): Dieses Format bietet niedergelassenen AllgemeinmedizinerInnen die M\u00f6glichkeit eigene Praxiserfahrungen mit Forschungsideen zu verkn\u00fcpfen. Die Idee sollte pr\u00e4sentiert werden und mit den anwesenden Experten in m\u00f6gliche Forschungsvorhaben gegossen werden. Die Verbindung von Erfahrungsmedizin und Evidenz steht hier im Vordergrund.<\/td>\n<\/tr>\n<tr>\n<td valign=\"top\"><strong>Poster<\/strong><\/td>\n<td valign=\"top\"><\/td>\n<td valign=\"top\">DIN A0-Format, L\u00e4nge von maximal 5 Minuten und einer anschlie\u00dfenden zweimin\u00fctigen Diskussion<\/td>\n<\/tr>\n<tr>\n<td valign=\"top\"><strong>Workshop<\/strong><\/td>\n<td valign=\"top\"><\/td>\n<td valign=\"top\">(90 Minuten) mit thematischem, praktischem und \/ oder methodischem Fokus und interaktivem, aktivierendem Format<\/td>\n<\/tr>\n<tr>\n<td valign=\"top\"><strong>Symposium<\/strong><\/td>\n<td valign=\"top\"><\/td>\n<td valign=\"top\">\n<p><b>1x 90 min oder\/und 2x 90 Minuten<\/b><\/p>\n<p>Symposien k\u00f6nnen von Arbeitsgruppen oder Konsortien eingereicht werden, um verschiedene Ergebnisse eines gr\u00f6\u00dferen Projekts im Zusammenhang darzustellen. Daf\u00fcr sind beispielsweise geeignet:<br>\u2013 Cluster-randomisierte kontrollierte Studien zur Diskussion verschiedener Endpunkte<br>\u2013 Mixed Methods-Studien, aus denen qualitative Forschungsergebnisse im Zusammenhang mit quantitativen Ergebnissen pr\u00e4sentiert werden sollen<br>\u2013 Ergebnisse aus Versorgungsstudien mit Bezug auf die Implementierung in die Regelversorgung<br>\u2013 Verschiedene Studien zum gleichen Thema.<br>Nach M\u00f6glichkeit sollen auch externe Forscher\/Forscherinnen einbezogen werden, die nicht derselben Arbeitsgruppe angeh\u00f6ren und die Ergebnisse zu demselben oder einem inhaltlich passenden Gebiet pr\u00e4sentieren.<br>F\u00fcr eine Bewerbung als Symposium ist ein Rahmenabstract einzureichen, das das Gesamtthema, Titel der (max. 6) Einzelbeitr\u00e4ge und Namen der Vortragenden sowie den Mehrwert einer Pr\u00e4sentation als Symposium gegen\u00fcber Einzelvortr\u00e4gen darstellt. Zudem sind zu jedem der im Symposium zu pr\u00e4sentierenden Vortr\u00e4ge einzelne Abstracts nach dem gewohnten Prozedere einzureichen. Mit dem Hinzuf\u00fcgen der Vortr\u00e4ge werden Benachrichtigungen mit Zugangsdaten an die jeweiligen Vortragenden automatisiert versendet.<\/p>\n<\/td>\n<\/tr>\n<\/tbody>\n<\/table>\t\t\t\t\t\t\t\t<\/div>\n\t\t\t\t<\/div>\n\t\t\t\t\t<\/div>\n\t\t\t\t<\/div>\n\t\t\t\t<\/div>\n\t\t\t\t\t\t\t\t\t\t<\/div>\n\t\t\t\t<\/div>\n\t\t\t\t\t<\/div>\n\t\t<\/div>\n\t\t\t\t\t<\/div>\n\t\t<\/section>\n\t\t\t\t<\/div>\n\t\t","protected":false},"excerpt":{"rendered":"<p>Vortragsformate<\/p>\n","protected":false},"author":5,"featured_media":0,"parent":464,"menu_order":6,"comment_status":"closed","ping_status":"closed","template":"","meta":{"_acf_changed":false,"footnotes":""},"class_list":["post-4478","page","type-page","status-publish","hentry"],"acf":[],"yoast_head":"<!-- This site is optimized with the Yoast SEO plugin v26.7 - https:\/\/yoast.com\/wordpress\/plugins\/seo\/ -->\n<title>Vortragsformate - DEGAM 2024<\/title>\n<meta name=\"robots\" content=\"index, follow, max-snippet:-1, max-image-preview:large, max-video-preview:-1\" \/>\n<link rel=\"canonical\" href=\"https:\/\/degam-kongress.de\/2024\/generelle-informationen\/vortragsformate\/\" \/>\n<meta property=\"og:locale\" content=\"de_DE\" \/>\n<meta property=\"og:type\" content=\"article\" \/>\n<meta property=\"og:title\" content=\"Vortragsformate - DEGAM 2024\" \/>\n<meta property=\"og:description\" content=\"Vortragsformate\" \/>\n<meta property=\"og:url\" content=\"https:\/\/degam-kongress.de\/2024\/generelle-informationen\/vortragsformate\/\" \/>\n<meta property=\"og:site_name\" content=\"DEGAM 2024\" \/>\n<meta property=\"article:modified_time\" content=\"2024-05-28T08:38:53+00:00\" \/>\n<meta name=\"twitter:card\" content=\"summary_large_image\" \/>\n<meta name=\"twitter:label1\" content=\"Gesch\u00e4tzte Lesezeit\" \/>\n\t<meta name=\"twitter:data1\" content=\"1\u00a0Minute\" \/>\n<script type=\"application\/ld+json\" class=\"yoast-schema-graph\">{\"@context\":\"https:\/\/schema.org\",\"@graph\":[{\"@type\":\"WebPage\",\"@id\":\"https:\/\/degam-kongress.de\/2024\/generelle-informationen\/vortragsformate\/\",\"url\":\"https:\/\/degam-kongress.de\/2024\/generelle-informationen\/vortragsformate\/\",\"name\":\"Vortragsformate - DEGAM 2024\",\"isPartOf\":{\"@id\":\"https:\/\/degam-kongress.de\/2024\/#website\"},\"datePublished\":\"2024-05-28T08:32:51+00:00\",\"dateModified\":\"2024-05-28T08:38:53+00:00\",\"breadcrumb\":{\"@id\":\"https:\/\/degam-kongress.de\/2024\/generelle-informationen\/vortragsformate\/#breadcrumb\"},\"inLanguage\":\"de\",\"potentialAction\":[{\"@type\":\"ReadAction\",\"target\":[\"https:\/\/degam-kongress.de\/2024\/generelle-informationen\/vortragsformate\/\"]}]},{\"@type\":\"BreadcrumbList\",\"@id\":\"https:\/\/degam-kongress.de\/2024\/generelle-informationen\/vortragsformate\/#breadcrumb\",\"itemListElement\":[{\"@type\":\"ListItem\",\"position\":1,\"name\":\"Startseite\",\"item\":\"https:\/\/degam-kongress.de\/2024\/\"},{\"@type\":\"ListItem\",\"position\":2,\"name\":\"Generelle Informationen\",\"item\":\"https:\/\/degam-kongress.de\/2024\/generelle-informationen\/\"},{\"@type\":\"ListItem\",\"position\":3,\"name\":\"Vortragsformate\"}]},{\"@type\":\"WebSite\",\"@id\":\"https:\/\/degam-kongress.de\/2024\/#website\",\"url\":\"https:\/\/degam-kongress.de\/2024\/\",\"name\":\"DEGAM 2024\",\"description\":\"58. Kongress f\u00fcr Allgemeinmedizin und Familienmedizin Neue Wege in die Allgemeinmedizin \u2013 Nachwuchs f\u00fcr Versorgung und Forschung begeistern\",\"potentialAction\":[{\"@type\":\"SearchAction\",\"target\":{\"@type\":\"EntryPoint\",\"urlTemplate\":\"https:\/\/degam-kongress.de\/2024\/?s={search_term_string}\"},\"query-input\":{\"@type\":\"PropertyValueSpecification\",\"valueRequired\":true,\"valueName\":\"search_term_string\"}}],\"inLanguage\":\"de\"}]}<\/script>\n<!-- \/ Yoast SEO plugin. -->","yoast_head_json":{"title":"Vortragsformate - DEGAM 2024","robots":{"index":"index","follow":"follow","max-snippet":"max-snippet:-1","max-image-preview":"max-image-preview:large","max-video-preview":"max-video-preview:-1"},"canonical":"https:\/\/degam-kongress.de\/2024\/generelle-informationen\/vortragsformate\/","og_locale":"de_DE","og_type":"article","og_title":"Vortragsformate - DEGAM 2024","og_description":"Vortragsformate","og_url":"https:\/\/degam-kongress.de\/2024\/generelle-informationen\/vortragsformate\/","og_site_name":"DEGAM 2024","article_modified_time":"2024-05-28T08:38:53+00:00","twitter_card":"summary_large_image","twitter_misc":{"Gesch\u00e4tzte Lesezeit":"1\u00a0Minute"},"schema":{"@context":"https:\/\/schema.org","@graph":[{"@type":"WebPage","@id":"https:\/\/degam-kongress.de\/2024\/generelle-informationen\/vortragsformate\/","url":"https:\/\/degam-kongress.de\/2024\/generelle-informationen\/vortragsformate\/","name":"Vortragsformate - DEGAM 2024","isPartOf":{"@id":"https:\/\/degam-kongress.de\/2024\/#website"},"datePublished":"2024-05-28T08:32:51+00:00","dateModified":"2024-05-28T08:38:53+00:00","breadcrumb":{"@id":"https:\/\/degam-kongress.de\/2024\/generelle-informationen\/vortragsformate\/#breadcrumb"},"inLanguage":"de","potentialAction":[{"@type":"ReadAction","target":["https:\/\/degam-kongress.de\/2024\/generelle-informationen\/vortragsformate\/"]}]},{"@type":"BreadcrumbList","@id":"https:\/\/degam-kongress.de\/2024\/generelle-informationen\/vortragsformate\/#breadcrumb","itemListElement":[{"@type":"ListItem","position":1,"name":"Startseite","item":"https:\/\/degam-kongress.de\/2024\/"},{"@type":"ListItem","position":2,"name":"Generelle Informationen","item":"https:\/\/degam-kongress.de\/2024\/generelle-informationen\/"},{"@type":"ListItem","position":3,"name":"Vortragsformate"}]},{"@type":"WebSite","@id":"https:\/\/degam-kongress.de\/2024\/#website","url":"https:\/\/degam-kongress.de\/2024\/","name":"DEGAM 2024","description":"58. Kongress f\u00fcr Allgemeinmedizin und Familienmedizin Neue Wege in die Allgemeinmedizin \u2013 Nachwuchs f\u00fcr Versorgung und Forschung begeistern","potentialAction":[{"@type":"SearchAction","target":{"@type":"EntryPoint","urlTemplate":"https:\/\/degam-kongress.de\/2024\/?s={search_term_string}"},"query-input":{"@type":"PropertyValueSpecification","valueRequired":true,"valueName":"search_term_string"}}],"inLanguage":"de"}]}},"_links":{"self":[{"href":"https:\/\/degam-kongress.de\/2024\/wp-json\/wp\/v2\/pages\/4478","targetHints":{"allow":["GET"]}}],"collection":[{"href":"https:\/\/degam-kongress.de\/2024\/wp-json\/wp\/v2\/pages"}],"about":[{"href":"https:\/\/degam-kongress.de\/2024\/wp-json\/wp\/v2\/types\/page"}],"author":[{"embeddable":true,"href":"https:\/\/degam-kongress.de\/2024\/wp-json\/wp\/v2\/users\/5"}],"replies":[{"embeddable":true,"href":"https:\/\/degam-kongress.de\/2024\/wp-json\/wp\/v2\/comments?post=4478"}],"version-history":[{"count":13,"href":"https:\/\/degam-kongress.de\/2024\/wp-json\/wp\/v2\/pages\/4478\/revisions"}],"predecessor-version":[{"id":4498,"href":"https:\/\/degam-kongress.de\/2024\/wp-json\/wp\/v2\/pages\/4478\/revisions\/4498"}],"up":[{"embeddable":true,"href":"https:\/\/degam-kongress.de\/2024\/wp-json\/wp\/v2\/pages\/464"}],"wp:attachment":[{"href":"https:\/\/degam-kongress.de\/2024\/wp-json\/wp\/v2\/media?parent=4478"}],"curies":[{"name":"wp","href":"https:\/\/api.w.org\/{rel}","templated":true}]}}