{"id":523,"date":"2020-11-27T13:47:08","date_gmt":"2020-11-27T12:47:08","guid":{"rendered":"https:\/\/degam-kongress.de\/2024\/?page_id=523"},"modified":"2023-11-02T10:27:06","modified_gmt":"2023-11-02T09:27:06","slug":"kontakt","status":"publish","type":"page","link":"https:\/\/degam-kongress.de\/2024\/kontakt\/","title":{"rendered":"Kontakt"},"content":{"rendered":"\t\t<div data-elementor-type=\"wp-page\" data-elementor-id=\"523\" class=\"elementor elementor-523\" data-elementor-post-type=\"page\">\n\t\t\t\t<div class=\"elementor-element elementor-element-fab39e7 e-flex e-con-boxed elementor-repeater-item-default_padding elementor-repeater-item-none elementor-repeater-item-none_hover e-con e-parent\" data-id=\"fab39e7\" data-element_type=\"container\" data-settings=\"{&quot;ang_container_spacing_size&quot;:&quot;default_padding&quot;}\">\n\t\t\t\t\t<div class=\"e-con-inner\">\n\t\t\t\t<div class=\"elementor-element elementor-element-1e120cc elementor-repeater-item-none elementor-repeater-item-none_hover elementor-widget elementor-widget-heading\" data-id=\"1e120cc\" data-element_type=\"widget\" data-widget_type=\"heading.default\">\n\t\t\t\t<div class=\"elementor-widget-container\">\n\t\t\t\t\t<h2 class=\"elementor-heading-title elementor-size-default\">Kontakt<\/h2>\t\t\t\t<\/div>\n\t\t\t\t<\/div>\n\t\t\t\t\t<\/div>\n\t\t\t\t<\/div>\n\t\t<div class=\"elementor-element elementor-element-e1b4648 e-flex e-con-boxed elementor-repeater-item-default_padding sk-none elementor-repeater-item-none elementor-repeater-item-none_hover e-con e-parent\" data-id=\"e1b4648\" data-element_type=\"container\" data-settings=\"{&quot;background_background&quot;:&quot;classic&quot;,&quot;ang_container_spacing_size&quot;:&quot;default_padding&quot;}\">\n\t\t\t\t\t<div class=\"e-con-inner\">\n\t\t<div class=\"elementor-element elementor-element-b67775b e-con-full e-flex elementor-repeater-item-default_padding elementor-repeater-item-none elementor-repeater-item-none_hover e-con e-child\" data-id=\"b67775b\" data-element_type=\"container\" data-settings=\"{&quot;ang_container_spacing_size&quot;:&quot;default_padding&quot;}\">\n\t\t\t\t<div class=\"elementor-element elementor-element-12e5ecd elementor-repeater-item-none elementor-repeater-item-none_hover elementor-widget elementor-widget-heading\" data-id=\"12e5ecd\" data-element_type=\"widget\" data-widget_type=\"heading.default\">\n\t\t\t\t<div class=\"elementor-widget-container\">\n\t\t\t\t\t<h2 class=\"elementor-heading-title elementor-size-default\">Veranstalter<\/h2>\t\t\t\t<\/div>\n\t\t\t\t<\/div>\n\t\t\t\t<\/div>\n\t\t<div class=\"elementor-element elementor-element-7b215a3 e-con-full e-flex elementor-repeater-item-default_padding elementor-repeater-item-none elementor-repeater-item-none_hover e-con e-child\" data-id=\"7b215a3\" data-element_type=\"container\" data-settings=\"{&quot;ang_container_spacing_size&quot;:&quot;default_padding&quot;}\">\n\t\t\t\t<div class=\"elementor-element elementor-element-4d8c865 external_elementor-repeater-item-none_external elementor-repeater-item-none elementor-repeater-item-none_hover elementor-widget elementor-widget-image\" data-id=\"4d8c865\" data-element_type=\"widget\" data-widget_type=\"image.default\">\n\t\t\t\t<div class=\"elementor-widget-container\">\n\t\t\t\t\t\t\t\t\t\t\t\t\t\t\t<img decoding=\"async\" width=\"72\" height=\"83\" src=\"https:\/\/degam-kongress.de\/2024\/wp-content\/uploads\/DEGAM-Logo.svg\" class=\"attachment-full size-full wp-image-3259\" alt=\"\" \/>\t\t\t\t\t\t\t\t\t\t\t\t\t\t\t<\/div>\n\t\t\t\t<\/div>\n\t\t\t\t<div class=\"elementor-element elementor-element-407b7dd elementor-repeater-item-none elementor-repeater-item-none_hover elementor-widget elementor-widget-text-editor\" data-id=\"407b7dd\" data-element_type=\"widget\" data-widget_type=\"text-editor.default\">\n\t\t\t\t<div class=\"elementor-widget-container\">\n\t\t\t\t\t\t\t\t\t<p><strong>Deutsche Gesellschaft f\u00fcr Allgemeinmedizin und Familienmedizin<\/strong><br \/><span>DEGAM-Bundesgesch\u00e4ftsstelle<br \/>Schumannstr. 9<br \/>10117 Berlin<br \/><\/span><\/p>\t\t\t\t\t\t\t\t<\/div>\n\t\t\t\t<\/div>\n\t\t\t\t<div class=\"elementor-element elementor-element-3a6e070 elementor-icon-list--layout-traditional elementor-list-item-link-full_width elementor-repeater-item-none elementor-repeater-item-none_hover elementor-widget elementor-widget-icon-list\" data-id=\"3a6e070\" data-element_type=\"widget\" data-widget_type=\"icon-list.default\">\n\t\t\t\t<div class=\"elementor-widget-container\">\n\t\t\t\t\t\t\t<ul class=\"elementor-icon-list-items\">\n\t\t\t\t\t\t\t<li class=\"elementor-icon-list-item\">\n\t\t\t\t\t\t\t\t\t\t\t<a href=\"tel:+4930209669800\">\n\n\t\t\t\t\t\t\t\t\t\t\t\t<span class=\"elementor-icon-list-icon\">\n\t\t\t\t\t\t\t<i aria-hidden=\"true\" class=\"fas fa-phone-alt\"><\/i>\t\t\t\t\t\t<\/span>\n\t\t\t\t\t\t\t\t\t\t<span class=\"elementor-icon-list-text\">+49 30 209669800<\/span>\n\t\t\t\t\t\t\t\t\t\t\t<\/a>\n\t\t\t\t\t\t\t\t\t<\/li>\n\t\t\t\t\t\t\t\t<li class=\"elementor-icon-list-item\">\n\t\t\t\t\t\t\t\t\t\t\t<a href=\"mailto:geschaeftsstelle@degam.de?subject=DEGAM%202024\">\n\n\t\t\t\t\t\t\t\t\t\t\t\t<span class=\"elementor-icon-list-icon\">\n\t\t\t\t\t\t\t<i aria-hidden=\"true\" class=\"fas fa-envelope\"><\/i>\t\t\t\t\t\t<\/span>\n\t\t\t\t\t\t\t\t\t\t<span class=\"elementor-icon-list-text\">geschaeftsstelle@degam.de<\/span>\n\t\t\t\t\t\t\t\t\t\t\t<\/a>\n\t\t\t\t\t\t\t\t\t<\/li>\n\t\t\t\t\t\t\t\t<li class=\"elementor-icon-list-item\">\n\t\t\t\t\t\t\t\t\t\t\t<a href=\"mailto:presse@degam.de?subject=DEGAM%202024\">\n\n\t\t\t\t\t\t\t\t\t\t\t\t<span class=\"elementor-icon-list-icon\">\n\t\t\t\t\t\t\t<i aria-hidden=\"true\" class=\"fas fa-envelope\"><\/i>\t\t\t\t\t\t<\/span>\n\t\t\t\t\t\t\t\t\t\t<span class=\"elementor-icon-list-text\">presse@degam.de<\/span>\n\t\t\t\t\t\t\t\t\t\t\t<\/a>\n\t\t\t\t\t\t\t\t\t<\/li>\n\t\t\t\t\t\t\t\t<li class=\"elementor-icon-list-item\">\n\t\t\t\t\t\t\t\t\t\t\t<a href=\"http:\/\/www.degam.de\" target=\"_blank\">\n\n\t\t\t\t\t\t\t\t\t\t\t\t<span class=\"elementor-icon-list-icon\">\n\t\t\t\t\t\t\t<i aria-hidden=\"true\" class=\"fas fa-globe\"><\/i>\t\t\t\t\t\t<\/span>\n\t\t\t\t\t\t\t\t\t\t<span class=\"elementor-icon-list-text\">www.degam.de<\/span>\n\t\t\t\t\t\t\t\t\t\t\t<\/a>\n\t\t\t\t\t\t\t\t\t<\/li>\n\t\t\t\t\t\t<\/ul>\n\t\t\t\t\t\t<\/div>\n\t\t\t\t<\/div>\n\t\t\t\t<\/div>\n\t\t\t\t\t<\/div>\n\t\t\t\t<\/div>\n\t\t<div class=\"elementor-element elementor-element-14d175b e-flex e-con-boxed elementor-repeater-item-default_padding sk-none elementor-repeater-item-none elementor-repeater-item-none_hover e-con e-parent\" data-id=\"14d175b\" data-element_type=\"container\" data-settings=\"{&quot;background_background&quot;:&quot;classic&quot;,&quot;ang_container_spacing_size&quot;:&quot;default_padding&quot;}\">\n\t\t\t\t\t<div class=\"e-con-inner\">\n\t\t<div class=\"elementor-element elementor-element-97e337b e-con-full e-flex elementor-repeater-item-default_padding elementor-repeater-item-none elementor-repeater-item-none_hover e-con e-child\" data-id=\"97e337b\" data-element_type=\"container\" data-settings=\"{&quot;ang_container_spacing_size&quot;:&quot;default_padding&quot;}\">\n\t\t\t\t<div class=\"elementor-element elementor-element-6682346 elementor-repeater-item-none elementor-repeater-item-none_hover elementor-widget elementor-widget-heading\" data-id=\"6682346\" data-element_type=\"widget\" data-widget_type=\"heading.default\">\n\t\t\t\t<div class=\"elementor-widget-container\">\n\t\t\t\t\t<h2 class=\"elementor-heading-title elementor-size-default\">Veranstaltungs&amp;shyorganisation<\/h2>\t\t\t\t<\/div>\n\t\t\t\t<\/div>\n\t\t\t\t<\/div>\n\t\t<div class=\"elementor-element elementor-element-e6d5309 e-con-full e-flex elementor-repeater-item-default_padding elementor-repeater-item-none elementor-repeater-item-none_hover e-con e-child\" data-id=\"e6d5309\" data-element_type=\"container\" data-settings=\"{&quot;ang_container_spacing_size&quot;:&quot;default_padding&quot;}\">\n\t\t\t\t<div class=\"elementor-element elementor-element-4a97218 external_elementor-repeater-item-none_external elementor-repeater-item-none elementor-repeater-item-none_hover elementor-widget elementor-widget-image\" data-id=\"4a97218\" data-element_type=\"widget\" data-widget_type=\"image.default\">\n\t\t\t\t<div class=\"elementor-widget-container\">\n\t\t\t\t\t\t\t\t\t\t\t\t\t\t\t<img fetchpriority=\"high\" decoding=\"async\" width=\"1742\" height=\"578\" src=\"https:\/\/degam-kongress.de\/2024\/wp-content\/uploads\/Logokombi-allgemeinmedizin.png\" class=\"attachment-full size-full wp-image-3678\" alt=\"\" srcset=\"https:\/\/degam-kongress.de\/2024\/wp-content\/uploads\/Logokombi-allgemeinmedizin.png 1742w, https:\/\/degam-kongress.de\/2024\/wp-content\/uploads\/Logokombi-allgemeinmedizin-300x100.png 300w, https:\/\/degam-kongress.de\/2024\/wp-content\/uploads\/Logokombi-allgemeinmedizin-1024x340.png 1024w, https:\/\/degam-kongress.de\/2024\/wp-content\/uploads\/Logokombi-allgemeinmedizin-150x50.png 150w, https:\/\/degam-kongress.de\/2024\/wp-content\/uploads\/Logokombi-allgemeinmedizin-768x255.png 768w, https:\/\/degam-kongress.de\/2024\/wp-content\/uploads\/Logokombi-allgemeinmedizin-1536x510.png 1536w\" sizes=\"(max-width: 1742px) 100vw, 1742px\" \/>\t\t\t\t\t\t\t\t\t\t\t\t\t\t\t<\/div>\n\t\t\t\t<\/div>\n\t\t\t\t<div class=\"elementor-element elementor-element-4ff025f elementor-repeater-item-none elementor-repeater-item-none_hover elementor-widget elementor-widget-text-editor\" data-id=\"4ff025f\" data-element_type=\"widget\" data-widget_type=\"text-editor.default\">\n\t\t\t\t<div class=\"elementor-widget-container\">\n\t\t\t\t\t\t\t\t\t<p><strong>Institut f\u00fcr Allgemeinmedizin<\/strong><br \/>Universit\u00e4tsklinikum W\u00fcrzburg<br \/>Josef-Schneider-Stra\u00dfe 2 \/ Haus D7<br \/>97080 W\u00fcrzburg<\/p>\t\t\t\t\t\t\t\t<\/div>\n\t\t\t\t<\/div>\n\t\t\t\t<div class=\"elementor-element elementor-element-6fceeb5 elementor-icon-list--layout-traditional elementor-list-item-link-full_width elementor-repeater-item-none elementor-repeater-item-none_hover elementor-widget elementor-widget-icon-list\" data-id=\"6fceeb5\" data-element_type=\"widget\" data-widget_type=\"icon-list.default\">\n\t\t\t\t<div class=\"elementor-widget-container\">\n\t\t\t\t\t\t\t<ul class=\"elementor-icon-list-items\">\n\t\t\t\t\t\t\t<li class=\"elementor-icon-list-item\">\n\t\t\t\t\t\t\t\t\t\t\t<a href=\"tel:+4993120147802\">\n\n\t\t\t\t\t\t\t\t\t\t\t\t<span class=\"elementor-icon-list-icon\">\n\t\t\t\t\t\t\t<i aria-hidden=\"true\" class=\"fas fa-phone-alt\"><\/i>\t\t\t\t\t\t<\/span>\n\t\t\t\t\t\t\t\t\t\t<span class=\"elementor-icon-list-text\">+49 931 20147802<\/span>\n\t\t\t\t\t\t\t\t\t\t\t<\/a>\n\t\t\t\t\t\t\t\t\t<\/li>\n\t\t\t\t\t\t\t\t<li class=\"elementor-icon-list-item\">\n\t\t\t\t\t\t\t\t\t\t\t<a href=\"mailto:degam24@ukw.de%20\">\n\n\t\t\t\t\t\t\t\t\t\t\t\t<span class=\"elementor-icon-list-icon\">\n\t\t\t\t\t\t\t<i aria-hidden=\"true\" class=\"fas fa-envelope\"><\/i>\t\t\t\t\t\t<\/span>\n\t\t\t\t\t\t\t\t\t\t<span class=\"elementor-icon-list-text\">degam24@ukw.de <\/span>\n\t\t\t\t\t\t\t\t\t\t\t<\/a>\n\t\t\t\t\t\t\t\t\t<\/li>\n\t\t\t\t\t\t\t\t<li class=\"elementor-icon-list-item\">\n\t\t\t\t\t\t\t\t\t\t\t<a href=\"https:\/\/www.allgemeinmedizin.uni-wuerzburg.de\/\">\n\n\t\t\t\t\t\t\t\t\t\t\t\t<span class=\"elementor-icon-list-icon\">\n\t\t\t\t\t\t\t<i aria-hidden=\"true\" class=\"fas fa-globe\"><\/i>\t\t\t\t\t\t<\/span>\n\t\t\t\t\t\t\t\t\t\t<span class=\"elementor-icon-list-text\">www.allgemeinmedizin.uni-wuerzburg.de<\/span>\n\t\t\t\t\t\t\t\t\t\t\t<\/a>\n\t\t\t\t\t\t\t\t\t<\/li>\n\t\t\t\t\t\t<\/ul>\n\t\t\t\t\t\t<\/div>\n\t\t\t\t<\/div>\n\t\t\t\t<\/div>\n\t\t\t\t\t<\/div>\n\t\t\t\t<\/div>\n\t\t<div class=\"elementor-element elementor-element-4785495 e-flex e-con-boxed elementor-repeater-item-default_padding sk-none elementor-repeater-item-none elementor-repeater-item-none_hover e-con e-parent\" data-id=\"4785495\" data-element_type=\"container\" data-settings=\"{&quot;background_background&quot;:&quot;classic&quot;,&quot;ang_container_spacing_size&quot;:&quot;default_padding&quot;}\">\n\t\t\t\t\t<div class=\"e-con-inner\">\n\t\t<div class=\"elementor-element elementor-element-1391450 e-con-full e-flex elementor-repeater-item-default_padding elementor-repeater-item-none elementor-repeater-item-none_hover e-con e-child\" data-id=\"1391450\" data-element_type=\"container\" data-settings=\"{&quot;ang_container_spacing_size&quot;:&quot;default_padding&quot;}\">\n\t\t\t\t<div class=\"elementor-element elementor-element-3de627a elementor-repeater-item-none elementor-repeater-item-none_hover elementor-widget elementor-widget-heading\" data-id=\"3de627a\" data-element_type=\"widget\" data-widget_type=\"heading.default\">\n\t\t\t\t<div class=\"elementor-widget-container\">\n\t\t\t\t\t<h2 class=\"elementor-heading-title elementor-size-default\">Veranstaltungs&amp;shyagentur<\/h2>\t\t\t\t<\/div>\n\t\t\t\t<\/div>\n\t\t\t\t<\/div>\n\t\t<div class=\"elementor-element elementor-element-b252d7a e-con-full e-flex elementor-repeater-item-default_padding elementor-repeater-item-none elementor-repeater-item-none_hover e-con e-child\" data-id=\"b252d7a\" data-element_type=\"container\" data-settings=\"{&quot;ang_container_spacing_size&quot;:&quot;default_padding&quot;}\">\n\t\t\t\t<div class=\"elementor-element elementor-element-859d0ec external_elementor-repeater-item-none_external elementor-repeater-item-none elementor-repeater-item-none_hover elementor-widget elementor-widget-image\" data-id=\"859d0ec\" data-element_type=\"widget\" data-widget_type=\"image.default\">\n\t\t\t\t<div class=\"elementor-widget-container\">\n\t\t\t\t\t\t\t\t\t\t\t\t\t\t\t<img decoding=\"async\" width=\"600\" height=\"190\" src=\"https:\/\/degam-kongress.de\/2024\/wp-content\/uploads\/Logo_Intercom.png\" class=\"attachment-full size-full wp-image-1980\" alt=\"\" srcset=\"https:\/\/degam-kongress.de\/2024\/wp-content\/uploads\/Logo_Intercom.png 600w, https:\/\/degam-kongress.de\/2024\/wp-content\/uploads\/Logo_Intercom-300x95.png 300w, https:\/\/degam-kongress.de\/2024\/wp-content\/uploads\/Logo_Intercom-150x48.png 150w\" sizes=\"(max-width: 600px) 100vw, 600px\" \/>\t\t\t\t\t\t\t\t\t\t\t\t\t\t\t<\/div>\n\t\t\t\t<\/div>\n\t\t\t\t<div class=\"elementor-element elementor-element-d6a4d69 elementor-repeater-item-none elementor-repeater-item-none_hover elementor-widget elementor-widget-text-editor\" data-id=\"d6a4d69\" data-element_type=\"widget\" data-widget_type=\"text-editor.default\">\n\t\t\t\t<div class=\"elementor-widget-container\">\n\t\t\t\t\t\t\t\t\t<p><strong>Intercom Dresden GmbH<\/strong><br \/><span>Zellescher Weg 3<\/span><br \/><span>01069 Dresden<\/span><\/p>\t\t\t\t\t\t\t\t<\/div>\n\t\t\t\t<\/div>\n\t\t\t\t<div class=\"elementor-element elementor-element-c210c87 elementor-repeater-item-none elementor-repeater-item-none_hover elementor-widget elementor-widget-text-editor\" data-id=\"c210c87\" data-element_type=\"widget\" data-widget_type=\"text-editor.default\">\n\t\t\t\t<div class=\"elementor-widget-container\">\n\t\t\t\t\t\t\t\t\t<p><strong>Katharina Henze<\/strong><\/p>\t\t\t\t\t\t\t\t<\/div>\n\t\t\t\t<\/div>\n\t\t\t\t<div class=\"elementor-element elementor-element-6667017 elementor-icon-list--layout-traditional elementor-list-item-link-full_width elementor-repeater-item-none elementor-repeater-item-none_hover elementor-widget elementor-widget-icon-list\" data-id=\"6667017\" data-element_type=\"widget\" data-widget_type=\"icon-list.default\">\n\t\t\t\t<div class=\"elementor-widget-container\">\n\t\t\t\t\t\t\t<ul class=\"elementor-icon-list-items\">\n\t\t\t\t\t\t\t<li class=\"elementor-icon-list-item\">\n\t\t\t\t\t\t\t\t\t\t\t<a href=\"tel:+4935132017370\">\n\n\t\t\t\t\t\t\t\t\t\t\t\t<span class=\"elementor-icon-list-icon\">\n\t\t\t\t\t\t\t<i aria-hidden=\"true\" class=\"fas fa-phone-alt\"><\/i>\t\t\t\t\t\t<\/span>\n\t\t\t\t\t\t\t\t\t\t<span class=\"elementor-icon-list-text\">+49 351 32017370<\/span>\n\t\t\t\t\t\t\t\t\t\t\t<\/a>\n\t\t\t\t\t\t\t\t\t<\/li>\n\t\t\t\t\t\t\t\t<li class=\"elementor-icon-list-item\">\n\t\t\t\t\t\t\t\t\t\t\t<a href=\"fax:+4935132017333\">\n\n\t\t\t\t\t\t\t\t\t\t\t\t<span class=\"elementor-icon-list-icon\">\n\t\t\t\t\t\t\t<i aria-hidden=\"true\" class=\"fas fa-fax\"><\/i>\t\t\t\t\t\t<\/span>\n\t\t\t\t\t\t\t\t\t\t<span class=\"elementor-icon-list-text\">+49 351 32017333<\/span>\n\t\t\t\t\t\t\t\t\t\t\t<\/a>\n\t\t\t\t\t\t\t\t\t<\/li>\n\t\t\t\t\t\t\t\t<li class=\"elementor-icon-list-item\">\n\t\t\t\t\t\t\t\t\t\t\t<a href=\"mailto:degam@intercom.de?subject=DEGAM%202024\">\n\n\t\t\t\t\t\t\t\t\t\t\t\t<span class=\"elementor-icon-list-icon\">\n\t\t\t\t\t\t\t<i aria-hidden=\"true\" class=\"fas fa-envelope\"><\/i>\t\t\t\t\t\t<\/span>\n\t\t\t\t\t\t\t\t\t\t<span class=\"elementor-icon-list-text\">degam@intercom.de<\/span>\n\t\t\t\t\t\t\t\t\t\t\t<\/a>\n\t\t\t\t\t\t\t\t\t<\/li>\n\t\t\t\t\t\t\t\t<li class=\"elementor-icon-list-item\">\n\t\t\t\t\t\t\t\t\t\t\t<a href=\"http:\/\/www.intercom-kongresse.de\" target=\"_blank\">\n\n\t\t\t\t\t\t\t\t\t\t\t\t<span class=\"elementor-icon-list-icon\">\n\t\t\t\t\t\t\t<i aria-hidden=\"true\" class=\"fas fa-globe\"><\/i>\t\t\t\t\t\t<\/span>\n\t\t\t\t\t\t\t\t\t\t<span class=\"elementor-icon-list-text\">www.intercom-kongresse.de<\/span>\n\t\t\t\t\t\t\t\t\t\t\t<\/a>\n\t\t\t\t\t\t\t\t\t<\/li>\n\t\t\t\t\t\t<\/ul>\n\t\t\t\t\t\t<\/div>\n\t\t\t\t<\/div>\n\t\t\t\t<\/div>\n\t\t\t\t\t<\/div>\n\t\t\t\t<\/div>\n\t\t\t\t<\/div>\n\t\t","protected":false},"excerpt":{"rendered":"<p>Kontakt Veranstalter Deutsche Gesellschaft f\u00fcr Allgemeinmedizin und FamilienmedizinDEGAM-Bundesgesch\u00e4ftsstelleSchumannstr. 910117 Berlin +49 30 209669800 geschaeftsstelle@degam.de presse@degam.de www.degam.de Veranstaltungs&#038;shyorganisation Institut f\u00fcr AllgemeinmedizinUniversit\u00e4tsklinikum W\u00fcrzburgJosef-Schneider-Stra\u00dfe 2 \/ Haus D797080 W\u00fcrzburg +49 931 20147802 degam24@ukw.de www.allgemeinmedizin.uni-wuerzburg.de Veranstaltungs&#038;shyagentur Intercom Dresden GmbHZellescher Weg 301069 Dresden Katharina Henze +49 351 32017370 +49 351 32017333 degam@intercom.de www.intercom-kongresse.de<\/p>\n","protected":false},"author":5,"featured_media":0,"parent":0,"menu_order":0,"comment_status":"closed","ping_status":"closed","template":"","meta":{"_acf_changed":false,"footnotes":""},"class_list":["post-523","page","type-page","status-publish","hentry"],"acf":[],"yoast_head":"<!-- This site is optimized with the Yoast SEO plugin v26.7 - https:\/\/yoast.com\/wordpress\/plugins\/seo\/ -->\n<title>Kontakt - DEGAM 2024<\/title>\n<meta name=\"robots\" content=\"index, follow, max-snippet:-1, max-image-preview:large, max-video-preview:-1\" \/>\n<link rel=\"canonical\" href=\"https:\/\/degam-kongress.de\/2024\/kontakt\/\" \/>\n<meta property=\"og:locale\" content=\"de_DE\" \/>\n<meta property=\"og:type\" content=\"article\" \/>\n<meta property=\"og:title\" content=\"Kontakt - DEGAM 2024\" \/>\n<meta property=\"og:description\" content=\"Kontakt Veranstalter Deutsche Gesellschaft f\u00fcr Allgemeinmedizin und FamilienmedizinDEGAM-Bundesgesch\u00e4ftsstelleSchumannstr. 910117 Berlin +49 30 209669800 geschaeftsstelle@degam.de presse@degam.de www.degam.de Veranstaltungs&#038;shyorganisation Institut f\u00fcr AllgemeinmedizinUniversit\u00e4tsklinikum W\u00fcrzburgJosef-Schneider-Stra\u00dfe 2 \/ Haus D797080 W\u00fcrzburg +49 931 20147802 degam24@ukw.de www.allgemeinmedizin.uni-wuerzburg.de Veranstaltungs&#038;shyagentur Intercom Dresden GmbHZellescher Weg 301069 Dresden Katharina Henze +49 351 32017370 +49 351 32017333 degam@intercom.de www.intercom-kongresse.de\" \/>\n<meta property=\"og:url\" content=\"https:\/\/degam-kongress.de\/2024\/kontakt\/\" \/>\n<meta property=\"og:site_name\" content=\"DEGAM 2024\" \/>\n<meta property=\"article:modified_time\" content=\"2023-11-02T09:27:06+00:00\" \/>\n<meta property=\"og:image\" content=\"https:\/\/degam-kongress.de\/2024\/wp-content\/uploads\/DEGAM-Logo.svg\" \/>\n<meta name=\"twitter:card\" content=\"summary_large_image\" \/>\n<meta name=\"twitter:label1\" content=\"Gesch\u00e4tzte Lesezeit\" \/>\n\t<meta name=\"twitter:data1\" content=\"1\u00a0Minute\" \/>\n<script type=\"application\/ld+json\" class=\"yoast-schema-graph\">{\"@context\":\"https:\/\/schema.org\",\"@graph\":[{\"@type\":\"WebPage\",\"@id\":\"https:\/\/degam-kongress.de\/2024\/kontakt\/\",\"url\":\"https:\/\/degam-kongress.de\/2024\/kontakt\/\",\"name\":\"Kontakt - DEGAM 2024\",\"isPartOf\":{\"@id\":\"https:\/\/degam-kongress.de\/2024\/#website\"},\"primaryImageOfPage\":{\"@id\":\"https:\/\/degam-kongress.de\/2024\/kontakt\/#primaryimage\"},\"image\":{\"@id\":\"https:\/\/degam-kongress.de\/2024\/kontakt\/#primaryimage\"},\"thumbnailUrl\":\"https:\/\/degam-kongress.de\/2024\/wp-content\/uploads\/DEGAM-Logo.svg\",\"datePublished\":\"2020-11-27T12:47:08+00:00\",\"dateModified\":\"2023-11-02T09:27:06+00:00\",\"breadcrumb\":{\"@id\":\"https:\/\/degam-kongress.de\/2024\/kontakt\/#breadcrumb\"},\"inLanguage\":\"de\",\"potentialAction\":[{\"@type\":\"ReadAction\",\"target\":[\"https:\/\/degam-kongress.de\/2024\/kontakt\/\"]}]},{\"@type\":\"ImageObject\",\"inLanguage\":\"de\",\"@id\":\"https:\/\/degam-kongress.de\/2024\/kontakt\/#primaryimage\",\"url\":\"https:\/\/degam-kongress.de\/2024\/wp-content\/uploads\/DEGAM-Logo.svg\",\"contentUrl\":\"https:\/\/degam-kongress.de\/2024\/wp-content\/uploads\/DEGAM-Logo.svg\",\"width\":72,\"height\":83},{\"@type\":\"BreadcrumbList\",\"@id\":\"https:\/\/degam-kongress.de\/2024\/kontakt\/#breadcrumb\",\"itemListElement\":[{\"@type\":\"ListItem\",\"position\":1,\"name\":\"Startseite\",\"item\":\"https:\/\/degam-kongress.de\/2024\/\"},{\"@type\":\"ListItem\",\"position\":2,\"name\":\"Kontakt\"}]},{\"@type\":\"WebSite\",\"@id\":\"https:\/\/degam-kongress.de\/2024\/#website\",\"url\":\"https:\/\/degam-kongress.de\/2024\/\",\"name\":\"DEGAM 2024\",\"description\":\"58. Kongress f\u00fcr Allgemeinmedizin und Familienmedizin Neue Wege in die Allgemeinmedizin \u2013 Nachwuchs f\u00fcr Versorgung und Forschung begeistern\",\"potentialAction\":[{\"@type\":\"SearchAction\",\"target\":{\"@type\":\"EntryPoint\",\"urlTemplate\":\"https:\/\/degam-kongress.de\/2024\/?s={search_term_string}\"},\"query-input\":{\"@type\":\"PropertyValueSpecification\",\"valueRequired\":true,\"valueName\":\"search_term_string\"}}],\"inLanguage\":\"de\"}]}<\/script>\n<!-- \/ Yoast SEO plugin. -->","yoast_head_json":{"title":"Kontakt - DEGAM 2024","robots":{"index":"index","follow":"follow","max-snippet":"max-snippet:-1","max-image-preview":"max-image-preview:large","max-video-preview":"max-video-preview:-1"},"canonical":"https:\/\/degam-kongress.de\/2024\/kontakt\/","og_locale":"de_DE","og_type":"article","og_title":"Kontakt - DEGAM 2024","og_description":"Kontakt Veranstalter Deutsche Gesellschaft f\u00fcr Allgemeinmedizin und FamilienmedizinDEGAM-Bundesgesch\u00e4ftsstelleSchumannstr. 910117 Berlin +49 30 209669800 geschaeftsstelle@degam.de presse@degam.de www.degam.de Veranstaltungs&#038;shyorganisation Institut f\u00fcr AllgemeinmedizinUniversit\u00e4tsklinikum W\u00fcrzburgJosef-Schneider-Stra\u00dfe 2 \/ Haus D797080 W\u00fcrzburg +49 931 20147802 degam24@ukw.de www.allgemeinmedizin.uni-wuerzburg.de Veranstaltungs&#038;shyagentur Intercom Dresden GmbHZellescher Weg 301069 Dresden Katharina Henze +49 351 32017370 +49 351 32017333 degam@intercom.de www.intercom-kongresse.de","og_url":"https:\/\/degam-kongress.de\/2024\/kontakt\/","og_site_name":"DEGAM 2024","article_modified_time":"2023-11-02T09:27:06+00:00","og_image":[{"url":"https:\/\/degam-kongress.de\/2024\/wp-content\/uploads\/DEGAM-Logo.svg","type":"","width":"","height":""}],"twitter_card":"summary_large_image","twitter_misc":{"Gesch\u00e4tzte Lesezeit":"1\u00a0Minute"},"schema":{"@context":"https:\/\/schema.org","@graph":[{"@type":"WebPage","@id":"https:\/\/degam-kongress.de\/2024\/kontakt\/","url":"https:\/\/degam-kongress.de\/2024\/kontakt\/","name":"Kontakt - DEGAM 2024","isPartOf":{"@id":"https:\/\/degam-kongress.de\/2024\/#website"},"primaryImageOfPage":{"@id":"https:\/\/degam-kongress.de\/2024\/kontakt\/#primaryimage"},"image":{"@id":"https:\/\/degam-kongress.de\/2024\/kontakt\/#primaryimage"},"thumbnailUrl":"https:\/\/degam-kongress.de\/2024\/wp-content\/uploads\/DEGAM-Logo.svg","datePublished":"2020-11-27T12:47:08+00:00","dateModified":"2023-11-02T09:27:06+00:00","breadcrumb":{"@id":"https:\/\/degam-kongress.de\/2024\/kontakt\/#breadcrumb"},"inLanguage":"de","potentialAction":[{"@type":"ReadAction","target":["https:\/\/degam-kongress.de\/2024\/kontakt\/"]}]},{"@type":"ImageObject","inLanguage":"de","@id":"https:\/\/degam-kongress.de\/2024\/kontakt\/#primaryimage","url":"https:\/\/degam-kongress.de\/2024\/wp-content\/uploads\/DEGAM-Logo.svg","contentUrl":"https:\/\/degam-kongress.de\/2024\/wp-content\/uploads\/DEGAM-Logo.svg","width":72,"height":83},{"@type":"BreadcrumbList","@id":"https:\/\/degam-kongress.de\/2024\/kontakt\/#breadcrumb","itemListElement":[{"@type":"ListItem","position":1,"name":"Startseite","item":"https:\/\/degam-kongress.de\/2024\/"},{"@type":"ListItem","position":2,"name":"Kontakt"}]},{"@type":"WebSite","@id":"https:\/\/degam-kongress.de\/2024\/#website","url":"https:\/\/degam-kongress.de\/2024\/","name":"DEGAM 2024","description":"58. Kongress f\u00fcr Allgemeinmedizin und Familienmedizin Neue Wege in die Allgemeinmedizin \u2013 Nachwuchs f\u00fcr Versorgung und Forschung begeistern","potentialAction":[{"@type":"SearchAction","target":{"@type":"EntryPoint","urlTemplate":"https:\/\/degam-kongress.de\/2024\/?s={search_term_string}"},"query-input":{"@type":"PropertyValueSpecification","valueRequired":true,"valueName":"search_term_string"}}],"inLanguage":"de"}]}},"_links":{"self":[{"href":"https:\/\/degam-kongress.de\/2024\/wp-json\/wp\/v2\/pages\/523","targetHints":{"allow":["GET"]}}],"collection":[{"href":"https:\/\/degam-kongress.de\/2024\/wp-json\/wp\/v2\/pages"}],"about":[{"href":"https:\/\/degam-kongress.de\/2024\/wp-json\/wp\/v2\/types\/page"}],"author":[{"embeddable":true,"href":"https:\/\/degam-kongress.de\/2024\/wp-json\/wp\/v2\/users\/5"}],"replies":[{"embeddable":true,"href":"https:\/\/degam-kongress.de\/2024\/wp-json\/wp\/v2\/comments?post=523"}],"version-history":[{"count":0,"href":"https:\/\/degam-kongress.de\/2024\/wp-json\/wp\/v2\/pages\/523\/revisions"}],"wp:attachment":[{"href":"https:\/\/degam-kongress.de\/2024\/wp-json\/wp\/v2\/media?parent=523"}],"curies":[{"name":"wp","href":"https:\/\/api.w.org\/{rel}","templated":true}]}}