{"id":823,"date":"2020-12-07T15:08:18","date_gmt":"2020-12-07T14:08:18","guid":{"rendered":"https:\/\/degam-kongress.de\/2024\/?page_id=823"},"modified":"2024-04-02T13:04:31","modified_gmt":"2024-04-02T11:04:31","slug":"anreise","status":"publish","type":"page","link":"https:\/\/degam-kongress.de\/2024\/veranstaltungsort\/anreise\/","title":{"rendered":"Anreise"},"content":{"rendered":"\t\t<div data-elementor-type=\"wp-page\" data-elementor-id=\"823\" class=\"elementor elementor-823\" data-elementor-post-type=\"page\">\n\t\t\t\t<div class=\"elementor-element elementor-element-7fa83cd e-flex e-con-boxed elementor-repeater-item-default_padding elementor-repeater-item-none elementor-repeater-item-none_hover e-con e-parent\" data-id=\"7fa83cd\" data-element_type=\"container\" data-settings=\"{&quot;ang_container_spacing_size&quot;:&quot;default_padding&quot;}\">\n\t\t\t\t\t<div class=\"e-con-inner\">\n\t\t\t\t<div class=\"elementor-element elementor-element-9cf4cda elementor-repeater-item-none elementor-repeater-item-none_hover elementor-widget elementor-widget-heading\" data-id=\"9cf4cda\" data-element_type=\"widget\" data-widget_type=\"heading.default\">\n\t\t\t\t<div class=\"elementor-widget-container\">\n\t\t\t\t\t<h2 class=\"elementor-heading-title elementor-size-default\">Anreise<\/h2>\t\t\t\t<\/div>\n\t\t\t\t<\/div>\n\t\t\t\t\t<\/div>\n\t\t\t\t<\/div>\n\t\t<div class=\"elementor-element elementor-element-108f033 e-flex e-con-boxed elementor-repeater-item-default_padding elementor-repeater-item-none elementor-repeater-item-none_hover e-con e-parent\" data-id=\"108f033\" data-element_type=\"container\" data-settings=\"{&quot;ang_container_spacing_size&quot;:&quot;default_padding&quot;}\">\n\t\t\t\t\t<div class=\"e-con-inner\">\n\t\t<div class=\"elementor-element elementor-element-9554b63 e-con-full e-flex elementor-repeater-item-default_padding sk-none elementor-repeater-item-none elementor-repeater-item-none_hover e-con e-child\" data-id=\"9554b63\" data-element_type=\"container\" data-settings=\"{&quot;background_background&quot;:&quot;classic&quot;,&quot;ang_container_spacing_size&quot;:&quot;default_padding&quot;}\">\n\t\t<div class=\"elementor-element elementor-element-5cef89f e-flex e-con-boxed elementor-repeater-item-default_padding elementor-repeater-item-none elementor-repeater-item-none_hover e-con e-child\" data-id=\"5cef89f\" data-element_type=\"container\" data-settings=\"{&quot;ang_container_spacing_size&quot;:&quot;default_padding&quot;}\">\n\t\t\t\t\t<div class=\"e-con-inner\">\n\t\t\t\t<div class=\"elementor-element elementor-element-32c05e5 elementor-view-default elementor-repeater-item-none elementor-repeater-item-none_hover elementor-widget elementor-widget-icon\" data-id=\"32c05e5\" data-element_type=\"widget\" data-widget_type=\"icon.default\">\n\t\t\t\t<div class=\"elementor-widget-container\">\n\t\t\t\t\t\t\t<div class=\"elementor-icon-wrapper\">\n\t\t\t<div class=\"elementor-icon\">\n\t\t\t<i aria-hidden=\"true\" class=\"fas fa-car-side\"><\/i>\t\t\t<\/div>\n\t\t<\/div>\n\t\t\t\t\t\t<\/div>\n\t\t\t\t<\/div>\n\t\t\t\t<div class=\"elementor-element elementor-element-e5bc41c elementor-repeater-item-none elementor-repeater-item-none_hover elementor-widget elementor-widget-heading\" data-id=\"e5bc41c\" data-element_type=\"widget\" data-widget_type=\"heading.default\">\n\t\t\t\t<div class=\"elementor-widget-container\">\n\t\t\t\t\t<h3 class=\"elementor-heading-title elementor-size-default\">Mit dem Auto<\/h3>\t\t\t\t<\/div>\n\t\t\t\t<\/div>\n\t\t\t\t\t<\/div>\n\t\t\t\t<\/div>\n\t\t\t\t<div class=\"elementor-element elementor-element-4d75635 elementor-repeater-item-none elementor-repeater-item-none_hover elementor-widget elementor-widget-text-editor\" data-id=\"4d75635\" data-element_type=\"widget\" data-widget_type=\"text-editor.default\">\n\t\t\t\t<div class=\"elementor-widget-container\">\n\t\t\t\t\t\t\t\t\t<p>W\u00fcrzburg liegt im Mittelpunkt wichtiger Hauptverkehrswege: Autobahnschnittpunkt von A3 K\u00f6ln-W\u00fcrzburg-M\u00fcnchen, von A7 Hannover-W\u00fcrzburg-Ulm und A81 Stuttgart-Heilbronn-W\u00fcrzburg.<\/p>\t\t\t\t\t\t\t\t<\/div>\n\t\t\t\t<\/div>\n\t\t\t\t<\/div>\n\t\t<div class=\"elementor-element elementor-element-0c69b7e e-con-full e-flex elementor-repeater-item-default_padding sk-none elementor-repeater-item-none elementor-repeater-item-none_hover e-con e-child\" data-id=\"0c69b7e\" data-element_type=\"container\" data-settings=\"{&quot;background_background&quot;:&quot;classic&quot;,&quot;ang_container_spacing_size&quot;:&quot;default_padding&quot;}\">\n\t\t<div class=\"elementor-element elementor-element-771e28d e-flex e-con-boxed elementor-repeater-item-default_padding elementor-repeater-item-none elementor-repeater-item-none_hover e-con e-child\" data-id=\"771e28d\" data-element_type=\"container\" data-settings=\"{&quot;ang_container_spacing_size&quot;:&quot;default_padding&quot;}\">\n\t\t\t\t\t<div class=\"e-con-inner\">\n\t\t\t\t<div class=\"elementor-element elementor-element-7cc02fb elementor-view-default elementor-repeater-item-none elementor-repeater-item-none_hover elementor-widget elementor-widget-icon\" data-id=\"7cc02fb\" data-element_type=\"widget\" data-widget_type=\"icon.default\">\n\t\t\t\t<div class=\"elementor-widget-container\">\n\t\t\t\t\t\t\t<div class=\"elementor-icon-wrapper\">\n\t\t\t<div class=\"elementor-icon\">\n\t\t\t<i aria-hidden=\"true\" class=\"fas fa-train\"><\/i>\t\t\t<\/div>\n\t\t<\/div>\n\t\t\t\t\t\t<\/div>\n\t\t\t\t<\/div>\n\t\t\t\t<div class=\"elementor-element elementor-element-9eebd29 elementor-repeater-item-none elementor-repeater-item-none_hover elementor-widget elementor-widget-heading\" data-id=\"9eebd29\" data-element_type=\"widget\" data-widget_type=\"heading.default\">\n\t\t\t\t<div class=\"elementor-widget-container\">\n\t\t\t\t\t<h3 class=\"elementor-heading-title elementor-size-default\">Mit dem Zug<\/h3>\t\t\t\t<\/div>\n\t\t\t\t<\/div>\n\t\t\t\t\t<\/div>\n\t\t\t\t<\/div>\n\t\t\t\t<div class=\"elementor-element elementor-element-fb78e3a elementor-repeater-item-none elementor-repeater-item-none_hover elementor-widget elementor-widget-text-editor\" data-id=\"fb78e3a\" data-element_type=\"widget\" data-widget_type=\"text-editor.default\">\n\t\t\t\t<div class=\"elementor-widget-container\">\n\t\t\t\t\t\t\t\t\t<p>Als ICE-Knotenpunkt verf\u00fcgt W\u00fcrzburg \u00fcber hervorragende Bahnverbindungen. Vom W\u00fcrzburger Hauptbahnhof sind Sie in wenigen Minuten in der Innenstadt.<\/p><p>Informationen zum Veranstaltungsticket der Deutschen Bahn finden Sie <a href=\"https:\/\/degam-kongress.de\/2024\/veranstaltungsort\/veranstaltungsticket-deutsche-bahn\/\">HIER<\/a>.<\/p>\t\t\t\t\t\t\t\t<\/div>\n\t\t\t\t<\/div>\n\t\t\t\t<\/div>\n\t\t<div class=\"elementor-element elementor-element-a740015 e-con-full e-flex elementor-repeater-item-default_padding sk-none elementor-repeater-item-none elementor-repeater-item-none_hover e-con e-child\" data-id=\"a740015\" data-element_type=\"container\" data-settings=\"{&quot;background_background&quot;:&quot;classic&quot;,&quot;ang_container_spacing_size&quot;:&quot;default_padding&quot;}\">\n\t\t<div class=\"elementor-element elementor-element-a1ae072 e-flex e-con-boxed elementor-repeater-item-default_padding elementor-repeater-item-none elementor-repeater-item-none_hover e-con e-child\" data-id=\"a1ae072\" data-element_type=\"container\" data-settings=\"{&quot;ang_container_spacing_size&quot;:&quot;default_padding&quot;}\">\n\t\t\t\t\t<div class=\"e-con-inner\">\n\t\t\t\t<div class=\"elementor-element elementor-element-8af3764 elementor-view-default elementor-repeater-item-none elementor-repeater-item-none_hover elementor-widget elementor-widget-icon\" data-id=\"8af3764\" data-element_type=\"widget\" data-widget_type=\"icon.default\">\n\t\t\t\t<div class=\"elementor-widget-container\">\n\t\t\t\t\t\t\t<div class=\"elementor-icon-wrapper\">\n\t\t\t<div class=\"elementor-icon\">\n\t\t\t<i aria-hidden=\"true\" class=\"fas fa-bus\"><\/i>\t\t\t<\/div>\n\t\t<\/div>\n\t\t\t\t\t\t<\/div>\n\t\t\t\t<\/div>\n\t\t\t\t<div class=\"elementor-element elementor-element-7ba9d58 elementor-repeater-item-none elementor-repeater-item-none_hover elementor-widget elementor-widget-heading\" data-id=\"7ba9d58\" data-element_type=\"widget\" data-widget_type=\"heading.default\">\n\t\t\t\t<div class=\"elementor-widget-container\">\n\t\t\t\t\t<h3 class=\"elementor-heading-title elementor-size-default\">Mit dem Fernbus<\/h3>\t\t\t\t<\/div>\n\t\t\t\t<\/div>\n\t\t\t\t\t<\/div>\n\t\t\t\t<\/div>\n\t\t\t\t<div class=\"elementor-element elementor-element-d0293e3 elementor-repeater-item-none elementor-repeater-item-none_hover elementor-widget elementor-widget-text-editor\" data-id=\"d0293e3\" data-element_type=\"widget\" data-widget_type=\"text-editor.default\">\n\t\t\t\t<div class=\"elementor-widget-container\">\n\t\t\t\t\t\t\t\t\t<p>W\u00fcrzburg ist bequem und kosteng\u00fcnstig mit verschiedenen Fernbuslinien erreichbar. Es bestehen aktuell mehrere Direktverbindungen, u.a. von und nach Berlin, Frankfurt, Freiburg, K\u00f6ln, M\u00fcnchen und Rostock-Warnem\u00fcnde.<\/p>\t\t\t\t\t\t\t\t<\/div>\n\t\t\t\t<\/div>\n\t\t\t\t<\/div>\n\t\t<div class=\"elementor-element elementor-element-3e06632 e-con-full e-flex elementor-repeater-item-default_padding sk-none elementor-repeater-item-none elementor-repeater-item-none_hover e-con e-child\" data-id=\"3e06632\" data-element_type=\"container\" data-settings=\"{&quot;background_background&quot;:&quot;classic&quot;,&quot;ang_container_spacing_size&quot;:&quot;default_padding&quot;}\">\n\t\t<div class=\"elementor-element elementor-element-63058ba e-flex e-con-boxed elementor-repeater-item-default_padding elementor-repeater-item-none elementor-repeater-item-none_hover e-con e-child\" data-id=\"63058ba\" data-element_type=\"container\" data-settings=\"{&quot;ang_container_spacing_size&quot;:&quot;default_padding&quot;}\">\n\t\t\t\t\t<div class=\"e-con-inner\">\n\t\t\t\t<div class=\"elementor-element elementor-element-beb1008 elementor-view-default elementor-repeater-item-none elementor-repeater-item-none_hover elementor-widget elementor-widget-icon\" data-id=\"beb1008\" data-element_type=\"widget\" data-widget_type=\"icon.default\">\n\t\t\t\t<div class=\"elementor-widget-container\">\n\t\t\t\t\t\t\t<div class=\"elementor-icon-wrapper\">\n\t\t\t<div class=\"elementor-icon\">\n\t\t\t<i aria-hidden=\"true\" class=\"fas fa-plane\"><\/i>\t\t\t<\/div>\n\t\t<\/div>\n\t\t\t\t\t\t<\/div>\n\t\t\t\t<\/div>\n\t\t\t\t<div class=\"elementor-element elementor-element-087d9b9 elementor-repeater-item-none elementor-repeater-item-none_hover elementor-widget elementor-widget-heading\" data-id=\"087d9b9\" data-element_type=\"widget\" data-widget_type=\"heading.default\">\n\t\t\t\t<div class=\"elementor-widget-container\">\n\t\t\t\t\t<h3 class=\"elementor-heading-title elementor-size-default\">Mit dem Flugzeug<\/h3>\t\t\t\t<\/div>\n\t\t\t\t<\/div>\n\t\t\t\t\t<\/div>\n\t\t\t\t<\/div>\n\t\t\t\t<div class=\"elementor-element elementor-element-92870a3 elementor-repeater-item-none elementor-repeater-item-none_hover elementor-widget elementor-widget-text-editor\" data-id=\"92870a3\" data-element_type=\"widget\" data-widget_type=\"text-editor.default\">\n\t\t\t\t<div class=\"elementor-widget-container\">\n\t\t\t\t\t\t\t\t\t<p>Im Umkreis von rund 150 km befinden sich drei internationale Flugh\u00e4fen.<\/p><ul><li>N\u00fcrnberg Flughafen: 110 km<\/li><li>Frankfurt\/Main Flughafen: 120 km<\/li><li>Stuttgart Flughafen: 165 km<\/li><\/ul><p>Zum Rhein-Main-Flughafen Frankfurt besteht eine st\u00fcndliche ICE-Direktverbindung (90 Minuten Fahrzeit), der Flughafen N\u00fcrnberg ist per Bahn und PKW in gut einer Stunde erreicht.<\/p>\t\t\t\t\t\t\t\t<\/div>\n\t\t\t\t<\/div>\n\t\t\t\t<\/div>\n\t\t\t\t\t<\/div>\n\t\t\t\t<\/div>\n\t\t\t\t<\/div>\n\t\t","protected":false},"excerpt":{"rendered":"<p>Anreise Mit dem Auto W\u00fcrzburg liegt im Mittelpunkt wichtiger Hauptverkehrswege: Autobahnschnittpunkt von A3 K\u00f6ln-W\u00fcrzburg-M\u00fcnchen, von A7 Hannover-W\u00fcrzburg-Ulm und A81 Stuttgart-Heilbronn-W\u00fcrzburg. Mit dem Zug Als ICE-Knotenpunkt verf\u00fcgt W\u00fcrzburg \u00fcber hervorragende Bahnverbindungen. Vom W\u00fcrzburger Hauptbahnhof sind Sie in wenigen Minuten in der Innenstadt. Informationen zum Veranstaltungsticket der Deutschen Bahn finden Sie HIER. Mit dem Fernbus W\u00fcrzburg ist [&hellip;]<\/p>\n","protected":false},"author":5,"featured_media":0,"parent":491,"menu_order":1,"comment_status":"closed","ping_status":"closed","template":"","meta":{"_acf_changed":false,"footnotes":""},"class_list":["post-823","page","type-page","status-publish","hentry"],"acf":[],"yoast_head":"<!-- This site is optimized with the Yoast SEO plugin v26.7 - https:\/\/yoast.com\/wordpress\/plugins\/seo\/ -->\n<title>Anreise - DEGAM 2024<\/title>\n<meta name=\"robots\" content=\"index, follow, max-snippet:-1, max-image-preview:large, max-video-preview:-1\" \/>\n<link rel=\"canonical\" href=\"https:\/\/degam-kongress.de\/2024\/veranstaltungsort\/anreise\/\" \/>\n<meta property=\"og:locale\" content=\"de_DE\" \/>\n<meta property=\"og:type\" content=\"article\" \/>\n<meta property=\"og:title\" content=\"Anreise - DEGAM 2024\" \/>\n<meta property=\"og:description\" content=\"Anreise Mit dem Auto W\u00fcrzburg liegt im Mittelpunkt wichtiger Hauptverkehrswege: Autobahnschnittpunkt von A3 K\u00f6ln-W\u00fcrzburg-M\u00fcnchen, von A7 Hannover-W\u00fcrzburg-Ulm und A81 Stuttgart-Heilbronn-W\u00fcrzburg. Mit dem Zug Als ICE-Knotenpunkt verf\u00fcgt W\u00fcrzburg \u00fcber hervorragende Bahnverbindungen. Vom W\u00fcrzburger Hauptbahnhof sind Sie in wenigen Minuten in der Innenstadt. Informationen zum Veranstaltungsticket der Deutschen Bahn finden Sie HIER. Mit dem Fernbus W\u00fcrzburg ist [&hellip;]\" \/>\n<meta property=\"og:url\" content=\"https:\/\/degam-kongress.de\/2024\/veranstaltungsort\/anreise\/\" \/>\n<meta property=\"og:site_name\" content=\"DEGAM 2024\" \/>\n<meta property=\"article:modified_time\" content=\"2024-04-02T11:04:31+00:00\" \/>\n<meta name=\"twitter:card\" content=\"summary_large_image\" \/>\n<meta name=\"twitter:label1\" content=\"Gesch\u00e4tzte Lesezeit\" \/>\n\t<meta name=\"twitter:data1\" content=\"1\u00a0Minute\" \/>\n<script type=\"application\/ld+json\" class=\"yoast-schema-graph\">{\"@context\":\"https:\/\/schema.org\",\"@graph\":[{\"@type\":\"WebPage\",\"@id\":\"https:\/\/degam-kongress.de\/2024\/veranstaltungsort\/anreise\/\",\"url\":\"https:\/\/degam-kongress.de\/2024\/veranstaltungsort\/anreise\/\",\"name\":\"Anreise - DEGAM 2024\",\"isPartOf\":{\"@id\":\"https:\/\/degam-kongress.de\/2024\/#website\"},\"datePublished\":\"2020-12-07T14:08:18+00:00\",\"dateModified\":\"2024-04-02T11:04:31+00:00\",\"breadcrumb\":{\"@id\":\"https:\/\/degam-kongress.de\/2024\/veranstaltungsort\/anreise\/#breadcrumb\"},\"inLanguage\":\"de\",\"potentialAction\":[{\"@type\":\"ReadAction\",\"target\":[\"https:\/\/degam-kongress.de\/2024\/veranstaltungsort\/anreise\/\"]}]},{\"@type\":\"BreadcrumbList\",\"@id\":\"https:\/\/degam-kongress.de\/2024\/veranstaltungsort\/anreise\/#breadcrumb\",\"itemListElement\":[{\"@type\":\"ListItem\",\"position\":1,\"name\":\"Startseite\",\"item\":\"https:\/\/degam-kongress.de\/2024\/\"},{\"@type\":\"ListItem\",\"position\":2,\"name\":\"Veranstaltungsort\",\"item\":\"https:\/\/degam-kongress.de\/2024\/veranstaltungsort\/\"},{\"@type\":\"ListItem\",\"position\":3,\"name\":\"Anreise\"}]},{\"@type\":\"WebSite\",\"@id\":\"https:\/\/degam-kongress.de\/2024\/#website\",\"url\":\"https:\/\/degam-kongress.de\/2024\/\",\"name\":\"DEGAM 2024\",\"description\":\"58. Kongress f\u00fcr Allgemeinmedizin und Familienmedizin Neue Wege in die Allgemeinmedizin \u2013 Nachwuchs f\u00fcr Versorgung und Forschung begeistern\",\"potentialAction\":[{\"@type\":\"SearchAction\",\"target\":{\"@type\":\"EntryPoint\",\"urlTemplate\":\"https:\/\/degam-kongress.de\/2024\/?s={search_term_string}\"},\"query-input\":{\"@type\":\"PropertyValueSpecification\",\"valueRequired\":true,\"valueName\":\"search_term_string\"}}],\"inLanguage\":\"de\"}]}<\/script>\n<!-- \/ Yoast SEO plugin. -->","yoast_head_json":{"title":"Anreise - DEGAM 2024","robots":{"index":"index","follow":"follow","max-snippet":"max-snippet:-1","max-image-preview":"max-image-preview:large","max-video-preview":"max-video-preview:-1"},"canonical":"https:\/\/degam-kongress.de\/2024\/veranstaltungsort\/anreise\/","og_locale":"de_DE","og_type":"article","og_title":"Anreise - DEGAM 2024","og_description":"Anreise Mit dem Auto W\u00fcrzburg liegt im Mittelpunkt wichtiger Hauptverkehrswege: Autobahnschnittpunkt von A3 K\u00f6ln-W\u00fcrzburg-M\u00fcnchen, von A7 Hannover-W\u00fcrzburg-Ulm und A81 Stuttgart-Heilbronn-W\u00fcrzburg. Mit dem Zug Als ICE-Knotenpunkt verf\u00fcgt W\u00fcrzburg \u00fcber hervorragende Bahnverbindungen. Vom W\u00fcrzburger Hauptbahnhof sind Sie in wenigen Minuten in der Innenstadt. Informationen zum Veranstaltungsticket der Deutschen Bahn finden Sie HIER. Mit dem Fernbus W\u00fcrzburg ist [&hellip;]","og_url":"https:\/\/degam-kongress.de\/2024\/veranstaltungsort\/anreise\/","og_site_name":"DEGAM 2024","article_modified_time":"2024-04-02T11:04:31+00:00","twitter_card":"summary_large_image","twitter_misc":{"Gesch\u00e4tzte Lesezeit":"1\u00a0Minute"},"schema":{"@context":"https:\/\/schema.org","@graph":[{"@type":"WebPage","@id":"https:\/\/degam-kongress.de\/2024\/veranstaltungsort\/anreise\/","url":"https:\/\/degam-kongress.de\/2024\/veranstaltungsort\/anreise\/","name":"Anreise - DEGAM 2024","isPartOf":{"@id":"https:\/\/degam-kongress.de\/2024\/#website"},"datePublished":"2020-12-07T14:08:18+00:00","dateModified":"2024-04-02T11:04:31+00:00","breadcrumb":{"@id":"https:\/\/degam-kongress.de\/2024\/veranstaltungsort\/anreise\/#breadcrumb"},"inLanguage":"de","potentialAction":[{"@type":"ReadAction","target":["https:\/\/degam-kongress.de\/2024\/veranstaltungsort\/anreise\/"]}]},{"@type":"BreadcrumbList","@id":"https:\/\/degam-kongress.de\/2024\/veranstaltungsort\/anreise\/#breadcrumb","itemListElement":[{"@type":"ListItem","position":1,"name":"Startseite","item":"https:\/\/degam-kongress.de\/2024\/"},{"@type":"ListItem","position":2,"name":"Veranstaltungsort","item":"https:\/\/degam-kongress.de\/2024\/veranstaltungsort\/"},{"@type":"ListItem","position":3,"name":"Anreise"}]},{"@type":"WebSite","@id":"https:\/\/degam-kongress.de\/2024\/#website","url":"https:\/\/degam-kongress.de\/2024\/","name":"DEGAM 2024","description":"58. Kongress f\u00fcr Allgemeinmedizin und Familienmedizin Neue Wege in die Allgemeinmedizin \u2013 Nachwuchs f\u00fcr Versorgung und Forschung begeistern","potentialAction":[{"@type":"SearchAction","target":{"@type":"EntryPoint","urlTemplate":"https:\/\/degam-kongress.de\/2024\/?s={search_term_string}"},"query-input":{"@type":"PropertyValueSpecification","valueRequired":true,"valueName":"search_term_string"}}],"inLanguage":"de"}]}},"_links":{"self":[{"href":"https:\/\/degam-kongress.de\/2024\/wp-json\/wp\/v2\/pages\/823","targetHints":{"allow":["GET"]}}],"collection":[{"href":"https:\/\/degam-kongress.de\/2024\/wp-json\/wp\/v2\/pages"}],"about":[{"href":"https:\/\/degam-kongress.de\/2024\/wp-json\/wp\/v2\/types\/page"}],"author":[{"embeddable":true,"href":"https:\/\/degam-kongress.de\/2024\/wp-json\/wp\/v2\/users\/5"}],"replies":[{"embeddable":true,"href":"https:\/\/degam-kongress.de\/2024\/wp-json\/wp\/v2\/comments?post=823"}],"version-history":[{"count":3,"href":"https:\/\/degam-kongress.de\/2024\/wp-json\/wp\/v2\/pages\/823\/revisions"}],"predecessor-version":[{"id":4428,"href":"https:\/\/degam-kongress.de\/2024\/wp-json\/wp\/v2\/pages\/823\/revisions\/4428"}],"up":[{"embeddable":true,"href":"https:\/\/degam-kongress.de\/2024\/wp-json\/wp\/v2\/pages\/491"}],"wp:attachment":[{"href":"https:\/\/degam-kongress.de\/2024\/wp-json\/wp\/v2\/media?parent=823"}],"curies":[{"name":"wp","href":"https:\/\/api.w.org\/{rel}","templated":true}]}}